{"id":969,"date":"2024-07-18T15:21:50","date_gmt":"2024-07-18T12:21:50","guid":{"rendered":"https:\/\/evenos.com.tr\/water-extinguishing-systems\/water-mist-extinguishing-system\/"},"modified":"2025-05-12T14:24:07","modified_gmt":"2025-05-12T11:24:07","slug":"water-mist-systems","status":"publish","type":"page","link":"https:\/\/evenos.com.tr\/en\/water-mist-systems","title":{"rendered":"Water Mist System"},"content":{"rendered":"<style>.elementor-969 .elementor-element.elementor-element-e4090e4{--display:flex;--flex-direction:row;--container-widget-width:initial;--container-widget-height:100%;--container-widget-flex-grow:1;--container-widget-align-self:stretch;--flex-wrap-mobile:wrap;--gap:0px 0px;--row-gap:0px;--column-gap:0px;}.elementor-969 .elementor-element.elementor-element-9587296{--display:flex;--flex-direction:column;--container-widget-width:100%;--container-widget-height:initial;--container-widget-flex-grow:0;--container-widget-align-self:initial;--flex-wrap-mobile:wrap;}.elementor-969 .elementor-element.elementor-element-9587296.e-con{--flex-grow:0;--flex-shrink:0;}.elementor-969 .elementor-element.elementor-element-0715bae{--display:flex;--flex-direction:column;--container-widget-width:100%;--container-widget-height:initial;--container-widget-flex-grow:0;--container-widget-align-self:initial;--flex-wrap-mobile:wrap;}.elementor-969 .elementor-element.elementor-element-0715bae.e-con{--flex-grow:0;--flex-shrink:0;}.elementor-widget-image .widget-image-caption{font-family:var( --e-global-typography-text-font-family ), Sans-serif;font-size:var( --e-global-typography-text-font-size );font-weight:var( --e-global-typography-text-font-weight );line-height:var( --e-global-typography-text-line-height );}.elementor-widget-text-editor{font-family:var( --e-global-typography-text-font-family ), Sans-serif;font-size:var( --e-global-typography-text-font-size );font-weight:var( --e-global-typography-text-font-weight );line-height:var( --e-global-typography-text-line-height );}.elementor-969 .elementor-element.elementor-element-7f6310a .jeg-elementor-kit.jkit-button{text-align:left;}.elementor-969 .elementor-element.elementor-element-7f6310a .jeg-elementor-kit.jkit-button .jkit-button-wrapper{color:#FFFFFF;background-color:var( --e-global-color-accent );}.elementor-969 .elementor-element.elementor-element-7f6310a .jeg-elementor-kit.jkit-button .jkit-button-wrapper svg{fill:#FFFFFF;}.elementor-969 .elementor-element.elementor-element-7f6310a .jeg-elementor-kit.jkit-button .jkit-button-wrapper:not(.hover-gradient):hover, .elementor-969 .elementor-element.elementor-element-7f6310a .jeg-elementor-kit.jkit-button .jkit-button-wrapper.hover-gradient:before{background-color:var( --e-global-color-primary );}.elementor-969 .elementor-element.elementor-element-7f6310a .jeg-elementor-kit.jkit-button.icon-position-before .jkit-button-wrapper i, .elementor-969 .elementor-element.elementor-element-7f6310a .jeg-elementor-kit.jkit-button.icon-position-before .jkit-button-wrapper svg{margin-right:5px;}.elementor-969 .elementor-element.elementor-element-7f6310a .jeg-elementor-kit.jkit-button.icon-position-after .jkit-button-wrapper i, .elementor-969 .elementor-element.elementor-element-7f6310a .jeg-elementor-kit.jkit-button.icon-position-after .jkit-button-wrapper svg{margin-left:5px;}@media(min-width:768px){.elementor-969 .elementor-element.elementor-element-9587296{--width:26.295%;}.elementor-969 .elementor-element.elementor-element-0715bae{--width:76.388%;}}@media(max-width:1024px){.elementor-widget-image .widget-image-caption{font-size:var( --e-global-typography-text-font-size );line-height:var( --e-global-typography-text-line-height );}.elementor-widget-text-editor{font-size:var( --e-global-typography-text-font-size );line-height:var( --e-global-typography-text-line-height );}}@media(max-width:767px){.elementor-widget-image .widget-image-caption{font-size:var( --e-global-typography-text-font-size );line-height:var( --e-global-typography-text-line-height );}.elementor-widget-text-editor{font-size:var( --e-global-typography-text-font-size );line-height:var( --e-global-typography-text-line-height );}}<\/style>\t\t<div data-elementor-type=\"wp-page\" data-elementor-id=\"969\" class=\"elementor elementor-969 elementor-421\">\n\t\t\t\t<div class=\"elementor-element elementor-element-e4090e4 e-flex e-con-boxed e-con e-parent\" data-id=\"e4090e4\" data-element_type=\"container\" data-e-type=\"container\" data-settings=\"{&quot;profecient_background_motion_effects_toggle&quot;:0,&quot;profecient_parallax_effects_toggle&quot;:0,&quot;profecient_mouse_effects_toggle&quot;:0}\">\n\t\t\t\t\t<div class=\"e-con-inner\">\n\t\t<div class=\"elementor-element elementor-element-9587296 e-con-full e-flex e-con e-child\" data-id=\"9587296\" data-element_type=\"container\" data-e-type=\"container\" data-settings=\"{&quot;profecient_background_motion_effects_toggle&quot;:0,&quot;profecient_parallax_effects_toggle&quot;:0,&quot;profecient_mouse_effects_toggle&quot;:0}\">\n\t\t\t\t<div class=\"elementor-element elementor-element-e6ebe35 elementor-widget elementor-widget-shortcode\" data-id=\"e6ebe35\" data-element_type=\"widget\" data-e-type=\"widget\" data-settings=\"{&quot;profecient_parallax_effects_toggle&quot;:0,&quot;profecient_mouse_effects_toggle&quot;:0}\" data-widget_type=\"shortcode.default\">\n\t\t\t\t<div class=\"elementor-widget-container\">\n\t\t\t\t\t\t\t<div class=\"elementor-shortcode\"><div id='iksm-306' class='iksm iksm-306 iksm-container '  data-id='306' data-is-pro='0' data-source='menu'><div class='iksm-terms'><div class='iksm-terms-tree iksm-terms-tree--level-1 iksm-terms-tree--parents' style=''><div class=\"iksm-terms-tree__inner\">\n        <div class=\"iksm-term iksm-term--id-352 iksm-term--parent\" data-id=\"352\">\n            <div class=\"iksm-term__inner\" tabindex='0'>\n                <a class=\"iksm-term__link\" href='https:\/\/evenos.com.tr\/yangin-dolabi' target='_self' tabindex='-1'>\n\t\t\t\t        <span class=\"iksm-term__text\">Yang\u0131n Dolaplar\u0131<\/span>\n\t\t            <\/a>\n\t\t\t        <\/div>\n\t\t        <\/div>\n\n\t\t\n        <div class=\"iksm-term iksm-term--id-353 iksm-term--parent\" data-id=\"353\">\n            <div class=\"iksm-term__inner\" tabindex='0'>\n                <a class=\"iksm-term__link\" href='https:\/\/evenos.com.tr\/yangin-pompalari' target='_self' tabindex='-1'>\n\t\t\t\t        <span class=\"iksm-term__text\">Yang\u0131n Pompas\u0131<\/span>\n\t\t            <\/a>\n\t\t\t        <\/div>\n\t\t        <\/div>\n\n\t\t\n        <div class=\"iksm-term iksm-term--id-354 iksm-term--parent\" data-id=\"354\">\n            <div class=\"iksm-term__inner\" tabindex='0'>\n                <a class=\"iksm-term__link\" href='https:\/\/evenos.com.tr\/sprinkler-sondurme-sistemleri' target='_self' tabindex='-1'>\n\t\t\t\t        <span class=\"iksm-term__text\">Sprinkler Yang\u0131n S\u00f6nd\u00fcrme Sistemi<\/span>\n\t\t            <\/a>\n\t\t\t        <\/div>\n\t\t        <\/div>\n\n\t\t\n        <div class=\"iksm-term iksm-term--id-433 iksm-term--parent\" data-id=\"433\">\n            <div class=\"iksm-term__inner\" tabindex='0'>\n                <a class=\"iksm-term__link\" href='https:\/\/evenos.com.tr\/yangin-hidrant-sistemleri' target='_self' tabindex='-1'>\n\t\t\t\t        <span class=\"iksm-term__text\">Yang\u0131n Hidrant\u0131<\/span>\n\t\t            <\/a>\n\t\t\t        <\/div>\n\t\t        <\/div>\n\n\t\t\n        <div class=\"iksm-term iksm-term--id-434 iksm-term--parent\" data-id=\"434\">\n            <div class=\"iksm-term__inner\" tabindex='0'>\n                <a class=\"iksm-term__link\" href='https:\/\/evenos.com.tr\/water-mist-su-sisi-sondurme-sistemleri' target='_self' tabindex='-1'>\n\t\t\t\t        <span class=\"iksm-term__text\">Su Sisi Yang\u0131n S\u00f6nd\u00fcrme Sistemleri<\/span>\n\t\t            <\/a>\n\t\t\t        <\/div>\n\t\t        <\/div>\n\n\t\t<\/div><\/div><\/div><div id=\"iksm_data_args\" class=\"data-args\"  data-collapse_children_terms='1' data-collapse_other_terms='1' data-collapse_animation_duration='400' data-expand_animation_duration='400'><\/div><\/div><script id=\"styles-copier-69e72ffe8ac17\">\n\t\t\t\/\/ Finding styles element\n\t        var element = document.getElementById(\"iksm-dynamic-style\");\n\t        if (!element) { \/\/ If no element (Cache plugins can remove tag), then creating a new one\n                element = document.createElement('style');\n                var head = document.getElementsByTagName(\"head\")\n                if (head && head[0]) {\n                \thead[0].appendChild(element);\n                } else {\n                  \tconsole.warn(\"Iks Menu | Error while printing styles. Please contact technical support.\");\n                }\n\t        }\n\t\t\t\/\/ Copying styles to <styles> tag\n\t        element.innerHTML += \".iksm-306 .iksm-terms{border-top-left-radius:8px;border-top-right-radius:8px;border-bottom-right-radius:8px;border-bottom-left-radius:8px;transition:all 400ms;animation:iks-fade-in 1000ms;}.iksm-306 .iksm-terms-tree--level-1 > * > .iksm-term:not(:last-child){margin-bottom:0;}.iksm-306 .iksm-term__inner{background-color:rgba(255,255,255,1);border-top-left-radius:8px;border-top-right-radius:8px;border-bottom-right-radius:8px;border-bottom-left-radius:8px;margin-top:5px;min-height:44px;transition:all 400ms;}.iksm-306 .iksm-term__inner:hover{background-color:rgba(236,236,236,1);}.iksm-306 .iksm-term--current > .iksm-term__inner{background-color:rgba(212,212,212,1);}.iksm-306 .iksm-term__link{color:rgba(0,0,0,1);font-size:15px;line-height:15px;font-weight:400;text-decoration:none;margin-top:5px;margin-right:5px;margin-bottom:5px;margin-left:5px;padding-top:5px;padding-right:15px;padding-bottom:5px;padding-left:15px;transition:all 400ms;}.iksm-306 .iksm-term__inner:hover .iksm-term__link{color:rgba(50,50,50,1);}.iksm-306 .iksm-term__toggle__inner{transition:transform 700ms}.iksm-306 .iksm-term--expanded > .iksm-term__inner > .iksm-term__toggle > .iksm-term__toggle__inner{transform:rotate(180deg);}.iksm-306 .iksm-term__toggle{color:rgba(227,5,18,1);background-color:rgba(34,25,77,0);font-size:22px;align-self:stretch;height:unset;;width:40px;transition:all 400ms;}.iksm-306 .iksm-term__toggle:hover{color:rgba(0,0,0,1);}.iksm-306 .iksm-term__image-container{width:30px;min-width:30px;height:30px;min-height:30px;margin-right:15px;transition:all 400ms;}.iksm-306 .iksm-term__image{background-size:contain;background-position:center;background-repeat:no-repeat;}.iksm-306 .iksm-term__image-container:hover{background-size:contain;background-position:center;background-repeat:no-repeat;}.iksm-306 .iksm-term__inner:hover .iksm-term__image-container{background-size:contain;background-position:center;background-repeat:no-repeat;}.iksm-306 .iksm-term__inner:focus .iksm-term__image-container{background-size:contain;background-position:center;background-repeat:no-repeat;}.iksm-306 .iksm-term--current > .iksm-term__inner .iksm-term__image-container{background-size:contain;background-position:center;background-repeat:no-repeat;}.iksm-306 .iksm-term--child .iksm-term__inner .iksm-term__image-container{background-size:contain;background-position:center;background-repeat:no-repeat;}.iksm-306 .iksm-term--child .iksm-term__inner .iksm-term__image-container:hover{background-size:contain;background-position:center;background-repeat:no-repeat;}.iksm-306 .iksm-term--child .iksm-term__inner .iksm-term__image-container:focus{background-size:contain;background-position:center;background-repeat:no-repeat;}.iksm-306 .iksm-term--child.iksm-term--current > .iksm-term__inner .iksm-term__image-container{background-size:contain;background-position:center;background-repeat:no-repeat;}.iksm-306  .iksm-term__text{flex: unset}.iksm-306 .iksm-term__posts-count{color:rgba(133,133,133,1);font-size:16px;margin-left:12px;font-weight:400;transition:all 400ms;}\";\n\t        \/\/ Removing this script\n            var this_script = document.getElementById(\"styles-copier-69e72ffe8ac17\");\n            if (this_script) { \/\/ Cache plugins can remove tag\n\t            this_script.outerHTML = \"\";\n\t            if (this_script.parentNode) {\n\t                this_script.parentNode.removeChild(this_script);\n\t            }\n            }\n        <\/script><\/div>\n\t\t\t\t\t\t<\/div>\n\t\t\t\t<\/div>\n\t\t\t\t<\/div>\n\t\t<div class=\"elementor-element elementor-element-0715bae e-con-full e-flex e-con e-child\" data-id=\"0715bae\" data-element_type=\"container\" data-e-type=\"container\" data-settings=\"{&quot;profecient_background_motion_effects_toggle&quot;:0,&quot;profecient_parallax_effects_toggle&quot;:0,&quot;profecient_mouse_effects_toggle&quot;:0}\">\n\t\t\t\t<div class=\"elementor-element elementor-element-2e95cfa elementor-widget elementor-widget-image\" data-id=\"2e95cfa\" data-element_type=\"widget\" data-e-type=\"widget\" data-settings=\"{&quot;profecient_parallax_effects_toggle&quot;:0,&quot;profecient_mouse_effects_toggle&quot;:0}\" data-widget_type=\"image.default\">\n\t\t\t\t<div class=\"elementor-widget-container\">\n\t\t\t\t\t\t\t\t\t\t\t\t\t\t\t<img fetchpriority=\"high\" decoding=\"async\" width=\"800\" height=\"500\" src=\"https:\/\/evenos.com.tr\/wp-content\/uploads\/2024\/07\/su-sisi-nedir.jpg\" class=\"attachment-full size-full wp-image-840\" alt=\"su sisi yang\u0131n s\u00f6nd\u00fcrme sistemi\" srcset=\"https:\/\/evenos.com.tr\/wp-content\/uploads\/2024\/07\/su-sisi-nedir.jpg 800w, https:\/\/evenos.com.tr\/wp-content\/uploads\/2024\/07\/su-sisi-nedir-300x188.jpg 300w, https:\/\/evenos.com.tr\/wp-content\/uploads\/2024\/07\/su-sisi-nedir-768x480.jpg 768w\" sizes=\"(max-width: 800px) 100vw, 800px\" \/>\t\t\t\t\t\t\t\t\t\t\t\t\t\t\t<\/div>\n\t\t\t\t<\/div>\n\t\t\t\t<div class=\"elementor-element elementor-element-b79cc79 elementor-widget elementor-widget-text-editor\" data-id=\"b79cc79\" data-element_type=\"widget\" data-e-type=\"widget\" data-settings=\"{&quot;profecient_parallax_effects_toggle&quot;:0,&quot;profecient_mouse_effects_toggle&quot;:0}\" data-widget_type=\"text-editor.default\">\n\t\t\t\t<div class=\"elementor-widget-container\">\n\t\t\t\t\t\t\t\t\t<p><span style=\"font-weight: 400;\">The water mist system, also known as water mist fire suppression systems or water mist sprinkler systems, can be used in fire types where water cannot be used directly. For example, water mist extinguishing systems are used in fires caused by electricity or in areas where documents are not to be damaged. Water mist fire extinguishing systems are a very effective alternative in terms of environmental approaches and reducing water damage in sprinkler extinguishing systems.<\/span><\/p><h2><span style=\"font-weight: 400;\">What Is a Water Mist System?<\/span><\/h2><p><span style=\"font-weight: 400;\">A water mist system is an advanced fire suppression solution that uses high-pressure mist to extinguish fires efficiently. By releasing ultra-fine water droplets, it cools the fire and displaces oxygen \u2014 controlling flames with minimal water usage and damage.<\/span><\/p><h2><span style=\"font-weight: 400;\">How Does a Water Misting System Work?<\/span><\/h2><p><span style=\"font-weight: 400;\">A water misting system operates by atomizing water into fine droplets through specially designed nozzles. These droplets rapidly cool the fire zone and reduce oxygen levels, effectively suppressing combustion.<\/span><\/p><p><span style=\"font-weight: 400;\">Benefits include:<\/span><\/p><ul><li style=\"font-weight: 400;\" aria-level=\"1\"><span style=\"font-weight: 400;\">Fast heat reduction<\/span><\/li><li style=\"font-weight: 400;\" aria-level=\"1\"><span style=\"font-weight: 400;\">Minimal water usage<\/span><\/li><li style=\"font-weight: 400;\" aria-level=\"1\"><span style=\"font-weight: 400;\">Safe for electrical environments<\/span><\/li><li style=\"font-weight: 400;\" aria-level=\"1\"><span style=\"font-weight: 400;\">Little to no water damage<\/span><\/li><\/ul><h2><span style=\"font-weight: 400;\">Where Are Water Mist Systems Used?<\/span><\/h2><p><span style=\"font-weight: 400;\">Water mist systems can be seen in many areas where sprinkler systems are used.<\/span><\/p><h3><span style=\"font-weight: 400;\">Commercial Water Misting Systems<\/span><\/h3><p><span style=\"font-weight: 400;\">Commercial water misting systems are ideal for:<\/span><\/p><ul><li style=\"font-weight: 400;\" aria-level=\"1\"><span style=\"font-weight: 400;\">Data centers<\/span><\/li><li style=\"font-weight: 400;\" aria-level=\"1\"><span style=\"font-weight: 400;\">Hotel<\/span><\/li><li style=\"font-weight: 400;\" aria-level=\"1\"><span style=\"font-weight: 400;\">Hospitals<\/span><\/li><li style=\"font-weight: 400;\" aria-level=\"1\"><span style=\"font-weight: 400;\">Office buildings<\/span><\/li><li style=\"font-weight: 400;\" aria-level=\"1\"><span style=\"font-weight: 400;\">Industrial plants<\/span><\/li><\/ul><h2><span style=\"font-weight: 400;\">Water Mist Fire Suppression System Cost<\/span><\/h2><p><span style=\"font-weight: 400;\">Water mister system cost varies based on the protected area size and system complexity. However, compared to traditional suppression systems:<\/span><\/p><ul><li style=\"font-weight: 400;\" aria-level=\"1\"><span style=\"font-weight: 400;\">Up to 70% water savings<\/span><\/li><li style=\"font-weight: 400;\" aria-level=\"1\"><span style=\"font-weight: 400;\">Lower maintenance costs<\/span><\/li><li style=\"font-weight: 400;\" aria-level=\"1\"><span style=\"font-weight: 400;\">Smaller system footprint<\/span><\/li><\/ul><h2><span style=\"font-weight: 400;\">Why Choose Our Water Mist Systems?<\/span><\/h2><ul><li style=\"font-weight: 400;\" aria-level=\"1\"><b>Efficient:<\/b><span style=\"font-weight: 400;\"> Minimal water use, maximum fire control<\/span><\/li><li style=\"font-weight: 400;\" aria-level=\"1\"><b>Safe for electronics:<\/b><span style=\"font-weight: 400;\"> Ideal for sensitive environments<\/span><\/li><li style=\"font-weight: 400;\" aria-level=\"1\"><b>Environmentally friendly:<\/b><span style=\"font-weight: 400;\"> No chemicals or harmful residues<\/span><\/li><li style=\"font-weight: 400;\" aria-level=\"1\"><b>Automatic activation:<\/b><span style=\"font-weight: 400;\"> Fast and reliable fire response<\/span><\/li><\/ul><h3><span style=\"font-weight: 400;\">Is a water mist system safe for electrical equipment?<\/span><\/h3><p><span style=\"font-weight: 400;\">Yes, water mist systems generally are safe for electrical environments due to the minimal amount of water used and the fine mist that evaporates quickly.<\/span><\/p><h3><span style=\"font-weight: 400;\">What are the benefits of using a water mist system?<\/span><\/h3><p><span style=\"font-weight: 400;\">Key benefits include rapid fire suppression, reduced water damage, environmental safety, suitability for sensitive equipment, and compliance with modern fire codes.<\/span><\/p><h3><span style=\"font-weight: 400;\">How much water do misting systems use?<\/span><\/h3><p><span style=\"font-weight: 400;\">Misting systems use significantly less water than traditional sprinkler systems\u2014typically 0.5 to 1 liter per minute per nozzle, depending on pressure and nozzle size. In contrast, standard sprinkler heads may release 80 to 100 liters per minute, making water mist systems far more efficient and less damaging to property.<\/span><\/p><h3><span style=\"font-weight: 400;\">Can High Pressure Water Mist Systems Harm Humans?<\/span><\/h3><p><span style=\"font-weight: 400;\">The water mist velocity is easily reduced after it is discharged, so sprayed water mist sprays are harmless.<\/span><\/p><h3><span style=\"font-weight: 400;\">What is Water Fog?<\/span><\/h3><p><span style=\"font-weight: 400;\">Water mist is a fog\/cloud of water broken down into small particles. Thanks to these particles, the heat of the environment can be absorbed. In addition, thanks to the expansion properties of these particles, the oxygen content in the environment can drop from 21% to 17%.<\/span><\/p><h3><span style=\"font-weight: 400;\">What are Water Fog System Components?<\/span><\/h3><p><span style=\"font-weight: 400;\">Water mist fire extinguishing systems should be designed by making a good hydraulic calculation. After obtaining the necessary approvals, water mist can be applied in all areas deemed appropriate. Water mist system components may include:<\/span><\/p><ul><li style=\"font-weight: 400;\" aria-level=\"1\"><span style=\"font-weight: 400;\">Water mist sprinkler heads<\/span><\/li><li style=\"font-weight: 400;\" aria-level=\"1\"><span style=\"font-weight: 400;\">Water mist spray nozzles<\/span><\/li><li style=\"font-weight: 400;\" aria-level=\"1\"><span style=\"font-weight: 400;\">System mounting elements<\/span><\/li><li style=\"font-weight: 400;\" aria-level=\"1\"><span style=\"font-weight: 400;\">Valves<\/span><\/li><li style=\"font-weight: 400;\" aria-level=\"1\"><span style=\"font-weight: 400;\">Piping systems<\/span><\/li><li style=\"font-weight: 400;\" aria-level=\"1\"><span style=\"font-weight: 400;\">Fitting material<\/span><\/li><\/ul>\t\t\t\t\t\t\t\t<\/div>\n\t\t\t\t<\/div>\n\t\t\t\t<div class=\"elementor-element elementor-element-7f6310a elementor-widget elementor-widget-jkit_button\" data-id=\"7f6310a\" data-element_type=\"widget\" data-e-type=\"widget\" data-settings=\"{&quot;profecient_parallax_effects_toggle&quot;:0,&quot;profecient_mouse_effects_toggle&quot;:0}\" data-widget_type=\"jkit_button.default\">\n\t\t\t\t<div class=\"elementor-widget-container\">\n\t\t\t\t\t<div  class=\"jeg-elementor-kit jkit-button  icon-position-after jeg_module___69e72ffe8bf0e\" ><a href=\"https:\/\/evenos.com.tr\/en\/contact\" class=\"jkit-button-wrapper\">Discover Now<i aria-hidden=\"true\" class=\"jki jki-arrow-up-right-line\"><\/i><\/a><\/div>\t\t\t\t<\/div>\n\t\t\t\t<\/div>\n\t\t\t\t<\/div>\n\t\t\t\t\t<\/div>\n\t\t\t\t<\/div>\n\t\t\t\t<\/div>\n\t\t","protected":false},"excerpt":{"rendered":"<p>The water mist system, also known as water mist fire suppression systems or water mist sprinkler systems, can be used in fire types where water cannot be used directly. For example, water mist extinguishing systems are used in fires caused by electricity or in areas where documents are not to be damaged. Water mist fire [&hellip;]<\/p>\n","protected":false},"author":1,"featured_media":0,"parent":0,"menu_order":0,"comment_status":"closed","ping_status":"closed","template":"","meta":{"footnotes":""},"class_list":["post-969","page","type-page","status-publish","hentry"],"_links":{"self":[{"href":"https:\/\/evenos.com.tr\/en\/wp-json\/wp\/v2\/pages\/969","targetHints":{"allow":["GET"]}}],"collection":[{"href":"https:\/\/evenos.com.tr\/en\/wp-json\/wp\/v2\/pages"}],"about":[{"href":"https:\/\/evenos.com.tr\/en\/wp-json\/wp\/v2\/types\/page"}],"author":[{"embeddable":true,"href":"https:\/\/evenos.com.tr\/en\/wp-json\/wp\/v2\/users\/1"}],"replies":[{"embeddable":true,"href":"https:\/\/evenos.com.tr\/en\/wp-json\/wp\/v2\/comments?post=969"}],"version-history":[{"count":17,"href":"https:\/\/evenos.com.tr\/en\/wp-json\/wp\/v2\/pages\/969\/revisions"}],"predecessor-version":[{"id":2641,"href":"https:\/\/evenos.com.tr\/en\/wp-json\/wp\/v2\/pages\/969\/revisions\/2641"}],"wp:attachment":[{"href":"https:\/\/evenos.com.tr\/en\/wp-json\/wp\/v2\/media?parent=969"}],"curies":[{"name":"wp","href":"https:\/\/api.w.org\/{rel}","templated":true}]}}