{"id":965,"date":"2024-07-20T15:52:21","date_gmt":"2024-07-20T12:52:21","guid":{"rendered":"https:\/\/evenos.com.tr\/foam-fire-extinguishing-systems\/"},"modified":"2025-03-14T14:25:07","modified_gmt":"2025-03-14T11:25:07","slug":"foam-suppression-systems","status":"publish","type":"page","link":"https:\/\/evenos.com.tr\/en\/foam-suppression-systems","title":{"rendered":"Foam Fire Extinguishing Systems"},"content":{"rendered":"<style>.elementor-965 .elementor-element.elementor-element-e4090e4{--display:flex;--flex-direction:row;--container-widget-width:initial;--container-widget-height:100%;--container-widget-flex-grow:1;--container-widget-align-self:stretch;--flex-wrap-mobile:wrap;--gap:0px 0px;--row-gap:0px;--column-gap:0px;}.elementor-965 .elementor-element.elementor-element-9587296{--display:flex;--flex-direction:column;--container-widget-width:100%;--container-widget-height:initial;--container-widget-flex-grow:0;--container-widget-align-self:initial;--flex-wrap-mobile:wrap;}.elementor-965 .elementor-element.elementor-element-9587296.e-con{--flex-grow:0;--flex-shrink:0;}.elementor-965 .elementor-element.elementor-element-0715bae{--display:flex;--flex-direction:column;--container-widget-width:100%;--container-widget-height:initial;--container-widget-flex-grow:0;--container-widget-align-self:initial;--flex-wrap-mobile:wrap;}.elementor-965 .elementor-element.elementor-element-0715bae.e-con{--flex-grow:0;--flex-shrink:0;}.elementor-widget-image .widget-image-caption{font-family:var( --e-global-typography-text-font-family ), Sans-serif;font-size:var( --e-global-typography-text-font-size );font-weight:var( --e-global-typography-text-font-weight );line-height:var( --e-global-typography-text-line-height );}.elementor-widget-text-editor{font-family:var( --e-global-typography-text-font-family ), Sans-serif;font-size:var( --e-global-typography-text-font-size );font-weight:var( --e-global-typography-text-font-weight );line-height:var( --e-global-typography-text-line-height );}.elementor-965 .elementor-element.elementor-element-7f6310a .jeg-elementor-kit.jkit-button{text-align:left;}.elementor-965 .elementor-element.elementor-element-7f6310a .jeg-elementor-kit.jkit-button .jkit-button-wrapper{color:#FFFFFF;background-color:var( --e-global-color-accent );}.elementor-965 .elementor-element.elementor-element-7f6310a .jeg-elementor-kit.jkit-button .jkit-button-wrapper svg{fill:#FFFFFF;}.elementor-965 .elementor-element.elementor-element-7f6310a .jeg-elementor-kit.jkit-button .jkit-button-wrapper:not(.hover-gradient):hover, .elementor-965 .elementor-element.elementor-element-7f6310a .jeg-elementor-kit.jkit-button .jkit-button-wrapper.hover-gradient:before{background-color:var( --e-global-color-primary );}.elementor-965 .elementor-element.elementor-element-7f6310a .jeg-elementor-kit.jkit-button.icon-position-before .jkit-button-wrapper i, .elementor-965 .elementor-element.elementor-element-7f6310a .jeg-elementor-kit.jkit-button.icon-position-before .jkit-button-wrapper svg{margin-right:5px;}.elementor-965 .elementor-element.elementor-element-7f6310a .jeg-elementor-kit.jkit-button.icon-position-after .jkit-button-wrapper i, .elementor-965 .elementor-element.elementor-element-7f6310a .jeg-elementor-kit.jkit-button.icon-position-after .jkit-button-wrapper svg{margin-left:5px;}@media(min-width:768px){.elementor-965 .elementor-element.elementor-element-9587296{--width:26.295%;}.elementor-965 .elementor-element.elementor-element-0715bae{--width:76.388%;}}@media(max-width:1024px){.elementor-widget-image .widget-image-caption{font-size:var( --e-global-typography-text-font-size );line-height:var( --e-global-typography-text-line-height );}.elementor-widget-text-editor{font-size:var( --e-global-typography-text-font-size );line-height:var( --e-global-typography-text-line-height );}}@media(max-width:767px){.elementor-widget-image .widget-image-caption{font-size:var( --e-global-typography-text-font-size );line-height:var( --e-global-typography-text-line-height );}.elementor-widget-text-editor{font-size:var( --e-global-typography-text-font-size );line-height:var( --e-global-typography-text-line-height );}}<\/style>\t\t<div data-elementor-type=\"wp-page\" data-elementor-id=\"965\" class=\"elementor elementor-965 elementor-427\">\n\t\t\t\t<div class=\"elementor-element elementor-element-e4090e4 e-flex e-con-boxed e-con e-parent\" data-id=\"e4090e4\" data-element_type=\"container\" data-e-type=\"container\" data-settings=\"{&quot;profecient_background_motion_effects_toggle&quot;:0,&quot;profecient_parallax_effects_toggle&quot;:0,&quot;profecient_mouse_effects_toggle&quot;:0}\">\n\t\t\t\t\t<div class=\"e-con-inner\">\n\t\t<div class=\"elementor-element elementor-element-9587296 e-con-full e-flex e-con e-child\" data-id=\"9587296\" data-element_type=\"container\" data-e-type=\"container\" data-settings=\"{&quot;profecient_background_motion_effects_toggle&quot;:0,&quot;profecient_parallax_effects_toggle&quot;:0,&quot;profecient_mouse_effects_toggle&quot;:0}\">\n\t\t\t\t<div class=\"elementor-element elementor-element-e6ebe35 elementor-widget elementor-widget-shortcode\" data-id=\"e6ebe35\" data-element_type=\"widget\" data-e-type=\"widget\" data-settings=\"{&quot;profecient_parallax_effects_toggle&quot;:0,&quot;profecient_mouse_effects_toggle&quot;:0}\" data-widget_type=\"shortcode.default\">\n\t\t\t\t<div class=\"elementor-widget-container\">\n\t\t\t\t\t\t\t<div class=\"elementor-shortcode\"><div id='iksm-656' class='iksm iksm-656 iksm-container '  data-id='656' data-is-pro='0' data-source='menu'><div class='iksm-terms'><div class='iksm-terms-tree iksm-terms-tree--level-1 iksm-terms-tree--parents' style=''><div class=\"iksm-terms-tree__inner\">\n        <div class=\"iksm-term iksm-term--id-643 iksm-term--parent\" data-id=\"643\">\n            <div class=\"iksm-term__inner\" tabindex='0'>\n                <a class=\"iksm-term__link\" href='https:\/\/evenos.com.tr\/kopuklu-sprinkler-sistemleri' target='_self' tabindex='-1'>\n\t\t\t\t        <span class=\"iksm-term__text\">K\u00f6p\u00fckl\u00fc Sprinkler Yang\u0131n S\u00f6nd\u00fcrme Sistemleri<\/span>\n\t\t            <\/a>\n\t\t\t        <\/div>\n\t\t        <\/div>\n\n\t\t\n        <div class=\"iksm-term iksm-term--id-644 iksm-term--parent\" data-id=\"644\">\n            <div class=\"iksm-term__inner\" tabindex='0'>\n                <a class=\"iksm-term__link\" href='https:\/\/evenos.com.tr\/kopuklu-yangin-dolabi' target='_self' tabindex='-1'>\n\t\t\t\t        <span class=\"iksm-term__text\">K\u00f6p\u00fckl\u00fc Yang\u0131n Dolab\u0131<\/span>\n\t\t            <\/a>\n\t\t\t        <\/div>\n\t\t        <\/div>\n\n\t\t\n        <div class=\"iksm-term iksm-term--id-645 iksm-term--parent\" data-id=\"645\">\n            <div class=\"iksm-term__inner\" tabindex='0'>\n                <a class=\"iksm-term__link\" href='https:\/\/evenos.com.tr\/kopuk-konsantresi' target='_self' tabindex='-1'>\n\t\t\t\t        <span class=\"iksm-term__text\">Yang\u0131n S\u00f6nd\u00fcrmede K\u00f6p\u00fck Konsantresi<\/span>\n\t\t            <\/a>\n\t\t\t        <\/div>\n\t\t        <\/div>\n\n\t\t\n        <div class=\"iksm-term iksm-term--id-646 iksm-term--parent\" data-id=\"646\">\n            <div class=\"iksm-term__inner\" tabindex='0'>\n                <a class=\"iksm-term__link\" href='https:\/\/evenos.com.tr\/kopuk-monitorleri' target='_self' tabindex='-1'>\n\t\t\t\t        <span class=\"iksm-term__text\">Yang\u0131n S\u00f6nd\u00fcrmede K\u00f6p\u00fck Monit\u00f6rleri<\/span>\n\t\t            <\/a>\n\t\t\t        <\/div>\n\t\t        <\/div>\n\n\t\t\n        <div class=\"iksm-term iksm-term--id-647 iksm-term--parent\" data-id=\"647\">\n            <div class=\"iksm-term__inner\" tabindex='0'>\n                <a class=\"iksm-term__link\" href='https:\/\/evenos.com.tr\/yuksek-genlesmeli-kopuklu-sondurme-sistemleri' target='_self' tabindex='-1'>\n\t\t\t\t        <span class=\"iksm-term__text\">Y\u00fcksek Genle\u015fmeli K\u00f6p\u00fckl\u00fc S\u00f6nd\u00fcrme Sistemleri<\/span>\n\t\t            <\/a>\n\t\t\t        <\/div>\n\t\t        <\/div>\n\n\t\t<\/div><\/div><\/div><div id=\"iksm_data_args\" class=\"data-args\"  data-collapse_children_terms='1' data-collapse_other_terms='1' data-collapse_animation_duration='400' data-expand_animation_duration='400'><\/div><\/div><script id=\"styles-copier-69f32029a7831\">\n\t\t\t\/\/ Finding styles element\n\t        var element = document.getElementById(\"iksm-dynamic-style\");\n\t        if (!element) { \/\/ If no element (Cache plugins can remove tag), then creating a new one\n                element = document.createElement('style');\n                var head = document.getElementsByTagName(\"head\")\n                if (head && head[0]) {\n                \thead[0].appendChild(element);\n                } else {\n                  \tconsole.warn(\"Iks Menu | Error while printing styles. Please contact technical support.\");\n                }\n\t        }\n\t\t\t\/\/ Copying styles to <styles> tag\n\t        element.innerHTML += \".iksm-656 .iksm-terms{border-top-left-radius:8px;border-top-right-radius:8px;border-bottom-right-radius:8px;border-bottom-left-radius:8px;transition:all 400ms;animation:iks-fade-in 1000ms;}.iksm-656 .iksm-terms-tree--level-1 > * > .iksm-term:not(:last-child){margin-bottom:0;}.iksm-656 .iksm-term__inner{background-color:rgba(255,255,255,1);border-top-left-radius:8px;border-top-right-radius:8px;border-bottom-right-radius:8px;border-bottom-left-radius:8px;margin-top:5px;min-height:44px;transition:all 400ms;}.iksm-656 .iksm-term__inner:hover{background-color:rgba(236,236,236,1);}.iksm-656 .iksm-term--current > .iksm-term__inner{background-color:rgba(212,212,212,1);}.iksm-656 .iksm-term__link{color:rgba(0,0,0,1);font-size:15px;line-height:15px;font-weight:400;text-decoration:none;padding-top:5px;padding-right:15px;padding-bottom:5px;padding-left:15px;transition:all 400ms;}.iksm-656 .iksm-term__inner:hover .iksm-term__link{color:rgba(50,50,50,1);}.iksm-656 .iksm-term__toggle__inner{transition:transform 400ms}.iksm-656 .iksm-term--expanded > .iksm-term__inner > .iksm-term__toggle > .iksm-term__toggle__inner{transform:rotate(180deg);}.iksm-656 .iksm-term__toggle{color:rgba(133,133,133,1);font-size:22px;align-self:stretch;height:unset;;width:40px;transition:all 400ms;}.iksm-656 .iksm-term__toggle:hover{color:rgba(0,0,0,1);}.iksm-656 .iksm-term__image-container{width:30px;min-width:30px;height:30px;min-height:30px;margin-right:15px;transition:all 400ms;}.iksm-656 .iksm-term__image{background-size:contain;background-position:center;background-repeat:no-repeat;}.iksm-656 .iksm-term__image-container:hover{background-size:contain;background-position:center;background-repeat:no-repeat;}.iksm-656 .iksm-term__inner:hover .iksm-term__image-container{background-size:contain;background-position:center;background-repeat:no-repeat;}.iksm-656 .iksm-term__inner:focus .iksm-term__image-container{background-size:contain;background-position:center;background-repeat:no-repeat;}.iksm-656 .iksm-term--current > .iksm-term__inner .iksm-term__image-container{background-size:contain;background-position:center;background-repeat:no-repeat;}.iksm-656 .iksm-term--child .iksm-term__inner .iksm-term__image-container{background-size:contain;background-position:center;background-repeat:no-repeat;}.iksm-656 .iksm-term--child .iksm-term__inner .iksm-term__image-container:hover{background-size:contain;background-position:center;background-repeat:no-repeat;}.iksm-656 .iksm-term--child .iksm-term__inner .iksm-term__image-container:focus{background-size:contain;background-position:center;background-repeat:no-repeat;}.iksm-656 .iksm-term--child.iksm-term--current > .iksm-term__inner .iksm-term__image-container{background-size:contain;background-position:center;background-repeat:no-repeat;}.iksm-656  .iksm-term__text{flex: unset}.iksm-656 .iksm-term__posts-count{color:rgba(133,133,133,1);font-size:16px;margin-left:12px;font-weight:400;transition:all 400ms;}\";\n\t        \/\/ Removing this script\n            var this_script = document.getElementById(\"styles-copier-69f32029a7831\");\n            if (this_script) { \/\/ Cache plugins can remove tag\n\t            this_script.outerHTML = \"\";\n\t            if (this_script.parentNode) {\n\t                this_script.parentNode.removeChild(this_script);\n\t            }\n            }\n        <\/script><\/div>\n\t\t\t\t\t\t<\/div>\n\t\t\t\t<\/div>\n\t\t\t\t<\/div>\n\t\t<div class=\"elementor-element elementor-element-0715bae e-con-full e-flex e-con e-child\" data-id=\"0715bae\" data-element_type=\"container\" data-e-type=\"container\" data-settings=\"{&quot;profecient_background_motion_effects_toggle&quot;:0,&quot;profecient_parallax_effects_toggle&quot;:0,&quot;profecient_mouse_effects_toggle&quot;:0}\">\n\t\t\t\t<div class=\"elementor-element elementor-element-2e95cfa elementor-widget elementor-widget-image\" data-id=\"2e95cfa\" data-element_type=\"widget\" data-e-type=\"widget\" data-settings=\"{&quot;profecient_parallax_effects_toggle&quot;:0,&quot;profecient_mouse_effects_toggle&quot;:0}\" data-widget_type=\"image.default\">\n\t\t\t\t<div class=\"elementor-widget-container\">\n\t\t\t\t\t\t\t\t\t\t\t\t\t\t\t<img fetchpriority=\"high\" decoding=\"async\" width=\"900\" height=\"500\" src=\"https:\/\/evenos.com.tr\/wp-content\/uploads\/2024\/07\/Kopuklu-Yangin-Sondurme-Sistemleri.jpg\" class=\"attachment-large size-large wp-image-841\" alt=\"k\u00f6p\u00fckl\u00fc yang\" srcset=\"https:\/\/evenos.com.tr\/wp-content\/uploads\/2024\/07\/Kopuklu-Yangin-Sondurme-Sistemleri.jpg 900w, https:\/\/evenos.com.tr\/wp-content\/uploads\/2024\/07\/Kopuklu-Yangin-Sondurme-Sistemleri-300x167.jpg 300w, https:\/\/evenos.com.tr\/wp-content\/uploads\/2024\/07\/Kopuklu-Yangin-Sondurme-Sistemleri-768x427.jpg 768w\" sizes=\"(max-width: 900px) 100vw, 900px\" \/>\t\t\t\t\t\t\t\t\t\t\t\t\t\t\t<\/div>\n\t\t\t\t<\/div>\n\t\t\t\t<div class=\"elementor-element elementor-element-b79cc79 elementor-widget elementor-widget-text-editor\" data-id=\"b79cc79\" data-element_type=\"widget\" data-e-type=\"widget\" data-settings=\"{&quot;profecient_parallax_effects_toggle&quot;:0,&quot;profecient_mouse_effects_toggle&quot;:0}\" data-widget_type=\"text-editor.default\">\n\t\t\t\t<div class=\"elementor-widget-container\">\n\t\t\t\t\t\t\t\t\t<p style=\"font-weight: 400;\"><b>Foam extinguishing systems<\/b><span style=\"font-weight: 400;\">are extinguishing systems whose content is foam liquids and waiting for intervention under a certain pressure.<br \/>Foam extinguishing systems that show a very effective function in fires caused by flammable liquids and types of fires caused by fuels, <\/span><a href=\"https:\/\/evenos.com.tr\/en\/foam-monitors\"><span style=\"font-weight: 400;\">sprinkler<\/span><\/a><span style=\"font-weight: 400;\"> can be multiplexed using foam extinguishing systems.<br \/>Therefore, foam extinguishing systems are prepared as special automatic systems to protect larger areas from fire. <\/span><\/p><p style=\"font-weight: 400;\"><span style=\"font-weight: 400;\">Foam extinguishing systems are frequently used in helicopter and airplane hangars with high investment value in order to protect against fires that may be caused by all materials and fuels that may ignite.<br \/>Foam extinguishing systems, which have a widespread use worldwide, quickly interact with flames.<br \/>In addition, the extinguishing capability of these systems is also very high. <\/span><\/p><p style=\"font-weight: 400;\"><span style=\"font-weight: 400;\">Foam extinguishing systems also fulfill the function of protecting the health of the people who intervene in the fire by ensuring that the gases released by the material ignited during the fire are also retained.<br \/>Foam extinguishing systems also fulfill a complete extinguishing task, as they have the ability to hold not only on materials with a horizontal surface, but also on materials that ignite vertically.<br \/>Therefore, foam extinguishing systems are considered as one of the most capable extinguishing systems and are frequently preferred. <\/span><\/p><h2><b>What are the Features of Foam Extinguishing Systems?<\/b><\/h2><p style=\"font-weight: 400;\"><span style=\"font-weight: 400;\">The main features of foam extinguishing systems with an effective extinguishing effect are as follows:<\/span><\/p><ul><li style=\"font-weight: 400;\"><span style=\"font-weight: 400;\"> Foam extinguishing systems prevent oxygen and fuel vapor from coming into contact.<\/span><\/li><li style=\"font-weight: 400;\"><span style=\"font-weight: 400;\"> Foam extinguishing systems, which prevent evaporation on the fuel surface, also separate the flame and the fuel surface from each other.<\/span><\/li><li style=\"font-weight: 400;\"><span style=\"font-weight: 400;\"> Foam extinguishing systems help to cool the metal surfaces on or around the fuel surface.<\/span><\/li><\/ul><p style=\"font-weight: 400;\"><span style=\"font-weight: 400;\">Foam extinguishing systems, which have highly effective tasks, are used to extinguish various fires such as crude oil fires, gasoline fires, gel fuel fires, gasoline fires, fuel oil fires, naphtha fires, fires occurring in alcohols, fires occurring in ketones, fires occurring in ethers and fires occurring in esters.<\/span><\/p><h2><b>What are the Types of Foam Extinguishing Systems According to Foam Chemical Properties?<\/b><\/h2><p style=\"font-weight: 400;\"><b>Foam extinguishing systems<\/b><span style=\"font-weight: 400;\">foam is divided into two types according to its chemical properties.<br \/>One of these types is protein-based systems, while the other is synthetic-based systems. <\/span><\/p><p style=\"font-weight: 400;\"><span style=\"font-weight: 400;\">Protein-based foam extinguishing systems include protein-based (P) foam fluids, fluoroprotein (FP) foam fluids, film-forming (FFFP) foam fluids and alcohol-resistant film-forming (AR-FFFP) protein-based foam fluids.<br \/>On the other hand, synthetic-based foam extinguishing systems include fluent film-forming (AFFF) foam fluids and alcohol-resistant fluent film-forming (AR-AFFF) fluids. <\/span><\/p><h2><b>Where are Foam Extinguishing Systems Used?<\/b><\/h2><p style=\"font-weight: 400;\"><span style=\"font-weight: 400;\">Foam extinguishing systems are highly effective on the so-called hydrocarbon fires and polar solvents.<\/span><\/p><p style=\"font-weight: 400;\"><span style=\"font-weight: 400;\">Foam extinguishing systems have a wide range of applications.<br \/>These systems are generally used in aircraft and helicopter hangars, warehouses, fuel loading or unloading stations, paint factories, chemical production or storage facilities, flammable and flammable liquids storage areas, flammable and flammable liquids filling areas, shipyards, piers, oil refineries, marinas and similar areas.<br \/>Foam extinguishing systems affect the flammable surface in a short time and prevent possible large fires due to their instant intervention and rapid control. <\/span><\/p><p style=\"font-weight: 400;\"><span style=\"font-weight: 400;\">Foam extinguishing systems are widely used especially in oil refineries, aircraft and helicopter hangars, shipyards, docks, fuel filling and storage facilities.<br \/>In addition, foam extinguishing systems are a system that allows the foam, which has a lower density with the combination of pressurized water and foam and can adhere to both horizontal and vertical surfaces, to cover the flammable area.<br \/>At the same time, thanks to these systems, explosive gases are prevented from escaping. <\/span><\/p><h2><b>Working Principle of Foam Extinguishing Systems<\/b><\/h2><p style=\"font-weight: 400;\"><b>Foam extinguishing systems<\/b><span style=\"font-weight: 400;\"> The working principle is an issue that should be taken into consideration from the project design phase to the fire intervention and post-fire cleaning phase.<br \/>Foam fire extinguishing agents stored in pressurized cylinders during the production phase should be kept ready in the appropriate principle so that they can work pressurized at the time of intervention with post-project assembly.<br \/>Periodic maintenance and repairs of these systems should be carried out regularly. <\/span><\/p><p style=\"font-weight: 400;\"><span style=\"font-weight: 400;\">Foam extinguishing systems should work in integration with detection systems.<br \/>In addition, these systems also depend on the health of the systems that recognize the fire and the systems that transmit it to the operating center.<br \/>For this reason, both regular maintenance and repairs of foam extinguishing systems should be carried out periodically. <\/span><\/p><p style=\"font-weight: 400;\"><span style=\"font-weight: 400;\">Foam extinguishing systems, as a working principle, have qualities that start the system when it is understood that the fire has started, provide intervention for every point and support the fire extinguishing personnel team in every aspect.<br \/>Foam extinguishing systems, which require a completely specialized engineering work, are subjected to a professional process. <\/span><\/p><h2><b>Foam Extinguishing System Design<\/b><\/h2><p style=\"font-weight: 400;\"><span style=\"font-weight: 400;\">Foam extinguishing system designs are made completely in the light of scientific data and hydraulic calculations in accordance with the provisions of the relevant law.<br \/>In the design of foam extinguishing systems, the rate at which the chemical contents produced according to demand should be used is determined with a completely professional approach.<br \/>It is very important that the chemicals that work during a fire are ready in the fire extinguishing system.<br \/>Unlike chemicals in fire extinguishers used in manual interventions, extinguishers of very different densities are used in automatic systems. <\/span><\/p><p style=\"font-weight: 400;\"><b>Foam extinguishing system<\/b><span style=\"font-weight: 400;\">Another important consideration in i design is the size of the area and the substances to be protected or extinguished.<\/span><\/p><h2><b>How Do Foam Fire Extinguishing Systems Work?<\/b><\/h2><p style=\"font-weight: 400;\"><span style=\"font-weight: 400;\">Foam fire extinguishing systems work by cutting the contact of air and fuel vapor, separating the fuel surface and the flame, preventing evaporation on the surface or cooling the metal around the fuel surface.<\/span><\/p><h2><b>What Are The Types Of Fires Where Foam Is Effective?<\/b><\/h2><p style=\"font-weight: 400;\"><span style=\"font-weight: 400;\">Among the types of fires where foam is effective in foam fire extinguishing systems are hydrocarbon fires and polar solvent fires.<\/span><\/p><h2><b>What Types of Foam Are There According to the Content of the Foam?<\/b><\/h2><p style=\"font-weight: 400;\"><span style=\"font-weight: 400;\">Foam fire extinguishing systems are divided into two types as protein-based and synthetic-based depending on the foam content.<\/span><\/p><h2><b>How to Design a Foam Fire Extinguishing System?<\/b><\/h2><p style=\"font-weight: 400;\"><span style=\"font-weight: 400;\">Foam fire extinguishing system designs are made together with hydraulic calculations in the light of scientific data and in accordance with the provisions of the relevant law.<\/span><\/p><h2><b>What Equipment is Required for Foam Extinguishing Systems?<\/b><\/h2><p style=\"font-weight: 400;\"><span style=\"font-weight: 400;\">Foam extinguishing systems require equipment such as various nozzles, foam chamber-foam chamber, foam maker-foam maker, foam tank and foam monitor. <\/span><\/p>\t\t\t\t\t\t\t\t<\/div>\n\t\t\t\t<\/div>\n\t\t\t\t<div class=\"elementor-element elementor-element-7f6310a elementor-widget elementor-widget-jkit_button\" data-id=\"7f6310a\" data-element_type=\"widget\" data-e-type=\"widget\" data-settings=\"{&quot;profecient_parallax_effects_toggle&quot;:0,&quot;profecient_mouse_effects_toggle&quot;:0}\" data-widget_type=\"jkit_button.default\">\n\t\t\t\t<div class=\"elementor-widget-container\">\n\t\t\t\t\t<div  class=\"jeg-elementor-kit jkit-button  icon-position-after jeg_module___69f32029a8b15\" ><a href=\"https:\/\/evenos.com.tr\/iletisim\" class=\"jkit-button-wrapper\">Daha Fazla Bilgi Al<i aria-hidden=\"true\" class=\"jki jki-arrow-up-right-line\"><\/i><\/a><\/div>\t\t\t\t<\/div>\n\t\t\t\t<\/div>\n\t\t\t\t<\/div>\n\t\t\t\t\t<\/div>\n\t\t\t\t<\/div>\n\t\t\t\t<\/div>\n\t\t","protected":false},"excerpt":{"rendered":"<p>Foam extinguishing systemsare extinguishing systems whose content is foam liquids and waiting for intervention under a certain pressure.Foam extinguishing systems that show a very effective function in fires caused by flammable liquids and types of fires caused by fuels, sprinkler can be multiplexed using foam extinguishing systems.Therefore, foam extinguishing systems are prepared as special automatic [&hellip;]<\/p>\n","protected":false},"author":1,"featured_media":0,"parent":0,"menu_order":0,"comment_status":"closed","ping_status":"closed","template":"","meta":{"footnotes":""},"class_list":["post-965","page","type-page","status-publish","hentry"],"_links":{"self":[{"href":"https:\/\/evenos.com.tr\/en\/wp-json\/wp\/v2\/pages\/965","targetHints":{"allow":["GET"]}}],"collection":[{"href":"https:\/\/evenos.com.tr\/en\/wp-json\/wp\/v2\/pages"}],"about":[{"href":"https:\/\/evenos.com.tr\/en\/wp-json\/wp\/v2\/types\/page"}],"author":[{"embeddable":true,"href":"https:\/\/evenos.com.tr\/en\/wp-json\/wp\/v2\/users\/1"}],"replies":[{"embeddable":true,"href":"https:\/\/evenos.com.tr\/en\/wp-json\/wp\/v2\/comments?post=965"}],"version-history":[{"count":16,"href":"https:\/\/evenos.com.tr\/en\/wp-json\/wp\/v2\/pages\/965\/revisions"}],"predecessor-version":[{"id":2560,"href":"https:\/\/evenos.com.tr\/en\/wp-json\/wp\/v2\/pages\/965\/revisions\/2560"}],"wp:attachment":[{"href":"https:\/\/evenos.com.tr\/en\/wp-json\/wp\/v2\/media?parent=965"}],"curies":[{"name":"wp","href":"https:\/\/api.w.org\/{rel}","templated":true}]}}