{"id":961,"date":"2024-07-30T10:42:15","date_gmt":"2024-07-30T07:42:15","guid":{"rendered":"https:\/\/evenos.com.tr\/foam-sprinkler-fire-extinguishing-systems\/"},"modified":"2025-03-14T14:21:41","modified_gmt":"2025-03-14T11:21:41","slug":"foam-sprinkler-systems","status":"publish","type":"page","link":"https:\/\/evenos.com.tr\/en\/foam-sprinkler-systems","title":{"rendered":"Foam Sprinkler Systems"},"content":{"rendered":"<style>.elementor-961 .elementor-element.elementor-element-e4090e4{--display:flex;--flex-direction:row;--container-widget-width:initial;--container-widget-height:100%;--container-widget-flex-grow:1;--container-widget-align-self:stretch;--flex-wrap-mobile:wrap;--gap:0px 0px;--row-gap:0px;--column-gap:0px;}.elementor-961 .elementor-element.elementor-element-9587296{--display:flex;--flex-direction:column;--container-widget-width:100%;--container-widget-height:initial;--container-widget-flex-grow:0;--container-widget-align-self:initial;--flex-wrap-mobile:wrap;}.elementor-961 .elementor-element.elementor-element-9587296.e-con{--flex-grow:0;--flex-shrink:0;}.elementor-961 .elementor-element.elementor-element-0715bae{--display:flex;--flex-direction:column;--container-widget-width:100%;--container-widget-height:initial;--container-widget-flex-grow:0;--container-widget-align-self:initial;--flex-wrap-mobile:wrap;}.elementor-961 .elementor-element.elementor-element-0715bae.e-con{--flex-grow:0;--flex-shrink:0;}.elementor-961 .elementor-element.elementor-element-7f6310a .jeg-elementor-kit.jkit-button{text-align:left;}.elementor-961 .elementor-element.elementor-element-7f6310a .jeg-elementor-kit.jkit-button .jkit-button-wrapper{color:#FFFFFF;background-color:var( --e-global-color-accent );}.elementor-961 .elementor-element.elementor-element-7f6310a .jeg-elementor-kit.jkit-button .jkit-button-wrapper svg{fill:#FFFFFF;}.elementor-961 .elementor-element.elementor-element-7f6310a .jeg-elementor-kit.jkit-button .jkit-button-wrapper:not(.hover-gradient):hover, .elementor-961 .elementor-element.elementor-element-7f6310a .jeg-elementor-kit.jkit-button .jkit-button-wrapper.hover-gradient:before{background-color:var( --e-global-color-primary );}.elementor-961 .elementor-element.elementor-element-7f6310a .jeg-elementor-kit.jkit-button.icon-position-before .jkit-button-wrapper i, .elementor-961 .elementor-element.elementor-element-7f6310a .jeg-elementor-kit.jkit-button.icon-position-before .jkit-button-wrapper svg{margin-right:5px;}.elementor-961 .elementor-element.elementor-element-7f6310a .jeg-elementor-kit.jkit-button.icon-position-after .jkit-button-wrapper i, .elementor-961 .elementor-element.elementor-element-7f6310a .jeg-elementor-kit.jkit-button.icon-position-after .jkit-button-wrapper svg{margin-left:5px;}.elementor-widget-text-editor{font-family:var( --e-global-typography-text-font-family ), Sans-serif;font-size:var( --e-global-typography-text-font-size );font-weight:var( --e-global-typography-text-font-weight );line-height:var( --e-global-typography-text-line-height );}@media(min-width:768px){.elementor-961 .elementor-element.elementor-element-9587296{--width:26.295%;}.elementor-961 .elementor-element.elementor-element-0715bae{--width:76.388%;}}@media(max-width:1024px){.elementor-widget-text-editor{font-size:var( --e-global-typography-text-font-size );line-height:var( --e-global-typography-text-line-height );}}@media(max-width:767px){.elementor-widget-text-editor{font-size:var( --e-global-typography-text-font-size );line-height:var( --e-global-typography-text-line-height );}}<\/style>\t\t<div data-elementor-type=\"wp-page\" data-elementor-id=\"961\" class=\"elementor elementor-961 elementor-486\">\n\t\t\t\t<div class=\"elementor-element elementor-element-e4090e4 e-flex e-con-boxed e-con e-parent\" data-id=\"e4090e4\" data-element_type=\"container\" data-e-type=\"container\" data-settings=\"{&quot;profecient_background_motion_effects_toggle&quot;:0,&quot;profecient_parallax_effects_toggle&quot;:0,&quot;profecient_mouse_effects_toggle&quot;:0}\">\n\t\t\t\t\t<div class=\"e-con-inner\">\n\t\t<div class=\"elementor-element elementor-element-9587296 e-con-full e-flex e-con e-child\" data-id=\"9587296\" data-element_type=\"container\" data-e-type=\"container\" data-settings=\"{&quot;profecient_background_motion_effects_toggle&quot;:0,&quot;profecient_parallax_effects_toggle&quot;:0,&quot;profecient_mouse_effects_toggle&quot;:0}\">\n\t\t\t\t<div class=\"elementor-element elementor-element-e6ebe35 elementor-widget elementor-widget-shortcode\" data-id=\"e6ebe35\" data-element_type=\"widget\" data-e-type=\"widget\" data-settings=\"{&quot;profecient_parallax_effects_toggle&quot;:0,&quot;profecient_mouse_effects_toggle&quot;:0}\" data-widget_type=\"shortcode.default\">\n\t\t\t\t<div class=\"elementor-widget-container\">\n\t\t\t\t\t\t\t<div class=\"elementor-shortcode\"><div id='iksm-656' class='iksm iksm-656 iksm-container '  data-id='656' data-is-pro='0' data-source='menu'><div class='iksm-terms'><div class='iksm-terms-tree iksm-terms-tree--level-1 iksm-terms-tree--parents' style=''><div class=\"iksm-terms-tree__inner\">\n        <div class=\"iksm-term iksm-term--id-643 iksm-term--parent\" data-id=\"643\">\n            <div class=\"iksm-term__inner\" tabindex='0'>\n                <a class=\"iksm-term__link\" href='https:\/\/evenos.com.tr\/kopuklu-sprinkler-sistemleri' target='_self' tabindex='-1'>\n\t\t\t\t        <span class=\"iksm-term__text\">K\u00f6p\u00fckl\u00fc Sprinkler Yang\u0131n S\u00f6nd\u00fcrme Sistemleri<\/span>\n\t\t            <\/a>\n\t\t\t        <\/div>\n\t\t        <\/div>\n\n\t\t\n        <div class=\"iksm-term iksm-term--id-644 iksm-term--parent\" data-id=\"644\">\n            <div class=\"iksm-term__inner\" tabindex='0'>\n                <a class=\"iksm-term__link\" href='https:\/\/evenos.com.tr\/kopuklu-yangin-dolabi' target='_self' tabindex='-1'>\n\t\t\t\t        <span class=\"iksm-term__text\">K\u00f6p\u00fckl\u00fc Yang\u0131n Dolab\u0131<\/span>\n\t\t            <\/a>\n\t\t\t        <\/div>\n\t\t        <\/div>\n\n\t\t\n        <div class=\"iksm-term iksm-term--id-645 iksm-term--parent\" data-id=\"645\">\n            <div class=\"iksm-term__inner\" tabindex='0'>\n                <a class=\"iksm-term__link\" href='https:\/\/evenos.com.tr\/kopuk-konsantresi' target='_self' tabindex='-1'>\n\t\t\t\t        <span class=\"iksm-term__text\">Yang\u0131n S\u00f6nd\u00fcrmede K\u00f6p\u00fck Konsantresi<\/span>\n\t\t            <\/a>\n\t\t\t        <\/div>\n\t\t        <\/div>\n\n\t\t\n        <div class=\"iksm-term iksm-term--id-646 iksm-term--parent\" data-id=\"646\">\n            <div class=\"iksm-term__inner\" tabindex='0'>\n                <a class=\"iksm-term__link\" href='https:\/\/evenos.com.tr\/kopuk-monitorleri' target='_self' tabindex='-1'>\n\t\t\t\t        <span class=\"iksm-term__text\">Yang\u0131n S\u00f6nd\u00fcrmede K\u00f6p\u00fck Monit\u00f6rleri<\/span>\n\t\t            <\/a>\n\t\t\t        <\/div>\n\t\t        <\/div>\n\n\t\t\n        <div class=\"iksm-term iksm-term--id-647 iksm-term--parent\" data-id=\"647\">\n            <div class=\"iksm-term__inner\" tabindex='0'>\n                <a class=\"iksm-term__link\" href='https:\/\/evenos.com.tr\/yuksek-genlesmeli-kopuklu-sondurme-sistemleri' target='_self' tabindex='-1'>\n\t\t\t\t        <span class=\"iksm-term__text\">Y\u00fcksek Genle\u015fmeli K\u00f6p\u00fckl\u00fc S\u00f6nd\u00fcrme Sistemleri<\/span>\n\t\t            <\/a>\n\t\t\t        <\/div>\n\t\t        <\/div>\n\n\t\t<\/div><\/div><\/div><div id=\"iksm_data_args\" class=\"data-args\"  data-collapse_children_terms='1' data-collapse_other_terms='1' data-collapse_animation_duration='400' data-expand_animation_duration='400'><\/div><\/div><script id=\"styles-copier-69e88f9ce874b\">\n\t\t\t\/\/ Finding styles element\n\t        var element = document.getElementById(\"iksm-dynamic-style\");\n\t        if (!element) { \/\/ If no element (Cache plugins can remove tag), then creating a new one\n                element = document.createElement('style');\n                var head = document.getElementsByTagName(\"head\")\n                if (head && head[0]) {\n                \thead[0].appendChild(element);\n                } else {\n                  \tconsole.warn(\"Iks Menu | Error while printing styles. Please contact technical support.\");\n                }\n\t        }\n\t\t\t\/\/ Copying styles to <styles> tag\n\t        element.innerHTML += \".iksm-656 .iksm-terms{border-top-left-radius:8px;border-top-right-radius:8px;border-bottom-right-radius:8px;border-bottom-left-radius:8px;transition:all 400ms;animation:iks-fade-in 1000ms;}.iksm-656 .iksm-terms-tree--level-1 > * > .iksm-term:not(:last-child){margin-bottom:0;}.iksm-656 .iksm-term__inner{background-color:rgba(255,255,255,1);border-top-left-radius:8px;border-top-right-radius:8px;border-bottom-right-radius:8px;border-bottom-left-radius:8px;margin-top:5px;min-height:44px;transition:all 400ms;}.iksm-656 .iksm-term__inner:hover{background-color:rgba(236,236,236,1);}.iksm-656 .iksm-term--current > .iksm-term__inner{background-color:rgba(212,212,212,1);}.iksm-656 .iksm-term__link{color:rgba(0,0,0,1);font-size:15px;line-height:15px;font-weight:400;text-decoration:none;padding-top:5px;padding-right:15px;padding-bottom:5px;padding-left:15px;transition:all 400ms;}.iksm-656 .iksm-term__inner:hover .iksm-term__link{color:rgba(50,50,50,1);}.iksm-656 .iksm-term__toggle__inner{transition:transform 400ms}.iksm-656 .iksm-term--expanded > .iksm-term__inner > .iksm-term__toggle > .iksm-term__toggle__inner{transform:rotate(180deg);}.iksm-656 .iksm-term__toggle{color:rgba(133,133,133,1);font-size:22px;align-self:stretch;height:unset;;width:40px;transition:all 400ms;}.iksm-656 .iksm-term__toggle:hover{color:rgba(0,0,0,1);}.iksm-656 .iksm-term__image-container{width:30px;min-width:30px;height:30px;min-height:30px;margin-right:15px;transition:all 400ms;}.iksm-656 .iksm-term__image{background-size:contain;background-position:center;background-repeat:no-repeat;}.iksm-656 .iksm-term__image-container:hover{background-size:contain;background-position:center;background-repeat:no-repeat;}.iksm-656 .iksm-term__inner:hover .iksm-term__image-container{background-size:contain;background-position:center;background-repeat:no-repeat;}.iksm-656 .iksm-term__inner:focus .iksm-term__image-container{background-size:contain;background-position:center;background-repeat:no-repeat;}.iksm-656 .iksm-term--current > .iksm-term__inner .iksm-term__image-container{background-size:contain;background-position:center;background-repeat:no-repeat;}.iksm-656 .iksm-term--child .iksm-term__inner .iksm-term__image-container{background-size:contain;background-position:center;background-repeat:no-repeat;}.iksm-656 .iksm-term--child .iksm-term__inner .iksm-term__image-container:hover{background-size:contain;background-position:center;background-repeat:no-repeat;}.iksm-656 .iksm-term--child .iksm-term__inner .iksm-term__image-container:focus{background-size:contain;background-position:center;background-repeat:no-repeat;}.iksm-656 .iksm-term--child.iksm-term--current > .iksm-term__inner .iksm-term__image-container{background-size:contain;background-position:center;background-repeat:no-repeat;}.iksm-656  .iksm-term__text{flex: unset}.iksm-656 .iksm-term__posts-count{color:rgba(133,133,133,1);font-size:16px;margin-left:12px;font-weight:400;transition:all 400ms;}\";\n\t        \/\/ Removing this script\n            var this_script = document.getElementById(\"styles-copier-69e88f9ce874b\");\n            if (this_script) { \/\/ Cache plugins can remove tag\n\t            this_script.outerHTML = \"\";\n\t            if (this_script.parentNode) {\n\t                this_script.parentNode.removeChild(this_script);\n\t            }\n            }\n        <\/script><\/div>\n\t\t\t\t\t\t<\/div>\n\t\t\t\t<\/div>\n\t\t\t\t<\/div>\n\t\t<div class=\"elementor-element elementor-element-0715bae e-con-full e-flex e-con e-child\" data-id=\"0715bae\" data-element_type=\"container\" data-e-type=\"container\" data-settings=\"{&quot;profecient_background_motion_effects_toggle&quot;:0,&quot;profecient_parallax_effects_toggle&quot;:0,&quot;profecient_mouse_effects_toggle&quot;:0}\">\n\t\t\t\t<div class=\"elementor-element elementor-element-7f6310a elementor-widget elementor-widget-jkit_button\" data-id=\"7f6310a\" data-element_type=\"widget\" data-e-type=\"widget\" data-settings=\"{&quot;profecient_parallax_effects_toggle&quot;:0,&quot;profecient_mouse_effects_toggle&quot;:0}\" data-widget_type=\"jkit_button.default\">\n\t\t\t\t<div class=\"elementor-widget-container\">\n\t\t\t\t\t<div  class=\"jeg-elementor-kit jkit-button  icon-position-after jeg_module___69e88f9ce915c\" ><a href=\"https:\/\/evenos.com.tr\/iletisim\" class=\"jkit-button-wrapper\">Daha Fazla Bilgi Al<i aria-hidden=\"true\" class=\"jki jki-arrow-up-right-line\"><\/i><\/a><\/div>\t\t\t\t<\/div>\n\t\t\t\t<\/div>\n\t\t\t\t<div class=\"elementor-element elementor-element-b79cc79 elementor-widget elementor-widget-text-editor\" data-id=\"b79cc79\" data-element_type=\"widget\" data-e-type=\"widget\" data-settings=\"{&quot;profecient_parallax_effects_toggle&quot;:0,&quot;profecient_mouse_effects_toggle&quot;:0}\" data-widget_type=\"text-editor.default\">\n\t\t\t\t<div class=\"elementor-widget-container\">\n\t\t\t\t\t\t\t\t\t<p style=\"font-weight: 400;\"><span style=\"font-weight: 400;\">In areas where flammable and flammable liquids are present, foam extinguishing systems should be preferred rather than water extinguishing systems.<br \/>The reason for this is that water extinguishing systems are insufficient for extinguishing in these areas and do not meet the needs.<br \/>Foam fire extinguishing &#8211; foam fire extinguishing is very effective in extinguishing class B fires. <\/span><\/p><p style=\"font-weight: 400;\"><span style=\"font-weight: 400;\">In other words, foam extinguishing systems are frequently used in extinguishing fires caused by flammable liquids.<br \/>Foam fire extinguishing systems are divided into different classes.<br \/>One of them, the foam sprinkler system, is among the automatic systems and helps to extinguish the fire as soon as possible.<br \/>Features such as their specific usage areas and the ability to intervene in the fire from many points at the same time are among the advantages of foam extinguishing systems. <\/span><\/p><h2><b>What are the Fires Suitable for Extinguishing with Foam?<\/b><\/h2><p style=\"font-weight: 400;\"><span style=\"font-weight: 400;\">Foam extinguishing systems,<\/span><a href=\"https:\/\/evenos.com.tr\/en\/water-based-suppression\"> <b>extinguishing with water<\/b><\/a><span style=\"font-weight: 400;\"> are used in many types of fires where they are inadequate and dysfunctional.<br \/>These systems are integrated into hazardous areas and the danger is reduced.<br \/>Fires that are suitable to be extinguished using foam are fires caused by flammable and combustible liquids, usually called Class B fires. <\/span><\/p><p style=\"font-weight: 400;\"><span style=\"font-weight: 400;\">Foam fire extinguishing is preferred especially in fires with no embers and only flames.<br \/>Since there are no embers and only flames, these fires are suffocated and neutralized with the help of foam.<br \/>Therefore, foam extinguishing can help to get the best efficiency in suitable areas.<br \/>Foam extinguishing system is not preferred especially in electrical fires due to the presence of water. <\/span><\/p><h2><b>What are the Features of Foam Fire Extinguishing Systems?<\/b><\/h2><p style=\"font-weight: 400;\"><a href=\"https:\/\/evenos.com.tr\/en\/foam-monitors\"><b>Foam fire extinguisher<\/b><\/a><span style=\"font-weight: 400;\"> and sprinkler system, thanks to its features, extinguishes the fire quickly by suffocating it.<br \/>The general features of the systems are as follows: <\/span><\/p><ol style=\"font-weight: 400;\"><li style=\"font-weight: 400;\" aria-level=\"1\"><span style=\"font-weight: 400;\">Unlike water, the density of the foam used is lower than that of the burning liquid.<br \/>It therefore provides buoyancy, thus creating a tight and hole-free layer. <\/span><\/li><li style=\"font-weight: 400;\" aria-level=\"1\"><span style=\"font-weight: 400;\">The layer formed by the foam fire extinguishing system prevents oxygen from reaching the flammable and combustible liquid to suffocate the fire.<\/span><\/li><li style=\"font-weight: 400;\" aria-level=\"1\"><span style=\"font-weight: 400;\">Foam sprinklers can also prevent gas leakage as they suffocate and suppress the fire in this way.<\/span><\/li><li style=\"font-weight: 400;\" aria-level=\"1\"><span style=\"font-weight: 400;\">The water content in the foam is very high.<br \/>In this way, the surface of the fuel and the metals it comes into contact with cool down quickly.<br \/>Thus, the fire becomes more controllable thanks to foam fire extinguishing. <\/span><\/li><\/ol><p style=\"font-weight: 400;\"><span style=\"font-weight: 400;\">In addition to these features, foam extinguishing systems, which have many features, can be used in all other risky areas, especially flammable flammable liquid storages.<br \/>Foam fire extinguishing system design should also be carried out by competent people in line with the features. <\/span><\/p><h2><b>Foam Sprinkler System Usage Areas<\/b><\/h2><p style=\"font-weight: 400;\"><span style=\"font-weight: 400;\">Foam sprinklers are one of the preferred systems in many hazardous areas.<br \/>General usage areas of foam sprinkler systems can be listed as follows: <\/span><\/p><ul style=\"font-weight: 400;\"><li style=\"font-weight: 400;\" aria-level=\"1\"><span style=\"font-weight: 400;\">Aircraft hangars<\/span><\/li><li style=\"font-weight: 400;\" aria-level=\"1\"><span style=\"font-weight: 400;\">Tank sites<\/span><\/li><li style=\"font-weight: 400;\" aria-level=\"1\"><span style=\"font-weight: 400;\">Helicopter hangars<\/span><\/li><li style=\"font-weight: 400;\" aria-level=\"1\"><span style=\"font-weight: 400;\">Pharmaceutical factories<\/span><\/li><li style=\"font-weight: 400;\" aria-level=\"1\"><span style=\"font-weight: 400;\">Paint factories<\/span><\/li><li style=\"font-weight: 400;\" aria-level=\"1\"><span style=\"font-weight: 400;\">Food factories<\/span><\/li><li style=\"font-weight: 400;\" aria-level=\"1\"><span style=\"font-weight: 400;\">Fuel stations<\/span><\/li><li style=\"font-weight: 400;\" aria-level=\"1\"><span style=\"font-weight: 400;\">Tanks with chemical substances<\/span><\/li><li style=\"font-weight: 400;\" aria-level=\"1\"><span style=\"font-weight: 400;\">Flammable and combustible liquid storages<\/span><\/li><\/ul><p style=\"font-weight: 400;\"><span style=\"font-weight: 400;\">Foam sprinklers are suitable for use in many other areas where flammable and combustible liquids are present and where Class B fires occur.<br \/>Foam sprinkler systems have different features depending on the type of system and the type of foam used. <\/span><\/p><h2><b>Automatic Foam Sprinkler System<\/b><\/h2><p style=\"font-weight: 400;\"><span style=\"font-weight: 400;\">Each automatic foam sprinkler system, which is divided into three as wet pipe, dry pipe and pre-action system, has a different working principle.<br \/>In the wet pipe system, there is continuous water in the installation.<br \/>At the moment of fire, water is passed with the help of a proportioner and the foam line is opened.<br \/>Foamy water is obtained with water mixed with foam in a certain ratio.<br \/>In dry pipe system, dry alarm valve is preferred at the installation entrance.<br \/>Unlike the wet pipe system, the dry alarm valve is kept under pressure with the help of water.<br \/>In the pre-action system, there is no mixture of foam and water in the pipes.<br \/>Mechanical verification or electricity is required for the water to drain.<br \/>It is another type of dry pipe system. <\/span><\/p><h2><b>Flood Foam Sprinkler System<\/b><\/h2><p style=\"font-weight: 400;\"><span style=\"font-weight: 400;\">The dominant foam sprinkler system sprays the foam into the fire in a very short time.<br \/>The dominant foam sprinkler, which is activated by the fire detection system, responds to the fire in a very short time.<br \/>These systems ensure that the water is discharged from the sprinkler heads to the entire protected area as a result of the activation of the valve controlling the flow of water.<br \/>Aircraft hangars are the most common area of use for these systems. <\/span><\/p><h3><b>Protein Based Foam Sprinkler System<\/b><\/h3><p style=\"font-weight: 400;\"><span style=\"font-weight: 400;\">RP is also known as foaming liquid.<br \/>Protein base suitable for use with dry chemical <\/span> <a href=\"https:\/\/evenos.com.tr\/en\/foam-concentrates\"> <b>foam concentrates<\/b><\/a><span style=\"font-weight: 400;\">diluted with 3-6% water to form solutions.<\/span><\/p><h2><b>Synthetic Based Foam Sprinkler System<\/b><\/h2><p style=\"font-weight: 400;\"><span style=\"font-weight: 400;\">Direct application of synthetic based foams on fire is limited to portable nozzle application.<br \/>The most common areas of use are storage areas for flammable and combustible liquids. <\/span><\/p><h2><b>Film Forming Foam Sprinkler System<\/b><\/h2><p style=\"font-weight: 400;\"><span style=\"font-weight: 400;\">Film-forming foams, also known as FFFP, are diluted with 3-6% water.<br \/>FFP, which contains a type of protein that prevents bacterial degradation and stabilizes inhibitors, is used in combination with the dry chemical. <\/span><\/p><h2><b>Alcohol Resistant Foam Sprinkler System<\/b><\/h2><p>AR foam concentrate is used in the range of 3-6% depending on the area to be protected and the type of concentration.<\/p><p style=\"font-weight: 400;\"><span style=\"font-weight: 400;\">With Evenos&#8217; foam fire extinguishing systems, you can benefit from maximum fire protection and get support from experienced and competent personnel. <\/span><\/p><h2><b>Where is a foam fire extinguisher used?<\/b><\/h2><p style=\"font-weight: 400;\"><span style=\"font-weight: 400;\">Foam extinguishing systems are generally used in hangars and facilities, especially in flammable flammable liquid storages.<\/span><\/p><h2><b>How does foam put out a fire?<\/b><\/h2><p style=\"font-weight: 400;\"><span style=\"font-weight: 400;\">Foam forms a non-perforated layer on the burning surface and suffocates the flame by cutting the fire&#8217;s contact with oxygen.<br \/>It also cools the burning surface and prevents re-ignition by preventing gas leakage. <\/span><\/p>\t\t\t\t\t\t\t\t<\/div>\n\t\t\t\t<\/div>\n\t\t\t\t<\/div>\n\t\t\t\t\t<\/div>\n\t\t\t\t<\/div>\n\t\t\t\t<\/div>\n\t\t","protected":false},"excerpt":{"rendered":"<p>Daha Fazla Bilgi Al In areas where flammable and flammable liquids are present, foam extinguishing systems should be preferred rather than water extinguishing systems.The reason for this is that water extinguishing systems are insufficient for extinguishing in these areas and do not meet the needs.Foam fire extinguishing &#8211; foam fire extinguishing is very effective in [&hellip;]<\/p>\n","protected":false},"author":1,"featured_media":0,"parent":0,"menu_order":0,"comment_status":"closed","ping_status":"closed","template":"","meta":{"footnotes":""},"class_list":["post-961","page","type-page","status-publish","hentry"],"_links":{"self":[{"href":"https:\/\/evenos.com.tr\/en\/wp-json\/wp\/v2\/pages\/961","targetHints":{"allow":["GET"]}}],"collection":[{"href":"https:\/\/evenos.com.tr\/en\/wp-json\/wp\/v2\/pages"}],"about":[{"href":"https:\/\/evenos.com.tr\/en\/wp-json\/wp\/v2\/types\/page"}],"author":[{"embeddable":true,"href":"https:\/\/evenos.com.tr\/en\/wp-json\/wp\/v2\/users\/1"}],"replies":[{"embeddable":true,"href":"https:\/\/evenos.com.tr\/en\/wp-json\/wp\/v2\/comments?post=961"}],"version-history":[{"count":22,"href":"https:\/\/evenos.com.tr\/en\/wp-json\/wp\/v2\/pages\/961\/revisions"}],"predecessor-version":[{"id":2559,"href":"https:\/\/evenos.com.tr\/en\/wp-json\/wp\/v2\/pages\/961\/revisions\/2559"}],"wp:attachment":[{"href":"https:\/\/evenos.com.tr\/en\/wp-json\/wp\/v2\/media?parent=961"}],"curies":[{"name":"wp","href":"https:\/\/api.w.org\/{rel}","templated":true}]}}