{"id":899,"date":"2024-07-11T21:00:06","date_gmt":"2024-07-11T18:00:06","guid":{"rendered":"https:\/\/evenos.com.tr\/about-us\/"},"modified":"2024-10-18T11:41:27","modified_gmt":"2024-10-18T08:41:27","slug":"about-us","status":"publish","type":"page","link":"https:\/\/evenos.com.tr\/en\/about-us","title":{"rendered":"About Us"},"content":{"rendered":"<style>.elementor-899 .elementor-element.elementor-element-51a53708{border-style:solid;border-width:0px 0px 1px 0px;border-color:#E5E5E5;transition:background 0.3s, border 0.3s, border-radius 0.3s, box-shadow 0.3s;margin-top:0px;margin-bottom:0px;padding:145px 50px 0px 50px;z-index:2;}.elementor-899 .elementor-element.elementor-element-51a53708, .elementor-899 .elementor-element.elementor-element-51a53708 > .elementor-background-overlay{border-radius:0px 0px 0px 0px;}.elementor-899 .elementor-element.elementor-element-51a53708 > .elementor-background-overlay{transition:background 0.3s, border-radius 0.3s, opacity 0.3s;}.elementor-899 .elementor-element.elementor-element-3ee7d4ad.elementor-column > .elementor-widget-wrap{justify-content:center;}.elementor-899 .elementor-element.elementor-element-3ee7d4ad > .elementor-element-populated{padding:0px 0px 0px 0px;}.elementor-899 .elementor-element.elementor-element-432a73db > .elementor-container{max-width:1200px;}.elementor-899 .elementor-element.elementor-element-432a73db:not(.elementor-motion-effects-element-type-background), .elementor-899 .elementor-element.elementor-element-432a73db > .elementor-motion-effects-container > .elementor-motion-effects-layer{background-color:#565656;background-image:url(\"https:\/\/profecient.jegtheme.com\/savee\/wp-content\/uploads\/sites\/5\/2023\/05\/01-businessman-working-with-laptop-in-modern-office-g-MFCWES4.jpg\");background-position:bottom right;background-repeat:no-repeat;background-size:cover;}.elementor-899 .elementor-element.elementor-element-432a73db > .elementor-background-overlay{background-color:transparent;background-image:linear-gradient(65deg, #060606 30%, #F2295B00 75%);opacity:0.55;transition:background 0.3s, border-radius 0.3s, opacity 0.3s;}.elementor-899 .elementor-element.elementor-element-432a73db, .elementor-899 .elementor-element.elementor-element-432a73db > .elementor-background-overlay{border-radius:20px 20px 0px 0px;}.elementor-899 .elementor-element.elementor-element-432a73db{transition:background 0.3s, border 0.3s, border-radius 0.3s, box-shadow 0.3s;margin-top:-150px;margin-bottom:0px;padding:150px 0px 130px 0px;z-index:0;}.elementor-899 .elementor-element.elementor-element-5c06bb2a.elementor-column > .elementor-widget-wrap{justify-content:flex-start;}.elementor-899 .elementor-element.elementor-element-5c06bb2a > .elementor-element-populated{padding:0% 45% 0% 0%;}.elementor-widget-heading .elementor-heading-title{font-family:var( --e-global-typography-primary-font-family ), Sans-serif;font-size:var( --e-global-typography-primary-font-size );font-weight:var( --e-global-typography-primary-font-weight );line-height:var( --e-global-typography-primary-line-height );}.elementor-899 .elementor-element.elementor-element-45b40be8{text-align:start;width:auto;max-width:auto;}.elementor-899 .elementor-element.elementor-element-45b40be8 .elementor-heading-title{font-family:\"Inter\", Sans-serif;font-size:18px;font-weight:600;line-height:1.3em;color:#FFFFFF;}.elementor-899 .elementor-element.elementor-element-45b40be8 > .elementor-widget-container{margin:0px 0px 15px 0px;padding:5px 8px 5px 58px;background-color:var( --e-global-color-accent );border-radius:3px 3px 3px 3px;}.elementor-899 .elementor-element.elementor-element-4b6d6ee0 > .elementor-container{max-width:1200px;}.elementor-899 .elementor-element.elementor-element-4b6d6ee0:not(.elementor-motion-effects-element-type-background), .elementor-899 .elementor-element.elementor-element-4b6d6ee0 > .elementor-motion-effects-container > .elementor-motion-effects-layer{background-color:#060606;}.elementor-899 .elementor-element.elementor-element-4b6d6ee0, .elementor-899 .elementor-element.elementor-element-4b6d6ee0 > .elementor-background-overlay{border-radius:0px 0px 20px 20px;}.elementor-899 .elementor-element.elementor-element-4b6d6ee0{transition:background 0.3s, border 0.3s, border-radius 0.3s, box-shadow 0.3s;margin-top:0px;margin-bottom:0px;padding:115px 0px 115px 0px;z-index:0;}.elementor-899 .elementor-element.elementor-element-4b6d6ee0 > .elementor-background-overlay{transition:background 0.3s, border-radius 0.3s, opacity 0.3s;}.elementor-899 .elementor-element.elementor-element-45b86bc2 .elementor-heading-title{font-family:\"Inter\", Sans-serif;font-size:18px;font-weight:600;line-height:1.3em;color:#FFFFFF;}.elementor-899 .elementor-element.elementor-element-45b86bc2 > .elementor-widget-container{margin:0px 0px 15px 0px;padding:5px 8px 5px 8px;border-radius:3px 3px 3px 3px;}.elementor-899 .elementor-element.elementor-element-45b86bc2{width:auto;max-width:auto;}.elementor-widget-text-editor{font-family:var( --e-global-typography-text-font-family ), Sans-serif;font-size:var( --e-global-typography-text-font-size );font-weight:var( --e-global-typography-text-font-weight );line-height:var( --e-global-typography-text-line-height );}.elementor-899 .elementor-element.elementor-element-57c7899{text-align:start;font-family:\"Inter\", Sans-serif;font-size:16px;font-weight:400;line-height:1.7em;color:#595959;}.elementor-899 .elementor-element.elementor-element-57c7899 > .elementor-widget-container{margin:0px 0px 0px 0px;padding:0px 50px 0px 0px;}.elementor-899 .elementor-element.elementor-element-62f8c34d .jeg-elementor-kit.jkit-heading{text-align:left;}.elementor-899 .elementor-element.elementor-element-62f8c34d .jeg-elementor-kit.jkit-heading .heading-title{font-family:\"Inter\", Sans-serif;font-size:28px;font-weight:500;text-transform:none;line-height:1.3em;letter-spacing:-0.02em;color:#595959;}.elementor-899 .elementor-element.elementor-element-62f8c34d .jeg-elementor-kit.jkit-heading .heading-title > span{color:#FFFFFF;font-size:28px;font-weight:500;line-height:1.3em;letter-spacing:-0.02em;}.elementor-899 .elementor-element.elementor-element-62f8c34d > .elementor-widget-container{margin:-15px 0px -10px 0px;}.elementor-899 .elementor-element.elementor-element-48c9f9de .elementor-heading-title{font-family:\"Inter\", Sans-serif;font-size:16px;font-weight:400;text-transform:none;line-height:1.1em;letter-spacing:-0.01em;color:#9E9E9E;}.elementor-899 .elementor-element.elementor-element-48c9f9de > .elementor-widget-container{margin:0px 0px 0px 0px;padding:10px 14px 10px 14px;border-style:solid;border-width:1px 1px 1px 1px;border-color:#9E9E9E;border-radius:5px 5px 5px 5px;}.elementor-899 .elementor-element.elementor-element-48c9f9de{width:auto;max-width:auto;}.elementor-899 .elementor-element.elementor-element-3d89b170 > .elementor-container{max-width:1200px;}.elementor-899 .elementor-element.elementor-element-3d89b170 > .elementor-container > .elementor-column > .elementor-widget-wrap{align-content:center;align-items:center;}.elementor-899 .elementor-element.elementor-element-3d89b170{border-style:none;padding:75px 0px 75px 0px;}.elementor-899 .elementor-element.elementor-element-3d89b170, .elementor-899 .elementor-element.elementor-element-3d89b170 > .elementor-background-overlay{border-radius:0px 0px 0px 0px;}.elementor-899 .elementor-element.elementor-element-13a0cfb8.elementor-column > .elementor-widget-wrap{justify-content:center;}.elementor-899 .elementor-element.elementor-element-13a0cfb8 > .elementor-element-populated{padding:0px 0px 0px 0px;}.elementor-widget-image .widget-image-caption{font-family:var( --e-global-typography-text-font-family ), Sans-serif;font-size:var( --e-global-typography-text-font-size );font-weight:var( --e-global-typography-text-font-weight );line-height:var( --e-global-typography-text-line-height );}.elementor-899 .elementor-element.elementor-element-db19de0 img{width:17%;}@media(max-width:1024px){.elementor-899 .elementor-element.elementor-element-51a53708{padding:110px 30px 0px 30px;}.elementor-899 .elementor-element.elementor-element-432a73db:not(.elementor-motion-effects-element-type-background), .elementor-899 .elementor-element.elementor-element-432a73db > .elementor-motion-effects-container > .elementor-motion-effects-layer{background-position:center center;}.elementor-899 .elementor-element.elementor-element-432a73db{padding:60px 60px 60px 60px;}.elementor-899 .elementor-element.elementor-element-5c06bb2a > .elementor-element-populated{padding:0% 0% 0% 0%;}.elementor-widget-heading .elementor-heading-title{font-size:var( --e-global-typography-primary-font-size );line-height:var( --e-global-typography-primary-line-height );}.elementor-899 .elementor-element.elementor-element-45b40be8 .elementor-heading-title{font-size:16px;}.elementor-899 .elementor-element.elementor-element-4b6d6ee0{padding:50px 50px 50px 50px;}.elementor-899 .elementor-element.elementor-element-45b86bc2 .elementor-heading-title{font-size:16px;}.elementor-widget-text-editor{font-size:var( --e-global-typography-text-font-size );line-height:var( --e-global-typography-text-line-height );}.elementor-899 .elementor-element.elementor-element-57c7899{font-size:15px;line-height:1.7em;}.elementor-899 .elementor-element.elementor-element-57c7899 > .elementor-widget-container{padding:0px 0px 0px 0px;}.elementor-899 .elementor-element.elementor-element-62f8c34d .jeg-elementor-kit.jkit-heading .heading-title{font-size:22px;}.elementor-899 .elementor-element.elementor-element-62f8c34d .jeg-elementor-kit.jkit-heading .heading-title > span{font-size:22px;}.elementor-899 .elementor-element.elementor-element-48c9f9de .elementor-heading-title{font-size:14px;line-height:1.1em;letter-spacing:-0.01em;}.elementor-899 .elementor-element.elementor-element-3d89b170{padding:50px 0px 50px 0px;}.elementor-widget-image .widget-image-caption{font-size:var( --e-global-typography-text-font-size );line-height:var( --e-global-typography-text-line-height );}}@media(max-width:767px){.elementor-899 .elementor-element.elementor-element-51a53708{padding:25px 20px 0px 20px;}.elementor-899 .elementor-element.elementor-element-432a73db:not(.elementor-motion-effects-element-type-background), .elementor-899 .elementor-element.elementor-element-432a73db > .elementor-motion-effects-container > .elementor-motion-effects-layer{background-position:center center;}.elementor-899 .elementor-element.elementor-element-432a73db{padding:40px 40px 40px 40px;}.elementor-widget-heading .elementor-heading-title{font-size:var( --e-global-typography-primary-font-size );line-height:var( --e-global-typography-primary-line-height );}.elementor-899 .elementor-element.elementor-element-45b40be8 .elementor-heading-title{font-size:14px;}.elementor-899 .elementor-element.elementor-element-4b6d6ee0{padding:25px 25px 25px 25px;}.elementor-899 .elementor-element.elementor-element-45b86bc2 .elementor-heading-title{font-size:14px;}.elementor-899 .elementor-element.elementor-element-45b86bc2 > .elementor-widget-container{margin:0px 0px 0px 0px;}.elementor-widget-text-editor{font-size:var( --e-global-typography-text-font-size );line-height:var( --e-global-typography-text-line-height );}.elementor-899 .elementor-element.elementor-element-57c7899{font-size:14px;}.elementor-899 .elementor-element.elementor-element-62f8c34d .jeg-elementor-kit.jkit-heading .heading-title{font-size:17px;}.elementor-899 .elementor-element.elementor-element-62f8c34d .jeg-elementor-kit.jkit-heading .heading-title > span{font-size:17px;}.elementor-899 .elementor-element.elementor-element-62f8c34d > .elementor-widget-container{margin:-10px 0px -25px 0px;}.elementor-899 .elementor-element.elementor-element-48c9f9de .elementor-heading-title{font-size:12px;line-height:1.1em;letter-spacing:-0.01em;}.elementor-899 .elementor-element.elementor-element-48c9f9de > .elementor-widget-container{margin:0px 10px 15px 0px;padding:8px 12px 8px 12px;}.elementor-widget-image .widget-image-caption{font-size:var( --e-global-typography-text-font-size );line-height:var( --e-global-typography-text-line-height );}}@media(min-width:768px){.elementor-899 .elementor-element.elementor-element-32040dc{width:29.938%;}.elementor-899 .elementor-element.elementor-element-2680f262{width:69.936%;}}@media(max-width:1024px) and (min-width:768px){.elementor-899 .elementor-element.elementor-element-13a0cfb8{width:100%;}}<\/style>\t\t<div data-elementor-type=\"wp-page\" data-elementor-id=\"899\" class=\"elementor elementor-899 elementor-259\">\n\t\t\t\t\t\t<section class=\"elementor-section elementor-top-section elementor-element elementor-element-51a53708 elementor-section-full_width elementor-section-height-default elementor-section-height-default\" data-id=\"51a53708\" data-element_type=\"section\" data-e-type=\"section\" data-settings=\"{&quot;background_background&quot;:&quot;classic&quot;,&quot;profecient_background_motion_effects_toggle&quot;:0,&quot;profecient_parallax_effects_toggle&quot;:0,&quot;profecient_mouse_effects_toggle&quot;:0}\">\n\t\t\t\t\t\t<div class=\"elementor-container elementor-column-gap-default\">\n\t\t\t\t\t<div class=\"elementor-column elementor-col-100 elementor-top-column elementor-element elementor-element-3ee7d4ad\" data-id=\"3ee7d4ad\" data-element_type=\"column\" data-e-type=\"column\" data-settings=\"{&quot;profecient_background_motion_effects_toggle&quot;:0,&quot;profecient_parallax_effects_toggle&quot;:0,&quot;profecient_mouse_effects_toggle&quot;:0}\">\n\t\t\t<div class=\"elementor-widget-wrap elementor-element-populated\">\n\t\t\t\t\t\t<section class=\"elementor-section elementor-inner-section elementor-element elementor-element-432a73db elementor-section-boxed elementor-section-height-default elementor-section-height-default\" data-id=\"432a73db\" data-element_type=\"section\" data-e-type=\"section\" data-settings=\"{&quot;background_background&quot;:&quot;classic&quot;,&quot;profecient_background_motion_effects_toggle&quot;:0,&quot;profecient_parallax_effects_toggle&quot;:0,&quot;profecient_mouse_effects_toggle&quot;:0}\">\n\t\t\t\t\t\t\t<div class=\"elementor-background-overlay\"><\/div>\n\t\t\t\t\t\t\t<div class=\"elementor-container elementor-column-gap-default\">\n\t\t\t\t\t<div class=\"elementor-column elementor-col-100 elementor-inner-column elementor-element elementor-element-5c06bb2a\" data-id=\"5c06bb2a\" data-element_type=\"column\" data-e-type=\"column\" data-settings=\"{&quot;profecient_background_motion_effects_toggle&quot;:0,&quot;profecient_parallax_effects_toggle&quot;:0,&quot;profecient_mouse_effects_toggle&quot;:0}\">\n\t\t\t<div class=\"elementor-widget-wrap elementor-element-populated\">\n\t\t\t\t\t\t<div class=\"elementor-element elementor-element-45b40be8 elementor-widget__width-auto elementor-widget elementor-widget-heading\" data-id=\"45b40be8\" data-element_type=\"widget\" data-e-type=\"widget\" data-settings=\"{&quot;profecient_parallax_effects_toggle&quot;:0,&quot;profecient_mouse_effects_toggle&quot;:0}\" data-widget_type=\"heading.default\">\n\t\t\t\t<div class=\"elementor-widget-container\">\n\t\t\t\t\t<h5 class=\"elementor-heading-title elementor-size-default\">Evenos Fire Safety Systems<\/h5>\t\t\t\t<\/div>\n\t\t\t\t<\/div>\n\t\t\t\t\t<\/div>\n\t\t<\/div>\n\t\t\t\t\t<\/div>\n\t\t<\/section>\n\t\t\t\t<section class=\"elementor-section elementor-inner-section elementor-element elementor-element-4b6d6ee0 elementor-section-boxed elementor-section-height-default elementor-section-height-default\" data-id=\"4b6d6ee0\" data-element_type=\"section\" data-e-type=\"section\" data-settings=\"{&quot;background_background&quot;:&quot;classic&quot;,&quot;profecient_background_motion_effects_toggle&quot;:0,&quot;profecient_parallax_effects_toggle&quot;:0,&quot;profecient_mouse_effects_toggle&quot;:0}\">\n\t\t\t\t\t\t<div class=\"elementor-container elementor-column-gap-default\">\n\t\t\t\t\t<div class=\"elementor-column elementor-col-50 elementor-inner-column elementor-element elementor-element-32040dc\" data-id=\"32040dc\" data-element_type=\"column\" data-e-type=\"column\" data-settings=\"{&quot;profecient_background_motion_effects_toggle&quot;:0,&quot;profecient_parallax_effects_toggle&quot;:0,&quot;profecient_mouse_effects_toggle&quot;:0}\">\n\t\t\t<div class=\"elementor-widget-wrap elementor-element-populated\">\n\t\t\t\t\t\t<div class=\"elementor-element elementor-element-45b86bc2 elementor-widget__width-auto elementor-widget elementor-widget-heading\" data-id=\"45b86bc2\" data-element_type=\"widget\" data-e-type=\"widget\" data-settings=\"{&quot;profecient_parallax_effects_toggle&quot;:0,&quot;profecient_mouse_effects_toggle&quot;:0}\" data-widget_type=\"heading.default\">\n\t\t\t\t<div class=\"elementor-widget-container\">\n\t\t\t\t\t<h2 class=\"elementor-heading-title elementor-size-default\"><a href=\"https:\/\/evenos.com.tr\/en\/about-us\">About Us<\/a><\/h2>\t\t\t\t<\/div>\n\t\t\t\t<\/div>\n\t\t\t\t<div class=\"elementor-element elementor-element-57c7899 elementor-hidden-mobile elementor-widget elementor-widget-text-editor\" data-id=\"57c7899\" data-element_type=\"widget\" data-e-type=\"widget\" data-settings=\"{&quot;profecient_parallax_effects_toggle&quot;:0,&quot;profecient_mouse_effects_toggle&quot;:0}\" data-widget_type=\"text-editor.default\">\n\t\t\t\t<div class=\"elementor-widget-container\">\n\t\t\t\t\t\t\t\t\t<p><a href=\"https:\/\/evenos.com.tr\/en\/chairmans-message\">Management&#8217;s Message<\/a><\/p>\n<p><a href=\"https:\/\/evenos.com.tr\/en\/mission-and-vision\"><a href=\"https:\/\/evenos.com.tr\/en\/mission-and-vision\">Mission and Vision<\/a><\/a><\/p>\n<p><a href=\"https:\/\/evenos.com.tr\/en\/career\">Career<\/a><\/p>\n\t\t\t\t\t\t\t\t<\/div>\n\t\t\t\t<\/div>\n\t\t\t\t\t<\/div>\n\t\t<\/div>\n\t\t\t\t<div class=\"elementor-column elementor-col-50 elementor-inner-column elementor-element elementor-element-2680f262\" data-id=\"2680f262\" data-element_type=\"column\" data-e-type=\"column\" data-settings=\"{&quot;profecient_background_motion_effects_toggle&quot;:0,&quot;profecient_parallax_effects_toggle&quot;:0,&quot;profecient_mouse_effects_toggle&quot;:0}\">\n\t\t\t<div class=\"elementor-widget-wrap elementor-element-populated\">\n\t\t\t\t\t\t<div class=\"elementor-element elementor-element-62f8c34d elementor-widget elementor-widget-jkit_heading\" data-id=\"62f8c34d\" data-element_type=\"widget\" data-e-type=\"widget\" data-settings=\"{&quot;profecient_parallax_effects_toggle&quot;:0,&quot;profecient_mouse_effects_toggle&quot;:0}\" data-widget_type=\"jkit_heading.default\">\n\t\t\t\t<div class=\"elementor-widget-container\">\n\t\t\t\t\t<div  class=\"jeg-elementor-kit jkit-heading  align-left align-tablet- align-mobile- jeg_module___69f4825c71415\" ><div class=\"heading-section-title  display-inline-block\"><h3 class=\"heading-title\"><\/h3><\/div><div class=\"heading-section-description\"><p style=\"font-weight: 400\">Yang\u0131n alg\u0131lama ve s\u00f6nd\u00fcrme sistemleri konusunda en g\u00fcvenilir ve \u00f6nc\u00fc firmalardan biri olan Evenos Yang\u0131n G\u00fcvenlik Sistemleri A.\u015e., d\u00fcnya standartlar\u0131nda optimal \u00e7\u00f6z\u00fcmleriyle, partnerlerinin yang\u0131n g\u00fcvenli\u011fi konusundaki en g\u00fcvenilir \u00e7\u00f6z\u00fcm orta\u011f\u0131 olmay\u0131 ilk g\u00fcnden bu yana s\u00fcrd\u00fcrmektedir.<\/p><p>Kuruldu\u011fu g\u00fcnden bu yana, sadece uzmanl\u0131k alan\u0131 olan yang\u0131n g\u00fcvenlik ve korunum sistemleri ile alakal\u0131 ihtiya\u00e7lara \u00e7\u00f6z\u00fcm getiren Evenos A.\u015e., \u00fcretici kimli\u011fi ve yurtd\u0131\u015f\u0131na da verdi\u011fi distrib\u00fct\u00f6rl\u00fckleriyle, m\u00fc\u015fterilerinin yang\u0131n g\u00fcvenli\u011fi ile alakal\u0131 ihtiya\u00e7lar\u0131na tek elden \u00e7\u00f6z\u00fcm sunmaktad\u0131r.<\/p><p>M\u00fc\u015fterilerine yang\u0131n g\u00fcvenlik \u00e7\u00f6z\u00fcmleri konusunda dan\u0131\u015fmanl\u0131k, projelendirme, taahh\u00fctl\u00fck, kontrol\u00f6rl\u00fck, sat\u0131\u015f sonras\u0131 servis ve kadrosundaki tecr\u00fcbeli ve yetkin m\u00fchendis kadrosu ve saha ekibiyle beraber, son teknolojiye sahip en geli\u015fmi\u015f hidrolik hesap ve sim\u00fclasyon programlar\u0131, test cihazlar\u0131 ve birinci s\u0131n\u0131f kalitedeki sistem ekipmanlar\u0131yla; pazardaki pay\u0131n\u0131 giderek art\u0131rmakta ve rekabet g\u00fcc\u00fcn\u00fc s\u00fcrekli y\u00fckseltmektedir.<\/p><p style=\"font-weight: 400\">Evenos Yang\u0131n G\u00fcvenlik Sistemleri A.\u015e. tecr\u00fcbeli m\u00fchendis kadrosu ve saha ekibinin verdi\u011fi g\u00fcvenle, \u00f6zellikle end\u00fcstriyel tesislerle beraber, konut ve ofis binalar\u0131, sa\u011fl\u0131k, turizm ve e\u011fitim yap\u0131lar\u0131, deniz sekt\u00f6r\u00fc gibi yap\u0131lara<\/p><ul style=\"font-weight: 400\"><li>Sulu S\u00f6nd\u00fcrme Sistemleri<\/li><li>K\u00f6p\u00fckl\u00fc S\u00f6nd\u00fcrme Sistemleri<\/li><li>Gazl\u0131 S\u00f6nd\u00fcrme Sistemleri (FM200, Novec1230, Inert, CO2 vs)<\/li><li>Duman Perdeleri ve Yang\u0131n Perdeleri<\/li><li>Yang\u0131n \u2013 Gaz Alg\u0131lama Alarm ve \u0130hbar Sistemleri<\/li><li>Duman Tahliye Sistemleri , \u00c7at\u0131 Ventilasyon Sistemleri<\/li><li>Yang\u0131n Kap\u0131lar\u0131<\/li><li>Pasif Yang\u0131n Durdurucu Sistemler<\/li><\/ul><p style=\"font-weight: 400\">ile alakal\u0131 \u00e7\u00f6z\u00fcmleri; NFPA, BSI, EN, T\u00fcrkiye Yang\u0131n Y\u00f6netmeli\u011fi ve di\u011fer ilgili uluslararas\u0131 standartlara ba\u011fl\u0131 kalarak tek elden sunmaktad\u0131r. T\u00fcm sistem kurulumlar\u0131, sahip olunan sahip olunan distrib\u00fct\u00f6rl\u00fckler \u0131\u015f\u0131\u011f\u0131nda, FM, UL, ULC, VdS, LPCB, GOST, CE onayl\u0131 birinci s\u0131n\u0131f kalitede \u00fcr\u00fcnler ile yap\u0131lmaktad\u0131r.<\/p><p style=\"font-weight: 400\">Ana hedefi, uluslararas\u0131 standartlara ba\u011fl\u0131 kalarak, m\u00fc\u015fterileri i\u00e7in teknik uygunluk \u2013 maliyet bak\u0131m\u0131ndan optimal sistemleri tasarlamak ve bu ba\u011flamda anahtar teslim sistemler sunmak olan Evenos Yang\u0131n G\u00fcvenlik Sistemleri; bu amac\u0131ndan hi\u00e7 sapmadan hareket ederek m\u00fc\u015fterileri i\u00e7in vazge\u00e7ilmez \u00e7\u00f6z\u00fcm orta\u011f\u0131 olmay\u0131 s\u00fcrd\u00fcrmektedir.<\/p><p style=\"font-weight: 400\">Yurt i\u00e7i ile beraber yurt d\u0131\u015f\u0131nda da anahtar teslim projelere imza atmay\u0131 s\u00fcrd\u00fcren Evenos Yang\u0131n G\u00fcvenlik Sistemleri A.\u015e., yang\u0131n g\u00fcvenli\u011fi konusunda lider \u015firketlerden biri olmay\u0131, ilk g\u00fcnk\u00fc heyecan\u0131ndan bir \u015fey kaybetmeden s\u00fcrd\u00fcrecektir.<\/p><\/div><\/div>\t\t\t\t<\/div>\n\t\t\t\t<\/div>\n\t\t\t\t<div class=\"elementor-element elementor-element-48c9f9de elementor-widget__width-auto elementor-widget elementor-widget-heading\" data-id=\"48c9f9de\" data-element_type=\"widget\" data-e-type=\"widget\" data-settings=\"{&quot;profecient_parallax_effects_toggle&quot;:0,&quot;profecient_mouse_effects_toggle&quot;:0}\" data-widget_type=\"heading.default\">\n\t\t\t\t<div class=\"elementor-widget-container\">\n\t\t\t\t\t<h6 class=\"elementor-heading-title elementor-size-default\"><a href=\"https:\/\/evenos.com.tr\/en\/services\">Services<\/a><\/h6>\t\t\t\t<\/div>\n\t\t\t\t<\/div>\n\t\t\t\t\t<\/div>\n\t\t<\/div>\n\t\t\t\t\t<\/div>\n\t\t<\/section>\n\t\t\t\t<section class=\"elementor-section elementor-inner-section elementor-element elementor-element-3d89b170 elementor-section-content-middle elementor-section-boxed elementor-section-height-default elementor-section-height-default\" data-id=\"3d89b170\" data-element_type=\"section\" data-e-type=\"section\" data-settings=\"{&quot;profecient_background_motion_effects_toggle&quot;:0,&quot;profecient_parallax_effects_toggle&quot;:0,&quot;profecient_mouse_effects_toggle&quot;:0}\">\n\t\t\t\t\t\t<div class=\"elementor-container elementor-column-gap-default\">\n\t\t\t\t\t<div class=\"elementor-column elementor-col-100 elementor-inner-column elementor-element elementor-element-13a0cfb8\" data-id=\"13a0cfb8\" data-element_type=\"column\" data-e-type=\"column\" data-settings=\"{&quot;profecient_background_motion_effects_toggle&quot;:0,&quot;profecient_parallax_effects_toggle&quot;:0,&quot;profecient_mouse_effects_toggle&quot;:0}\">\n\t\t\t<div class=\"elementor-widget-wrap elementor-element-populated\">\n\t\t\t\t\t\t<div class=\"elementor-element elementor-element-db19de0 elementor-widget elementor-widget-image\" data-id=\"db19de0\" data-element_type=\"widget\" data-e-type=\"widget\" data-settings=\"{&quot;profecient_parallax_effects_toggle&quot;:0,&quot;profecient_mouse_effects_toggle&quot;:0}\" data-widget_type=\"image.default\">\n\t\t\t\t<div class=\"elementor-widget-container\">\n\t\t\t\t\t\t\t\t\t\t\t\t\t\t\t<img decoding=\"async\" width=\"251\" height=\"71\" src=\"https:\/\/evenos.com.tr\/wp-content\/uploads\/2024\/05\/logo.png\" class=\"attachment-large size-large wp-image-725\" alt=\"evenos logo\" \/>\t\t\t\t\t\t\t\t\t\t\t\t\t\t\t<\/div>\n\t\t\t\t<\/div>\n\t\t\t\t\t<\/div>\n\t\t<\/div>\n\t\t\t\t\t<\/div>\n\t\t<\/section>\n\t\t\t\t\t<\/div>\n\t\t<\/div>\n\t\t\t\t\t<\/div>\n\t\t<\/section>\n\t\t\t\t<\/div>\n\t\t","protected":false},"excerpt":{"rendered":"<p>Evenos Fire Safety Systems About Us Management&#8217;s Message Mission and Vision Career Yang\u0131n alg\u0131lama ve s\u00f6nd\u00fcrme sistemleri konusunda en g\u00fcvenilir ve \u00f6nc\u00fc firmalardan biri olan Evenos Yang\u0131n G\u00fcvenlik Sistemleri A.\u015e., d\u00fcnya standartlar\u0131nda optimal \u00e7\u00f6z\u00fcmleriyle, partnerlerinin yang\u0131n g\u00fcvenli\u011fi konusundaki en g\u00fcvenilir \u00e7\u00f6z\u00fcm orta\u011f\u0131 olmay\u0131 ilk g\u00fcnden bu yana s\u00fcrd\u00fcrmektedir. Kuruldu\u011fu g\u00fcnden bu yana, sadece uzmanl\u0131k alan\u0131 [&hellip;]<\/p>\n","protected":false},"author":1,"featured_media":0,"parent":0,"menu_order":0,"comment_status":"closed","ping_status":"closed","template":"","meta":{"footnotes":""},"class_list":["post-899","page","type-page","status-publish","hentry"],"_links":{"self":[{"href":"https:\/\/evenos.com.tr\/en\/wp-json\/wp\/v2\/pages\/899","targetHints":{"allow":["GET"]}}],"collection":[{"href":"https:\/\/evenos.com.tr\/en\/wp-json\/wp\/v2\/pages"}],"about":[{"href":"https:\/\/evenos.com.tr\/en\/wp-json\/wp\/v2\/types\/page"}],"author":[{"embeddable":true,"href":"https:\/\/evenos.com.tr\/en\/wp-json\/wp\/v2\/users\/1"}],"replies":[{"embeddable":true,"href":"https:\/\/evenos.com.tr\/en\/wp-json\/wp\/v2\/comments?post=899"}],"version-history":[{"count":12,"href":"https:\/\/evenos.com.tr\/en\/wp-json\/wp\/v2\/pages\/899\/revisions"}],"predecessor-version":[{"id":2146,"href":"https:\/\/evenos.com.tr\/en\/wp-json\/wp\/v2\/pages\/899\/revisions\/2146"}],"wp:attachment":[{"href":"https:\/\/evenos.com.tr\/en\/wp-json\/wp\/v2\/media?parent=899"}],"curies":[{"name":"wp","href":"https:\/\/api.w.org\/{rel}","templated":true}]}}