{"id":894,"date":"2024-07-11T21:18:45","date_gmt":"2024-07-11T18:18:45","guid":{"rendered":"https:\/\/evenos.com.tr\/managements-message\/"},"modified":"2024-09-12T13:02:40","modified_gmt":"2024-09-12T10:02:40","slug":"chairmans-message","status":"publish","type":"page","link":"https:\/\/evenos.com.tr\/en\/chairmans-message","title":{"rendered":"Chairman&#8217;s Message"},"content":{"rendered":"<style>.elementor-894 .elementor-element.elementor-element-51a53708{border-style:solid;border-width:0px 0px 1px 0px;border-color:#E5E5E5;transition:background 0.3s, border 0.3s, border-radius 0.3s, box-shadow 0.3s;margin-top:0px;margin-bottom:0px;padding:145px 50px 0px 50px;z-index:2;}.elementor-894 .elementor-element.elementor-element-51a53708, .elementor-894 .elementor-element.elementor-element-51a53708 > .elementor-background-overlay{border-radius:0px 0px 0px 0px;}.elementor-894 .elementor-element.elementor-element-51a53708 > .elementor-background-overlay{transition:background 0.3s, border-radius 0.3s, opacity 0.3s;}.elementor-894 .elementor-element.elementor-element-3ee7d4ad.elementor-column > .elementor-widget-wrap{justify-content:center;}.elementor-894 .elementor-element.elementor-element-3ee7d4ad > .elementor-element-populated{padding:0px 0px 0px 0px;}.elementor-894 .elementor-element.elementor-element-432a73db > .elementor-container{max-width:1200px;}.elementor-894 .elementor-element.elementor-element-432a73db:not(.elementor-motion-effects-element-type-background), .elementor-894 .elementor-element.elementor-element-432a73db > .elementor-motion-effects-container > .elementor-motion-effects-layer{background-color:#565656;background-image:url(\"https:\/\/profecient.jegtheme.com\/savee\/wp-content\/uploads\/sites\/5\/2023\/05\/01-businessman-working-with-laptop-in-modern-office-g-MFCWES4.jpg\");background-position:bottom right;background-repeat:no-repeat;background-size:cover;}.elementor-894 .elementor-element.elementor-element-432a73db > .elementor-background-overlay{background-color:transparent;background-image:linear-gradient(65deg, #060606 30%, #F2295B00 75%);opacity:0.55;transition:background 0.3s, border-radius 0.3s, opacity 0.3s;}.elementor-894 .elementor-element.elementor-element-432a73db, .elementor-894 .elementor-element.elementor-element-432a73db > .elementor-background-overlay{border-radius:20px 20px 0px 0px;}.elementor-894 .elementor-element.elementor-element-432a73db{transition:background 0.3s, border 0.3s, border-radius 0.3s, box-shadow 0.3s;margin-top:-150px;margin-bottom:0px;padding:150px 0px 130px 0px;z-index:0;}.elementor-894 .elementor-element.elementor-element-5c06bb2a.elementor-column > .elementor-widget-wrap{justify-content:flex-start;}.elementor-894 .elementor-element.elementor-element-5c06bb2a > .elementor-element-populated{padding:0% 45% 0% 0%;}.elementor-widget-heading .elementor-heading-title{font-family:var( --e-global-typography-primary-font-family ), Sans-serif;font-size:var( --e-global-typography-primary-font-size );font-weight:var( --e-global-typography-primary-font-weight );line-height:var( --e-global-typography-primary-line-height );}.elementor-894 .elementor-element.elementor-element-45b40be8{text-align:start;width:auto;max-width:auto;}.elementor-894 .elementor-element.elementor-element-45b40be8 .elementor-heading-title{font-family:\"Inter\", Sans-serif;font-size:18px;font-weight:600;line-height:1.3em;color:#FFFFFF;}.elementor-894 .elementor-element.elementor-element-45b40be8 > .elementor-widget-container{margin:0px 0px 15px 0px;padding:5px 8px 5px 58px;background-color:var( --e-global-color-accent );border-radius:3px 3px 3px 3px;}.elementor-894 .elementor-element.elementor-element-4b6d6ee0 > .elementor-container{max-width:1200px;}.elementor-894 .elementor-element.elementor-element-4b6d6ee0:not(.elementor-motion-effects-element-type-background), .elementor-894 .elementor-element.elementor-element-4b6d6ee0 > .elementor-motion-effects-container > .elementor-motion-effects-layer{background-color:#060606;}.elementor-894 .elementor-element.elementor-element-4b6d6ee0, .elementor-894 .elementor-element.elementor-element-4b6d6ee0 > .elementor-background-overlay{border-radius:0px 0px 20px 20px;}.elementor-894 .elementor-element.elementor-element-4b6d6ee0{transition:background 0.3s, border 0.3s, border-radius 0.3s, box-shadow 0.3s;margin-top:0px;margin-bottom:0px;padding:115px 0px 115px 0px;z-index:0;}.elementor-894 .elementor-element.elementor-element-4b6d6ee0 > .elementor-background-overlay{transition:background 0.3s, border-radius 0.3s, opacity 0.3s;}.elementor-894 .elementor-element.elementor-element-45b86bc2 .elementor-heading-title{font-family:\"Inter\", Sans-serif;font-size:18px;font-weight:600;line-height:1.3em;color:#FFFFFF;}.elementor-894 .elementor-element.elementor-element-45b86bc2 > .elementor-widget-container{margin:0px 0px 15px 0px;padding:5px 8px 5px 8px;border-radius:3px 3px 3px 3px;}.elementor-894 .elementor-element.elementor-element-45b86bc2{width:auto;max-width:auto;}.elementor-widget-text-editor{font-family:var( --e-global-typography-text-font-family ), Sans-serif;font-size:var( --e-global-typography-text-font-size );font-weight:var( --e-global-typography-text-font-weight );line-height:var( --e-global-typography-text-line-height );}.elementor-894 .elementor-element.elementor-element-57c7899{text-align:start;font-family:\"Inter\", Sans-serif;font-size:16px;font-weight:400;line-height:1.7em;color:#595959;}.elementor-894 .elementor-element.elementor-element-57c7899 > .elementor-widget-container{margin:0px 0px 0px 0px;padding:0px 50px 0px 0px;}.elementor-894 .elementor-element.elementor-element-62f8c34d .jeg-elementor-kit.jkit-heading{text-align:left;}.elementor-894 .elementor-element.elementor-element-62f8c34d .jeg-elementor-kit.jkit-heading .heading-title{font-family:\"Inter\", Sans-serif;font-size:28px;font-weight:500;text-transform:none;line-height:1.3em;letter-spacing:-0.02em;color:#595959;}.elementor-894 .elementor-element.elementor-element-62f8c34d .jeg-elementor-kit.jkit-heading .heading-title > span{color:#FFFFFF;font-size:28px;font-weight:500;line-height:1.3em;letter-spacing:-0.02em;}.elementor-894 .elementor-element.elementor-element-62f8c34d > .elementor-widget-container{margin:-15px 0px -10px 0px;}.elementor-894 .elementor-element.elementor-element-3d89b170 > .elementor-container{max-width:1200px;}.elementor-894 .elementor-element.elementor-element-3d89b170 > .elementor-container > .elementor-column > .elementor-widget-wrap{align-content:center;align-items:center;}.elementor-894 .elementor-element.elementor-element-3d89b170{border-style:none;padding:75px 0px 75px 0px;}.elementor-894 .elementor-element.elementor-element-3d89b170, .elementor-894 .elementor-element.elementor-element-3d89b170 > .elementor-background-overlay{border-radius:0px 0px 0px 0px;}.elementor-894 .elementor-element.elementor-element-13a0cfb8.elementor-column > .elementor-widget-wrap{justify-content:center;}.elementor-894 .elementor-element.elementor-element-13a0cfb8 > .elementor-element-populated{padding:0px 0px 0px 0px;}.elementor-widget-image .widget-image-caption{font-family:var( --e-global-typography-text-font-family ), Sans-serif;font-size:var( --e-global-typography-text-font-size );font-weight:var( --e-global-typography-text-font-weight );line-height:var( --e-global-typography-text-line-height );}.elementor-894 .elementor-element.elementor-element-db19de0 img{width:17%;}@media(max-width:1024px){.elementor-894 .elementor-element.elementor-element-51a53708{padding:110px 30px 0px 30px;}.elementor-894 .elementor-element.elementor-element-432a73db:not(.elementor-motion-effects-element-type-background), .elementor-894 .elementor-element.elementor-element-432a73db > .elementor-motion-effects-container > .elementor-motion-effects-layer{background-position:center center;}.elementor-894 .elementor-element.elementor-element-432a73db{padding:60px 60px 60px 60px;}.elementor-894 .elementor-element.elementor-element-5c06bb2a > .elementor-element-populated{padding:0% 0% 0% 0%;}.elementor-widget-heading .elementor-heading-title{font-size:var( --e-global-typography-primary-font-size );line-height:var( --e-global-typography-primary-line-height );}.elementor-894 .elementor-element.elementor-element-45b40be8 .elementor-heading-title{font-size:16px;}.elementor-894 .elementor-element.elementor-element-4b6d6ee0{padding:50px 50px 50px 50px;}.elementor-894 .elementor-element.elementor-element-45b86bc2 .elementor-heading-title{font-size:16px;}.elementor-widget-text-editor{font-size:var( --e-global-typography-text-font-size );line-height:var( --e-global-typography-text-line-height );}.elementor-894 .elementor-element.elementor-element-57c7899{font-size:15px;line-height:1.7em;}.elementor-894 .elementor-element.elementor-element-57c7899 > .elementor-widget-container{padding:0px 0px 0px 0px;}.elementor-894 .elementor-element.elementor-element-62f8c34d .jeg-elementor-kit.jkit-heading .heading-title{font-size:22px;}.elementor-894 .elementor-element.elementor-element-62f8c34d .jeg-elementor-kit.jkit-heading .heading-title > span{font-size:22px;}.elementor-894 .elementor-element.elementor-element-3d89b170{padding:50px 0px 50px 0px;}.elementor-widget-image .widget-image-caption{font-size:var( --e-global-typography-text-font-size );line-height:var( --e-global-typography-text-line-height );}}@media(max-width:767px){.elementor-894 .elementor-element.elementor-element-51a53708{padding:25px 20px 0px 20px;}.elementor-894 .elementor-element.elementor-element-432a73db:not(.elementor-motion-effects-element-type-background), .elementor-894 .elementor-element.elementor-element-432a73db > .elementor-motion-effects-container > .elementor-motion-effects-layer{background-position:center center;}.elementor-894 .elementor-element.elementor-element-432a73db{padding:40px 40px 40px 40px;}.elementor-widget-heading .elementor-heading-title{font-size:var( --e-global-typography-primary-font-size );line-height:var( --e-global-typography-primary-line-height );}.elementor-894 .elementor-element.elementor-element-45b40be8 .elementor-heading-title{font-size:14px;}.elementor-894 .elementor-element.elementor-element-4b6d6ee0{padding:25px 25px 25px 25px;}.elementor-894 .elementor-element.elementor-element-45b86bc2 .elementor-heading-title{font-size:14px;}.elementor-894 .elementor-element.elementor-element-45b86bc2 > .elementor-widget-container{margin:0px 0px 0px 0px;}.elementor-widget-text-editor{font-size:var( --e-global-typography-text-font-size );line-height:var( --e-global-typography-text-line-height );}.elementor-894 .elementor-element.elementor-element-57c7899{font-size:14px;}.elementor-894 .elementor-element.elementor-element-62f8c34d .jeg-elementor-kit.jkit-heading .heading-title{font-size:17px;}.elementor-894 .elementor-element.elementor-element-62f8c34d .jeg-elementor-kit.jkit-heading .heading-title > span{font-size:17px;}.elementor-894 .elementor-element.elementor-element-62f8c34d > .elementor-widget-container{margin:-10px 0px -25px 0px;}.elementor-widget-image .widget-image-caption{font-size:var( --e-global-typography-text-font-size );line-height:var( --e-global-typography-text-line-height );}}@media(min-width:768px){.elementor-894 .elementor-element.elementor-element-32040dc{width:29.938%;}.elementor-894 .elementor-element.elementor-element-2680f262{width:69.936%;}}@media(max-width:1024px) and (min-width:768px){.elementor-894 .elementor-element.elementor-element-13a0cfb8{width:100%;}}<\/style>\t\t<div data-elementor-type=\"wp-page\" data-elementor-id=\"894\" class=\"elementor elementor-894 elementor-274\">\n\t\t\t\t\t\t<section class=\"elementor-section elementor-top-section elementor-element elementor-element-51a53708 elementor-section-full_width elementor-section-height-default elementor-section-height-default\" data-id=\"51a53708\" data-element_type=\"section\" data-e-type=\"section\" data-settings=\"{&quot;background_background&quot;:&quot;classic&quot;,&quot;profecient_background_motion_effects_toggle&quot;:0,&quot;profecient_parallax_effects_toggle&quot;:0,&quot;profecient_mouse_effects_toggle&quot;:0}\">\n\t\t\t\t\t\t<div class=\"elementor-container elementor-column-gap-default\">\n\t\t\t\t\t<div class=\"elementor-column elementor-col-100 elementor-top-column elementor-element elementor-element-3ee7d4ad\" data-id=\"3ee7d4ad\" data-element_type=\"column\" data-e-type=\"column\" data-settings=\"{&quot;profecient_background_motion_effects_toggle&quot;:0,&quot;profecient_parallax_effects_toggle&quot;:0,&quot;profecient_mouse_effects_toggle&quot;:0}\">\n\t\t\t<div class=\"elementor-widget-wrap elementor-element-populated\">\n\t\t\t\t\t\t<section class=\"elementor-section elementor-inner-section elementor-element elementor-element-432a73db elementor-section-boxed elementor-section-height-default elementor-section-height-default\" data-id=\"432a73db\" data-element_type=\"section\" data-e-type=\"section\" data-settings=\"{&quot;background_background&quot;:&quot;classic&quot;,&quot;profecient_background_motion_effects_toggle&quot;:0,&quot;profecient_parallax_effects_toggle&quot;:0,&quot;profecient_mouse_effects_toggle&quot;:0}\">\n\t\t\t\t\t\t\t<div class=\"elementor-background-overlay\"><\/div>\n\t\t\t\t\t\t\t<div class=\"elementor-container elementor-column-gap-default\">\n\t\t\t\t\t<div class=\"elementor-column elementor-col-100 elementor-inner-column elementor-element elementor-element-5c06bb2a\" data-id=\"5c06bb2a\" data-element_type=\"column\" data-e-type=\"column\" data-settings=\"{&quot;profecient_background_motion_effects_toggle&quot;:0,&quot;profecient_parallax_effects_toggle&quot;:0,&quot;profecient_mouse_effects_toggle&quot;:0}\">\n\t\t\t<div class=\"elementor-widget-wrap elementor-element-populated\">\n\t\t\t\t\t\t<div class=\"elementor-element elementor-element-45b40be8 elementor-widget__width-auto elementor-widget elementor-widget-heading\" data-id=\"45b40be8\" data-element_type=\"widget\" data-e-type=\"widget\" data-settings=\"{&quot;profecient_parallax_effects_toggle&quot;:0,&quot;profecient_mouse_effects_toggle&quot;:0}\" data-widget_type=\"heading.default\">\n\t\t\t\t<div class=\"elementor-widget-container\">\n\t\t\t\t\t<h5 class=\"elementor-heading-title elementor-size-default\">Evenos Fire and Security Systems<\/h5>\t\t\t\t<\/div>\n\t\t\t\t<\/div>\n\t\t\t\t\t<\/div>\n\t\t<\/div>\n\t\t\t\t\t<\/div>\n\t\t<\/section>\n\t\t\t\t<section class=\"elementor-section elementor-inner-section elementor-element elementor-element-4b6d6ee0 elementor-section-boxed elementor-section-height-default elementor-section-height-default\" data-id=\"4b6d6ee0\" data-element_type=\"section\" data-e-type=\"section\" data-settings=\"{&quot;background_background&quot;:&quot;classic&quot;,&quot;profecient_background_motion_effects_toggle&quot;:0,&quot;profecient_parallax_effects_toggle&quot;:0,&quot;profecient_mouse_effects_toggle&quot;:0}\">\n\t\t\t\t\t\t<div class=\"elementor-container elementor-column-gap-default\">\n\t\t\t\t\t<div class=\"elementor-column elementor-col-50 elementor-inner-column elementor-element elementor-element-32040dc\" data-id=\"32040dc\" data-element_type=\"column\" data-e-type=\"column\" data-settings=\"{&quot;profecient_background_motion_effects_toggle&quot;:0,&quot;profecient_parallax_effects_toggle&quot;:0,&quot;profecient_mouse_effects_toggle&quot;:0}\">\n\t\t\t<div class=\"elementor-widget-wrap elementor-element-populated\">\n\t\t\t\t\t\t<div class=\"elementor-element elementor-element-45b86bc2 elementor-widget__width-auto elementor-widget elementor-widget-heading\" data-id=\"45b86bc2\" data-element_type=\"widget\" data-e-type=\"widget\" data-settings=\"{&quot;profecient_parallax_effects_toggle&quot;:0,&quot;profecient_mouse_effects_toggle&quot;:0}\" data-widget_type=\"heading.default\">\n\t\t\t\t<div class=\"elementor-widget-container\">\n\t\t\t\t\t<h2 class=\"elementor-heading-title elementor-size-default\"><a href=\"#\">Management's Message<\/a><\/h2>\t\t\t\t<\/div>\n\t\t\t\t<\/div>\n\t\t\t\t<div class=\"elementor-element elementor-element-57c7899 elementor-hidden-mobile elementor-widget elementor-widget-text-editor\" data-id=\"57c7899\" data-element_type=\"widget\" data-e-type=\"widget\" data-settings=\"{&quot;profecient_parallax_effects_toggle&quot;:0,&quot;profecient_mouse_effects_toggle&quot;:0}\" data-widget_type=\"text-editor.default\">\n\t\t\t\t<div class=\"elementor-widget-container\">\n\t\t\t\t\t\t\t\t\t<p>About Us<\/p>\n<p>Vision-Mission<\/p>\n<p>Career<\/p>\n\t\t\t\t\t\t\t\t<\/div>\n\t\t\t\t<\/div>\n\t\t\t\t\t<\/div>\n\t\t<\/div>\n\t\t\t\t<div class=\"elementor-column elementor-col-50 elementor-inner-column elementor-element elementor-element-2680f262\" data-id=\"2680f262\" data-element_type=\"column\" data-e-type=\"column\" data-settings=\"{&quot;profecient_background_motion_effects_toggle&quot;:0,&quot;profecient_parallax_effects_toggle&quot;:0,&quot;profecient_mouse_effects_toggle&quot;:0}\">\n\t\t\t<div class=\"elementor-widget-wrap elementor-element-populated\">\n\t\t\t\t\t\t<div class=\"elementor-element elementor-element-62f8c34d elementor-widget elementor-widget-jkit_heading\" data-id=\"62f8c34d\" data-element_type=\"widget\" data-e-type=\"widget\" data-settings=\"{&quot;profecient_parallax_effects_toggle&quot;:0,&quot;profecient_mouse_effects_toggle&quot;:0}\" data-widget_type=\"jkit_heading.default\">\n\t\t\t\t<div class=\"elementor-widget-container\">\n\t\t\t\t\t<div  class=\"jeg-elementor-kit jkit-heading  align-left align-tablet- align-mobile- jeg_module___69f4691507081\" ><div class=\"heading-section-title  display-inline-block\"><h3 class=\"heading-title\"><\/h3><\/div><div class=\"heading-section-description\"><p>As Evenos Fire, we are taking firm steps towards making our competitive advantages effective by taking part in active projects in the national and international market with our innovative and competitive approach. The added values we obtain through our global collaborations not only provide us with effective advantages in the international market, but also make our continuity in this regard essential.<\/p><p>Our aim is to carry out large and small projects in Turkey, but also to realize projects in the international market and to strengthen the national economy by providing foreign currency inflow to Turkey through the value-added exports we make. The projects we are carrying out in Iraq, Azerbaijan, Qatar and Saudi Arabia simultaneously with Turkey are a product of this idea.<\/p><p>Evenos Yang\u0131n G\u00fcvenlik Sistemleri A.\u015e., which adopts the principle of sustainability as its main strategy, is proud of signing large-scale contracts in Turkey and abroad in a short time, while at the same time taking firm steps towards maximizing the goals of its employees, customers and business partners.<\/p><p>Evenos Yang\u0131n G\u00fcvenlik Sistemleri A.\u015e. will continue to work with all its strength in line with its goal of healthy and sustainable growth by increasing its market share in the constantly developing and growing world economy.<\/p><p>EMRE KARABATAK<\/p><p>Evenos Fire Security Systems Inc.<\/p><p>Co-Founder<\/p><\/div><\/div>\t\t\t\t<\/div>\n\t\t\t\t<\/div>\n\t\t\t\t\t<\/div>\n\t\t<\/div>\n\t\t\t\t\t<\/div>\n\t\t<\/section>\n\t\t\t\t<section class=\"elementor-section elementor-inner-section elementor-element elementor-element-3d89b170 elementor-section-content-middle elementor-section-boxed elementor-section-height-default elementor-section-height-default\" data-id=\"3d89b170\" data-element_type=\"section\" data-e-type=\"section\" data-settings=\"{&quot;profecient_background_motion_effects_toggle&quot;:0,&quot;profecient_parallax_effects_toggle&quot;:0,&quot;profecient_mouse_effects_toggle&quot;:0}\">\n\t\t\t\t\t\t<div class=\"elementor-container elementor-column-gap-default\">\n\t\t\t\t\t<div class=\"elementor-column elementor-col-100 elementor-inner-column elementor-element elementor-element-13a0cfb8\" data-id=\"13a0cfb8\" data-element_type=\"column\" data-e-type=\"column\" data-settings=\"{&quot;profecient_background_motion_effects_toggle&quot;:0,&quot;profecient_parallax_effects_toggle&quot;:0,&quot;profecient_mouse_effects_toggle&quot;:0}\">\n\t\t\t<div class=\"elementor-widget-wrap elementor-element-populated\">\n\t\t\t\t\t\t<div class=\"elementor-element elementor-element-db19de0 elementor-widget elementor-widget-image\" data-id=\"db19de0\" data-element_type=\"widget\" data-e-type=\"widget\" data-settings=\"{&quot;profecient_parallax_effects_toggle&quot;:0,&quot;profecient_mouse_effects_toggle&quot;:0}\" data-widget_type=\"image.default\">\n\t\t\t\t<div class=\"elementor-widget-container\">\n\t\t\t\t\t\t\t\t\t\t\t\t\t\t\t<img decoding=\"async\" width=\"251\" height=\"71\" src=\"https:\/\/evenos.com.tr\/wp-content\/uploads\/2024\/05\/logo.png\" class=\"attachment-large size-large wp-image-725\" alt=\"evenos logo\" \/>\t\t\t\t\t\t\t\t\t\t\t\t\t\t\t<\/div>\n\t\t\t\t<\/div>\n\t\t\t\t\t<\/div>\n\t\t<\/div>\n\t\t\t\t\t<\/div>\n\t\t<\/section>\n\t\t\t\t\t<\/div>\n\t\t<\/div>\n\t\t\t\t\t<\/div>\n\t\t<\/section>\n\t\t\t\t<\/div>\n\t\t","protected":false},"excerpt":{"rendered":"<p>Evenos Fire and Security Systems Management&#8217;s Message About Us Vision-Mission Career As Evenos Fire, we are taking firm steps towards making our competitive advantages effective by taking part in active projects in the national and international market with our innovative and competitive approach. The added values we obtain through our global collaborations not only provide [&hellip;]<\/p>\n","protected":false},"author":1,"featured_media":0,"parent":0,"menu_order":0,"comment_status":"closed","ping_status":"closed","template":"","meta":{"footnotes":""},"class_list":["post-894","page","type-page","status-publish","hentry"],"_links":{"self":[{"href":"https:\/\/evenos.com.tr\/en\/wp-json\/wp\/v2\/pages\/894","targetHints":{"allow":["GET"]}}],"collection":[{"href":"https:\/\/evenos.com.tr\/en\/wp-json\/wp\/v2\/pages"}],"about":[{"href":"https:\/\/evenos.com.tr\/en\/wp-json\/wp\/v2\/types\/page"}],"author":[{"embeddable":true,"href":"https:\/\/evenos.com.tr\/en\/wp-json\/wp\/v2\/users\/1"}],"replies":[{"embeddable":true,"href":"https:\/\/evenos.com.tr\/en\/wp-json\/wp\/v2\/comments?post=894"}],"version-history":[{"count":9,"href":"https:\/\/evenos.com.tr\/en\/wp-json\/wp\/v2\/pages\/894\/revisions"}],"predecessor-version":[{"id":1846,"href":"https:\/\/evenos.com.tr\/en\/wp-json\/wp\/v2\/pages\/894\/revisions\/1846"}],"wp:attachment":[{"href":"https:\/\/evenos.com.tr\/en\/wp-json\/wp\/v2\/media?parent=894"}],"curies":[{"name":"wp","href":"https:\/\/api.w.org\/{rel}","templated":true}]}}