{"id":889,"date":"2024-07-11T21:23:08","date_gmt":"2024-07-11T18:23:08","guid":{"rendered":"https:\/\/evenos.com.tr\/career\/"},"modified":"2024-09-12T23:26:52","modified_gmt":"2024-09-12T20:26:52","slug":"career","status":"publish","type":"page","link":"https:\/\/evenos.com.tr\/en\/career","title":{"rendered":"Career"},"content":{"rendered":"<style>.elementor-889 .elementor-element.elementor-element-51a53708{border-style:solid;border-width:0px 0px 1px 0px;border-color:#E5E5E5;transition:background 0.3s, border 0.3s, border-radius 0.3s, box-shadow 0.3s;margin-top:0px;margin-bottom:0px;padding:145px 50px 0px 50px;z-index:2;}.elementor-889 .elementor-element.elementor-element-51a53708, .elementor-889 .elementor-element.elementor-element-51a53708 > .elementor-background-overlay{border-radius:0px 0px 0px 0px;}.elementor-889 .elementor-element.elementor-element-51a53708 > .elementor-background-overlay{transition:background 0.3s, border-radius 0.3s, opacity 0.3s;}.elementor-889 .elementor-element.elementor-element-3ee7d4ad.elementor-column > .elementor-widget-wrap{justify-content:center;}.elementor-889 .elementor-element.elementor-element-3ee7d4ad > .elementor-element-populated{padding:0px 0px 0px 0px;}.elementor-889 .elementor-element.elementor-element-432a73db > .elementor-container{max-width:1200px;}.elementor-889 .elementor-element.elementor-element-432a73db:not(.elementor-motion-effects-element-type-background), .elementor-889 .elementor-element.elementor-element-432a73db > .elementor-motion-effects-container > .elementor-motion-effects-layer{background-color:#565656;background-image:url(\"https:\/\/profecient.jegtheme.com\/savee\/wp-content\/uploads\/sites\/5\/2023\/05\/01-businessman-working-with-laptop-in-modern-office-g-MFCWES4.jpg\");background-position:bottom right;background-repeat:no-repeat;background-size:cover;}.elementor-889 .elementor-element.elementor-element-432a73db > .elementor-background-overlay{background-color:transparent;background-image:linear-gradient(65deg, #060606 30%, #F2295B00 75%);opacity:0.55;transition:background 0.3s, border-radius 0.3s, opacity 0.3s;}.elementor-889 .elementor-element.elementor-element-432a73db, .elementor-889 .elementor-element.elementor-element-432a73db > .elementor-background-overlay{border-radius:20px 20px 0px 0px;}.elementor-889 .elementor-element.elementor-element-432a73db{transition:background 0.3s, border 0.3s, border-radius 0.3s, box-shadow 0.3s;margin-top:-150px;margin-bottom:0px;padding:150px 0px 130px 0px;z-index:0;}.elementor-889 .elementor-element.elementor-element-5c06bb2a.elementor-column > .elementor-widget-wrap{justify-content:flex-start;}.elementor-889 .elementor-element.elementor-element-5c06bb2a > .elementor-element-populated{padding:0% 45% 0% 0%;}.elementor-widget-heading .elementor-heading-title{font-family:var( --e-global-typography-primary-font-family ), Sans-serif;font-size:var( --e-global-typography-primary-font-size );font-weight:var( --e-global-typography-primary-font-weight );line-height:var( --e-global-typography-primary-line-height );}.elementor-889 .elementor-element.elementor-element-45b40be8{text-align:start;width:auto;max-width:auto;}.elementor-889 .elementor-element.elementor-element-45b40be8 .elementor-heading-title{font-family:\"Inter\", Sans-serif;font-size:18px;font-weight:600;line-height:1.3em;color:#FFFFFF;}.elementor-889 .elementor-element.elementor-element-45b40be8 > .elementor-widget-container{margin:0px 0px 15px 0px;padding:5px 8px 5px 58px;background-color:var( --e-global-color-accent );border-radius:3px 3px 3px 3px;}.elementor-889 .elementor-element.elementor-element-4b6d6ee0 > .elementor-container{max-width:1200px;}.elementor-889 .elementor-element.elementor-element-4b6d6ee0:not(.elementor-motion-effects-element-type-background), .elementor-889 .elementor-element.elementor-element-4b6d6ee0 > .elementor-motion-effects-container > .elementor-motion-effects-layer{background-color:#060606;}.elementor-889 .elementor-element.elementor-element-4b6d6ee0, .elementor-889 .elementor-element.elementor-element-4b6d6ee0 > .elementor-background-overlay{border-radius:0px 0px 20px 20px;}.elementor-889 .elementor-element.elementor-element-4b6d6ee0{transition:background 0.3s, border 0.3s, border-radius 0.3s, box-shadow 0.3s;margin-top:0px;margin-bottom:0px;padding:115px 0px 115px 0px;z-index:0;}.elementor-889 .elementor-element.elementor-element-4b6d6ee0 > .elementor-background-overlay{transition:background 0.3s, border-radius 0.3s, opacity 0.3s;}.elementor-889 .elementor-element.elementor-element-45b86bc2 .elementor-heading-title{font-family:\"Inter\", Sans-serif;font-size:18px;font-weight:600;line-height:1.3em;color:#FFFFFF;}.elementor-889 .elementor-element.elementor-element-45b86bc2 > .elementor-widget-container{margin:0px 0px 15px 0px;padding:5px 8px 5px 8px;border-radius:3px 3px 3px 3px;}.elementor-889 .elementor-element.elementor-element-45b86bc2{width:auto;max-width:auto;}.elementor-889 .elementor-element.elementor-element-62f8c34d .jeg-elementor-kit.jkit-heading{text-align:left;}.elementor-889 .elementor-element.elementor-element-62f8c34d .jeg-elementor-kit.jkit-heading .heading-title{font-family:\"Inter\", Sans-serif;font-size:28px;font-weight:500;text-transform:none;line-height:1.3em;letter-spacing:-0.02em;color:#595959;}.elementor-889 .elementor-element.elementor-element-62f8c34d .jeg-elementor-kit.jkit-heading .heading-title > span{color:#FFFFFF;font-size:28px;font-weight:500;line-height:1.3em;letter-spacing:-0.02em;}.elementor-889 .elementor-element.elementor-element-62f8c34d > .elementor-widget-container{margin:-15px 0px -10px 0px;}.elementor-widget-text-editor{font-family:var( --e-global-typography-text-font-family ), Sans-serif;font-size:var( --e-global-typography-text-font-size );font-weight:var( --e-global-typography-text-font-weight );line-height:var( --e-global-typography-text-line-height );}.elementor-889 .elementor-element.elementor-element-57c7899{text-align:start;font-family:\"Inter\", Sans-serif;font-size:16px;font-weight:400;line-height:1.7em;color:#595959;}.elementor-889 .elementor-element.elementor-element-57c7899 > .elementor-widget-container{margin:0px 0px 0px 0px;padding:0px 50px 0px 0px;}.elementor-889 .elementor-element.elementor-element-3d89b170 > .elementor-container{max-width:1200px;}.elementor-889 .elementor-element.elementor-element-3d89b170 > .elementor-container > .elementor-column > .elementor-widget-wrap{align-content:center;align-items:center;}.elementor-889 .elementor-element.elementor-element-3d89b170{border-style:none;padding:75px 0px 75px 0px;}.elementor-889 .elementor-element.elementor-element-3d89b170, .elementor-889 .elementor-element.elementor-element-3d89b170 > .elementor-background-overlay{border-radius:0px 0px 0px 0px;}.elementor-889 .elementor-element.elementor-element-13a0cfb8.elementor-column > .elementor-widget-wrap{justify-content:center;}.elementor-889 .elementor-element.elementor-element-13a0cfb8 > .elementor-element-populated{padding:0px 0px 0px 0px;}.elementor-widget-image .widget-image-caption{font-family:var( --e-global-typography-text-font-family ), Sans-serif;font-size:var( --e-global-typography-text-font-size );font-weight:var( --e-global-typography-text-font-weight );line-height:var( --e-global-typography-text-line-height );}.elementor-889 .elementor-element.elementor-element-db19de0 img{width:17%;}@media(max-width:1024px){.elementor-889 .elementor-element.elementor-element-51a53708{padding:110px 30px 0px 30px;}.elementor-889 .elementor-element.elementor-element-432a73db:not(.elementor-motion-effects-element-type-background), .elementor-889 .elementor-element.elementor-element-432a73db > .elementor-motion-effects-container > .elementor-motion-effects-layer{background-position:center center;}.elementor-889 .elementor-element.elementor-element-432a73db{padding:60px 60px 60px 60px;}.elementor-889 .elementor-element.elementor-element-5c06bb2a > .elementor-element-populated{padding:0% 0% 0% 0%;}.elementor-widget-heading .elementor-heading-title{font-size:var( --e-global-typography-primary-font-size );line-height:var( --e-global-typography-primary-line-height );}.elementor-889 .elementor-element.elementor-element-45b40be8 .elementor-heading-title{font-size:16px;}.elementor-889 .elementor-element.elementor-element-4b6d6ee0{padding:50px 50px 50px 50px;}.elementor-889 .elementor-element.elementor-element-45b86bc2 .elementor-heading-title{font-size:16px;}.elementor-889 .elementor-element.elementor-element-62f8c34d .jeg-elementor-kit.jkit-heading .heading-title{font-size:22px;}.elementor-889 .elementor-element.elementor-element-62f8c34d .jeg-elementor-kit.jkit-heading .heading-title > span{font-size:22px;}.elementor-widget-text-editor{font-size:var( --e-global-typography-text-font-size );line-height:var( --e-global-typography-text-line-height );}.elementor-889 .elementor-element.elementor-element-57c7899{font-size:15px;line-height:1.7em;}.elementor-889 .elementor-element.elementor-element-57c7899 > .elementor-widget-container{padding:0px 0px 0px 0px;}.elementor-889 .elementor-element.elementor-element-3d89b170{padding:50px 0px 50px 0px;}.elementor-widget-image .widget-image-caption{font-size:var( --e-global-typography-text-font-size );line-height:var( --e-global-typography-text-line-height );}}@media(max-width:767px){.elementor-889 .elementor-element.elementor-element-51a53708{padding:25px 20px 0px 20px;}.elementor-889 .elementor-element.elementor-element-432a73db:not(.elementor-motion-effects-element-type-background), .elementor-889 .elementor-element.elementor-element-432a73db > .elementor-motion-effects-container > .elementor-motion-effects-layer{background-position:center center;}.elementor-889 .elementor-element.elementor-element-432a73db{padding:40px 40px 40px 40px;}.elementor-widget-heading .elementor-heading-title{font-size:var( --e-global-typography-primary-font-size );line-height:var( --e-global-typography-primary-line-height );}.elementor-889 .elementor-element.elementor-element-45b40be8 .elementor-heading-title{font-size:14px;}.elementor-889 .elementor-element.elementor-element-4b6d6ee0{padding:25px 25px 25px 25px;}.elementor-889 .elementor-element.elementor-element-45b86bc2 .elementor-heading-title{font-size:14px;}.elementor-889 .elementor-element.elementor-element-45b86bc2 > .elementor-widget-container{margin:0px 0px 0px 0px;}.elementor-889 .elementor-element.elementor-element-62f8c34d .jeg-elementor-kit.jkit-heading .heading-title{font-size:17px;}.elementor-889 .elementor-element.elementor-element-62f8c34d .jeg-elementor-kit.jkit-heading .heading-title > span{font-size:17px;}.elementor-889 .elementor-element.elementor-element-62f8c34d > .elementor-widget-container{margin:-10px 0px -25px 0px;}.elementor-widget-text-editor{font-size:var( --e-global-typography-text-font-size );line-height:var( --e-global-typography-text-line-height );}.elementor-889 .elementor-element.elementor-element-57c7899{font-size:14px;}.elementor-widget-image .widget-image-caption{font-size:var( --e-global-typography-text-font-size );line-height:var( --e-global-typography-text-line-height );}}@media(min-width:768px){.elementor-889 .elementor-element.elementor-element-32040dc{width:29.938%;}.elementor-889 .elementor-element.elementor-element-2680f262{width:69.936%;}}@media(max-width:1024px) and (min-width:768px){.elementor-889 .elementor-element.elementor-element-13a0cfb8{width:100%;}}<\/style>\t\t<div data-elementor-type=\"wp-page\" data-elementor-id=\"889\" class=\"elementor elementor-889 elementor-284\">\n\t\t\t\t\t\t<section class=\"elementor-section elementor-top-section elementor-element elementor-element-51a53708 elementor-section-full_width elementor-section-height-default elementor-section-height-default\" data-id=\"51a53708\" data-element_type=\"section\" data-e-type=\"section\" data-settings=\"{&quot;background_background&quot;:&quot;classic&quot;,&quot;profecient_background_motion_effects_toggle&quot;:0,&quot;profecient_parallax_effects_toggle&quot;:0,&quot;profecient_mouse_effects_toggle&quot;:0}\">\n\t\t\t\t\t\t<div class=\"elementor-container elementor-column-gap-default\">\n\t\t\t\t\t<div class=\"elementor-column elementor-col-100 elementor-top-column elementor-element elementor-element-3ee7d4ad\" data-id=\"3ee7d4ad\" data-element_type=\"column\" data-e-type=\"column\" data-settings=\"{&quot;profecient_background_motion_effects_toggle&quot;:0,&quot;profecient_parallax_effects_toggle&quot;:0,&quot;profecient_mouse_effects_toggle&quot;:0}\">\n\t\t\t<div class=\"elementor-widget-wrap elementor-element-populated\">\n\t\t\t\t\t\t<section class=\"elementor-section elementor-inner-section elementor-element elementor-element-432a73db elementor-section-boxed elementor-section-height-default elementor-section-height-default\" data-id=\"432a73db\" data-element_type=\"section\" data-e-type=\"section\" data-settings=\"{&quot;background_background&quot;:&quot;classic&quot;,&quot;profecient_background_motion_effects_toggle&quot;:0,&quot;profecient_parallax_effects_toggle&quot;:0,&quot;profecient_mouse_effects_toggle&quot;:0}\">\n\t\t\t\t\t\t\t<div class=\"elementor-background-overlay\"><\/div>\n\t\t\t\t\t\t\t<div class=\"elementor-container elementor-column-gap-default\">\n\t\t\t\t\t<div class=\"elementor-column elementor-col-100 elementor-inner-column elementor-element elementor-element-5c06bb2a\" data-id=\"5c06bb2a\" data-element_type=\"column\" data-e-type=\"column\" data-settings=\"{&quot;profecient_background_motion_effects_toggle&quot;:0,&quot;profecient_parallax_effects_toggle&quot;:0,&quot;profecient_mouse_effects_toggle&quot;:0}\">\n\t\t\t<div class=\"elementor-widget-wrap elementor-element-populated\">\n\t\t\t\t\t\t<div class=\"elementor-element elementor-element-45b40be8 elementor-widget__width-auto elementor-widget elementor-widget-heading\" data-id=\"45b40be8\" data-element_type=\"widget\" data-e-type=\"widget\" data-settings=\"{&quot;profecient_parallax_effects_toggle&quot;:0,&quot;profecient_mouse_effects_toggle&quot;:0}\" data-widget_type=\"heading.default\">\n\t\t\t\t<div class=\"elementor-widget-container\">\n\t\t\t\t\t<h5 class=\"elementor-heading-title elementor-size-default\">Evenos Fire Safety Systems<\/h5>\t\t\t\t<\/div>\n\t\t\t\t<\/div>\n\t\t\t\t\t<\/div>\n\t\t<\/div>\n\t\t\t\t\t<\/div>\n\t\t<\/section>\n\t\t\t\t<section class=\"elementor-section elementor-inner-section elementor-element elementor-element-4b6d6ee0 elementor-section-boxed elementor-section-height-default elementor-section-height-default\" data-id=\"4b6d6ee0\" data-element_type=\"section\" data-e-type=\"section\" data-settings=\"{&quot;background_background&quot;:&quot;classic&quot;,&quot;profecient_background_motion_effects_toggle&quot;:0,&quot;profecient_parallax_effects_toggle&quot;:0,&quot;profecient_mouse_effects_toggle&quot;:0}\">\n\t\t\t\t\t\t<div class=\"elementor-container elementor-column-gap-default\">\n\t\t\t\t\t<div class=\"elementor-column elementor-col-50 elementor-inner-column elementor-element elementor-element-32040dc\" data-id=\"32040dc\" data-element_type=\"column\" data-e-type=\"column\" data-settings=\"{&quot;profecient_background_motion_effects_toggle&quot;:0,&quot;profecient_parallax_effects_toggle&quot;:0,&quot;profecient_mouse_effects_toggle&quot;:0}\">\n\t\t\t<div class=\"elementor-widget-wrap elementor-element-populated\">\n\t\t\t\t\t\t<div class=\"elementor-element elementor-element-45b86bc2 elementor-widget__width-auto elementor-widget elementor-widget-heading\" data-id=\"45b86bc2\" data-element_type=\"widget\" data-e-type=\"widget\" data-settings=\"{&quot;profecient_parallax_effects_toggle&quot;:0,&quot;profecient_mouse_effects_toggle&quot;:0}\" data-widget_type=\"heading.default\">\n\t\t\t\t<div class=\"elementor-widget-container\">\n\t\t\t\t\t<h2 class=\"elementor-heading-title elementor-size-default\"><a href=\"https:\/\/evenos.com.tr\/en\/career\">Career<\/a><\/h2>\t\t\t\t<\/div>\n\t\t\t\t<\/div>\n\t\t\t\t\t<\/div>\n\t\t<\/div>\n\t\t\t\t<div class=\"elementor-column elementor-col-50 elementor-inner-column elementor-element elementor-element-2680f262\" data-id=\"2680f262\" data-element_type=\"column\" data-e-type=\"column\" data-settings=\"{&quot;profecient_background_motion_effects_toggle&quot;:0,&quot;profecient_parallax_effects_toggle&quot;:0,&quot;profecient_mouse_effects_toggle&quot;:0}\">\n\t\t\t<div class=\"elementor-widget-wrap elementor-element-populated\">\n\t\t\t\t\t\t<div class=\"elementor-element elementor-element-62f8c34d elementor-widget elementor-widget-jkit_heading\" data-id=\"62f8c34d\" data-element_type=\"widget\" data-e-type=\"widget\" data-settings=\"{&quot;profecient_parallax_effects_toggle&quot;:0,&quot;profecient_mouse_effects_toggle&quot;:0}\" data-widget_type=\"jkit_heading.default\">\n\t\t\t\t<div class=\"elementor-widget-container\">\n\t\t\t\t\t<div  class=\"jeg-elementor-kit jkit-heading  align-left align-tablet- align-mobile- jeg_module___69e732f32fb0a\" ><div class=\"heading-section-title  display-inline-block\"><h3 class=\"heading-title\"><\/h3><\/div><div class=\"heading-section-description\"><p style=\"font-weight: 400\">M\u00fc\u015fterilerimiz g\u00f6z\u00fcnde sekt\u00f6rde en g\u00fcvenilir firmalardan biri olman\u0131n ve yang\u0131n g\u00fcvenlik sistemleri sekt\u00f6r\u00fcnde lider firma olmaktan ge\u00e7en yolun, \u00e7al\u0131\u015fanlar\u0131m\u0131zdan ge\u00e7ti\u011finin fark\u0131nday\u0131z.<\/p><p style=\"font-weight: 400\">Ekibimizin bir par\u00e7as\u0131 olmak i\u00e7in \u00f6z ge\u00e7mi\u015finizi ;\u00a0\u00a0<a href=\"mailto:info@evenos.com.tr\">info@evenos.com.tr<\/a>\u00a0adresine g\u00f6nderebilirsiniz.<\/p><\/div><\/div>\t\t\t\t<\/div>\n\t\t\t\t<\/div>\n\t\t\t\t<div class=\"elementor-element elementor-element-57c7899 elementor-hidden-mobile elementor-widget elementor-widget-text-editor\" data-id=\"57c7899\" data-element_type=\"widget\" data-e-type=\"widget\" data-settings=\"{&quot;profecient_parallax_effects_toggle&quot;:0,&quot;profecient_mouse_effects_toggle&quot;:0}\" data-widget_type=\"text-editor.default\">\n\t\t\t\t<div class=\"elementor-widget-container\">\n\t\t\t\t\t\t\t\t\t<p><a href=\"https:\/\/evenos.com.tr\/en\/about-us\">About Us<\/a><\/p>\n<p><a href=\"https:\/\/evenos.com.tr\/en\/chairmans-message\">Management&#8217;s Message<\/a><\/p>\n<p><a href=\"https:\/\/evenos.com.tr\/en\/mission-and-vision\">Vision &#8211; Mission<\/a><\/p>\n\t\t\t\t\t\t\t\t<\/div>\n\t\t\t\t<\/div>\n\t\t\t\t\t<\/div>\n\t\t<\/div>\n\t\t\t\t\t<\/div>\n\t\t<\/section>\n\t\t\t\t<section class=\"elementor-section elementor-inner-section elementor-element elementor-element-3d89b170 elementor-section-content-middle elementor-section-boxed elementor-section-height-default elementor-section-height-default\" data-id=\"3d89b170\" data-element_type=\"section\" data-e-type=\"section\" data-settings=\"{&quot;profecient_background_motion_effects_toggle&quot;:0,&quot;profecient_parallax_effects_toggle&quot;:0,&quot;profecient_mouse_effects_toggle&quot;:0}\">\n\t\t\t\t\t\t<div class=\"elementor-container elementor-column-gap-default\">\n\t\t\t\t\t<div class=\"elementor-column elementor-col-100 elementor-inner-column elementor-element elementor-element-13a0cfb8\" data-id=\"13a0cfb8\" data-element_type=\"column\" data-e-type=\"column\" data-settings=\"{&quot;profecient_background_motion_effects_toggle&quot;:0,&quot;profecient_parallax_effects_toggle&quot;:0,&quot;profecient_mouse_effects_toggle&quot;:0}\">\n\t\t\t<div class=\"elementor-widget-wrap elementor-element-populated\">\n\t\t\t\t\t\t<div class=\"elementor-element elementor-element-db19de0 elementor-widget elementor-widget-image\" data-id=\"db19de0\" data-element_type=\"widget\" data-e-type=\"widget\" data-settings=\"{&quot;profecient_parallax_effects_toggle&quot;:0,&quot;profecient_mouse_effects_toggle&quot;:0}\" data-widget_type=\"image.default\">\n\t\t\t\t<div class=\"elementor-widget-container\">\n\t\t\t\t\t\t\t\t\t\t\t\t\t\t\t<img decoding=\"async\" width=\"251\" height=\"71\" src=\"https:\/\/evenos.com.tr\/wp-content\/uploads\/2024\/05\/logo.png\" class=\"attachment-large size-large wp-image-725\" alt=\"evenos logo\" \/>\t\t\t\t\t\t\t\t\t\t\t\t\t\t\t<\/div>\n\t\t\t\t<\/div>\n\t\t\t\t\t<\/div>\n\t\t<\/div>\n\t\t\t\t\t<\/div>\n\t\t<\/section>\n\t\t\t\t\t<\/div>\n\t\t<\/div>\n\t\t\t\t\t<\/div>\n\t\t<\/section>\n\t\t\t\t<\/div>\n\t\t","protected":false},"excerpt":{"rendered":"<p>Evenos Fire Safety Systems Career M\u00fc\u015fterilerimiz g\u00f6z\u00fcnde sekt\u00f6rde en g\u00fcvenilir firmalardan biri olman\u0131n ve yang\u0131n g\u00fcvenlik sistemleri sekt\u00f6r\u00fcnde lider firma olmaktan ge\u00e7en yolun, \u00e7al\u0131\u015fanlar\u0131m\u0131zdan ge\u00e7ti\u011finin fark\u0131nday\u0131z. Ekibimizin bir par\u00e7as\u0131 olmak i\u00e7in \u00f6z ge\u00e7mi\u015finizi ;\u00a0\u00a0info@evenos.com.tr\u00a0adresine g\u00f6nderebilirsiniz. About Us Management&#8217;s Message Vision &#8211; Mission<\/p>\n","protected":false},"author":1,"featured_media":0,"parent":0,"menu_order":0,"comment_status":"closed","ping_status":"closed","template":"","meta":{"footnotes":""},"class_list":["post-889","page","type-page","status-publish","hentry"],"_links":{"self":[{"href":"https:\/\/evenos.com.tr\/en\/wp-json\/wp\/v2\/pages\/889","targetHints":{"allow":["GET"]}}],"collection":[{"href":"https:\/\/evenos.com.tr\/en\/wp-json\/wp\/v2\/pages"}],"about":[{"href":"https:\/\/evenos.com.tr\/en\/wp-json\/wp\/v2\/types\/page"}],"author":[{"embeddable":true,"href":"https:\/\/evenos.com.tr\/en\/wp-json\/wp\/v2\/users\/1"}],"replies":[{"embeddable":true,"href":"https:\/\/evenos.com.tr\/en\/wp-json\/wp\/v2\/comments?post=889"}],"version-history":[{"count":8,"href":"https:\/\/evenos.com.tr\/en\/wp-json\/wp\/v2\/pages\/889\/revisions"}],"predecessor-version":[{"id":2032,"href":"https:\/\/evenos.com.tr\/en\/wp-json\/wp\/v2\/pages\/889\/revisions\/2032"}],"wp:attachment":[{"href":"https:\/\/evenos.com.tr\/en\/wp-json\/wp\/v2\/media?parent=889"}],"curies":[{"name":"wp","href":"https:\/\/api.w.org\/{rel}","templated":true}]}}