{"id":875,"date":"2024-07-11T22:06:10","date_gmt":"2024-07-11T19:06:10","guid":{"rendered":"https:\/\/evenos.com.tr\/water-extinguishing-systems\/"},"modified":"2024-11-05T00:56:27","modified_gmt":"2024-11-04T21:56:27","slug":"water-based-suppression","status":"publish","type":"page","link":"https:\/\/evenos.com.tr\/en\/water-based-suppression","title":{"rendered":"Water Fire Extinguishing Systems"},"content":{"rendered":"<style>.elementor-875 .elementor-element.elementor-element-e4090e4{--display:flex;--flex-direction:row;--container-widget-width:initial;--container-widget-height:100%;--container-widget-flex-grow:1;--container-widget-align-self:stretch;--flex-wrap-mobile:wrap;--gap:0px 0px;--row-gap:0px;--column-gap:0px;}.elementor-875 .elementor-element.elementor-element-9587296{--display:flex;--flex-direction:column;--container-widget-width:100%;--container-widget-height:initial;--container-widget-flex-grow:0;--container-widget-align-self:initial;--flex-wrap-mobile:wrap;}.elementor-875 .elementor-element.elementor-element-9587296.e-con{--flex-grow:0;--flex-shrink:0;}.elementor-875 .elementor-element.elementor-element-0715bae{--display:flex;--flex-direction:column;--container-widget-width:100%;--container-widget-height:initial;--container-widget-flex-grow:0;--container-widget-align-self:initial;--flex-wrap-mobile:wrap;}.elementor-875 .elementor-element.elementor-element-0715bae.e-con{--flex-grow:0;--flex-shrink:0;}.elementor-widget-text-editor{font-family:var( --e-global-typography-text-font-family ), Sans-serif;font-size:var( --e-global-typography-text-font-size );font-weight:var( --e-global-typography-text-font-weight );line-height:var( --e-global-typography-text-line-height );}.elementor-widget-image .widget-image-caption{font-family:var( --e-global-typography-text-font-family ), Sans-serif;font-size:var( --e-global-typography-text-font-size );font-weight:var( --e-global-typography-text-font-weight );line-height:var( --e-global-typography-text-line-height );}.elementor-875 .elementor-element.elementor-element-7f6310a .jeg-elementor-kit.jkit-button{text-align:left;}.elementor-875 .elementor-element.elementor-element-7f6310a .jeg-elementor-kit.jkit-button .jkit-button-wrapper{color:#FFFFFF;background-color:var( --e-global-color-accent );}.elementor-875 .elementor-element.elementor-element-7f6310a .jeg-elementor-kit.jkit-button .jkit-button-wrapper svg{fill:#FFFFFF;}.elementor-875 .elementor-element.elementor-element-7f6310a .jeg-elementor-kit.jkit-button .jkit-button-wrapper:not(.hover-gradient):hover, .elementor-875 .elementor-element.elementor-element-7f6310a .jeg-elementor-kit.jkit-button .jkit-button-wrapper.hover-gradient:before{background-color:var( --e-global-color-primary );}.elementor-875 .elementor-element.elementor-element-7f6310a .jeg-elementor-kit.jkit-button.icon-position-before .jkit-button-wrapper i, .elementor-875 .elementor-element.elementor-element-7f6310a .jeg-elementor-kit.jkit-button.icon-position-before .jkit-button-wrapper svg{margin-right:5px;}.elementor-875 .elementor-element.elementor-element-7f6310a .jeg-elementor-kit.jkit-button.icon-position-after .jkit-button-wrapper i, .elementor-875 .elementor-element.elementor-element-7f6310a .jeg-elementor-kit.jkit-button.icon-position-after .jkit-button-wrapper svg{margin-left:5px;}@media(min-width:768px){.elementor-875 .elementor-element.elementor-element-9587296{--width:26.295%;}.elementor-875 .elementor-element.elementor-element-0715bae{--width:76.388%;}}@media(max-width:1024px){.elementor-widget-text-editor{font-size:var( --e-global-typography-text-font-size );line-height:var( --e-global-typography-text-line-height );}.elementor-widget-image .widget-image-caption{font-size:var( --e-global-typography-text-font-size );line-height:var( --e-global-typography-text-line-height );}}@media(max-width:767px){.elementor-widget-text-editor{font-size:var( --e-global-typography-text-font-size );line-height:var( --e-global-typography-text-line-height );}.elementor-widget-image .widget-image-caption{font-size:var( --e-global-typography-text-font-size );line-height:var( --e-global-typography-text-line-height );}}<\/style>\t\t<div data-elementor-type=\"wp-page\" data-elementor-id=\"875\" class=\"elementor elementor-875 elementor-300\">\n\t\t\t\t<div class=\"elementor-element elementor-element-e4090e4 e-flex e-con-boxed e-con e-parent\" data-id=\"e4090e4\" data-element_type=\"container\" data-e-type=\"container\" data-settings=\"{&quot;profecient_background_motion_effects_toggle&quot;:0,&quot;profecient_parallax_effects_toggle&quot;:0,&quot;profecient_mouse_effects_toggle&quot;:0}\">\n\t\t\t\t\t<div class=\"e-con-inner\">\n\t\t<div class=\"elementor-element elementor-element-9587296 e-con-full e-flex e-con e-child\" data-id=\"9587296\" data-element_type=\"container\" data-e-type=\"container\" data-settings=\"{&quot;profecient_background_motion_effects_toggle&quot;:0,&quot;profecient_parallax_effects_toggle&quot;:0,&quot;profecient_mouse_effects_toggle&quot;:0}\">\n\t\t\t\t<div class=\"elementor-element elementor-element-e6ebe35 elementor-widget elementor-widget-shortcode\" data-id=\"e6ebe35\" data-element_type=\"widget\" data-e-type=\"widget\" data-settings=\"{&quot;profecient_parallax_effects_toggle&quot;:0,&quot;profecient_mouse_effects_toggle&quot;:0}\" data-widget_type=\"shortcode.default\">\n\t\t\t\t<div class=\"elementor-widget-container\">\n\t\t\t\t\t\t\t<div class=\"elementor-shortcode\"><div id='iksm-306' class='iksm iksm-306 iksm-container '  data-id='306' data-is-pro='0' data-source='menu'><div class='iksm-terms'><div class='iksm-terms-tree iksm-terms-tree--level-1 iksm-terms-tree--parents' style=''><div class=\"iksm-terms-tree__inner\">\n        <div class=\"iksm-term iksm-term--id-352 iksm-term--parent\" data-id=\"352\">\n            <div class=\"iksm-term__inner\" tabindex='0'>\n                <a class=\"iksm-term__link\" href='https:\/\/evenos.com.tr\/yangin-dolabi' target='_self' tabindex='-1'>\n\t\t\t\t        <span class=\"iksm-term__text\">Yang\u0131n Dolaplar\u0131<\/span>\n\t\t            <\/a>\n\t\t\t        <\/div>\n\t\t        <\/div>\n\n\t\t\n        <div class=\"iksm-term iksm-term--id-353 iksm-term--parent\" data-id=\"353\">\n            <div class=\"iksm-term__inner\" tabindex='0'>\n                <a class=\"iksm-term__link\" href='https:\/\/evenos.com.tr\/yangin-pompalari' target='_self' tabindex='-1'>\n\t\t\t\t        <span class=\"iksm-term__text\">Yang\u0131n Pompas\u0131<\/span>\n\t\t            <\/a>\n\t\t\t        <\/div>\n\t\t        <\/div>\n\n\t\t\n        <div class=\"iksm-term iksm-term--id-354 iksm-term--parent\" data-id=\"354\">\n            <div class=\"iksm-term__inner\" tabindex='0'>\n                <a class=\"iksm-term__link\" href='https:\/\/evenos.com.tr\/sprinkler-sondurme-sistemleri' target='_self' tabindex='-1'>\n\t\t\t\t        <span class=\"iksm-term__text\">Sprinkler Yang\u0131n S\u00f6nd\u00fcrme Sistemi<\/span>\n\t\t            <\/a>\n\t\t\t        <\/div>\n\t\t        <\/div>\n\n\t\t\n        <div class=\"iksm-term iksm-term--id-433 iksm-term--parent\" data-id=\"433\">\n            <div class=\"iksm-term__inner\" tabindex='0'>\n                <a class=\"iksm-term__link\" href='https:\/\/evenos.com.tr\/yangin-hidrant-sistemleri' target='_self' tabindex='-1'>\n\t\t\t\t        <span class=\"iksm-term__text\">Yang\u0131n Hidrant\u0131<\/span>\n\t\t            <\/a>\n\t\t\t        <\/div>\n\t\t        <\/div>\n\n\t\t\n        <div class=\"iksm-term iksm-term--id-434 iksm-term--parent\" data-id=\"434\">\n            <div class=\"iksm-term__inner\" tabindex='0'>\n                <a class=\"iksm-term__link\" href='https:\/\/evenos.com.tr\/water-mist-su-sisi-sondurme-sistemleri' target='_self' tabindex='-1'>\n\t\t\t\t        <span class=\"iksm-term__text\">Su Sisi Yang\u0131n S\u00f6nd\u00fcrme Sistemleri<\/span>\n\t\t            <\/a>\n\t\t\t        <\/div>\n\t\t        <\/div>\n\n\t\t<\/div><\/div><\/div><div id=\"iksm_data_args\" class=\"data-args\"  data-collapse_children_terms='1' data-collapse_other_terms='1' data-collapse_animation_duration='400' data-expand_animation_duration='400'><\/div><\/div><script id=\"styles-copier-69e5eeba51657\">\n\t\t\t\/\/ Finding styles element\n\t        var element = document.getElementById(\"iksm-dynamic-style\");\n\t        if (!element) { \/\/ If no element (Cache plugins can remove tag), then creating a new one\n                element = document.createElement('style');\n                var head = document.getElementsByTagName(\"head\")\n                if (head && head[0]) {\n                \thead[0].appendChild(element);\n                } else {\n                  \tconsole.warn(\"Iks Menu | Error while printing styles. Please contact technical support.\");\n                }\n\t        }\n\t\t\t\/\/ Copying styles to <styles> tag\n\t        element.innerHTML += \".iksm-306 .iksm-terms{border-top-left-radius:8px;border-top-right-radius:8px;border-bottom-right-radius:8px;border-bottom-left-radius:8px;transition:all 400ms;animation:iks-fade-in 1000ms;}.iksm-306 .iksm-terms-tree--level-1 > * > .iksm-term:not(:last-child){margin-bottom:0;}.iksm-306 .iksm-term__inner{background-color:rgba(255,255,255,1);border-top-left-radius:8px;border-top-right-radius:8px;border-bottom-right-radius:8px;border-bottom-left-radius:8px;margin-top:5px;min-height:44px;transition:all 400ms;}.iksm-306 .iksm-term__inner:hover{background-color:rgba(236,236,236,1);}.iksm-306 .iksm-term--current > .iksm-term__inner{background-color:rgba(212,212,212,1);}.iksm-306 .iksm-term__link{color:rgba(0,0,0,1);font-size:15px;line-height:15px;font-weight:400;text-decoration:none;margin-top:5px;margin-right:5px;margin-bottom:5px;margin-left:5px;padding-top:5px;padding-right:15px;padding-bottom:5px;padding-left:15px;transition:all 400ms;}.iksm-306 .iksm-term__inner:hover .iksm-term__link{color:rgba(50,50,50,1);}.iksm-306 .iksm-term__toggle__inner{transition:transform 700ms}.iksm-306 .iksm-term--expanded > .iksm-term__inner > .iksm-term__toggle > .iksm-term__toggle__inner{transform:rotate(180deg);}.iksm-306 .iksm-term__toggle{color:rgba(227,5,18,1);background-color:rgba(34,25,77,0);font-size:22px;align-self:stretch;height:unset;;width:40px;transition:all 400ms;}.iksm-306 .iksm-term__toggle:hover{color:rgba(0,0,0,1);}.iksm-306 .iksm-term__image-container{width:30px;min-width:30px;height:30px;min-height:30px;margin-right:15px;transition:all 400ms;}.iksm-306 .iksm-term__image{background-size:contain;background-position:center;background-repeat:no-repeat;}.iksm-306 .iksm-term__image-container:hover{background-size:contain;background-position:center;background-repeat:no-repeat;}.iksm-306 .iksm-term__inner:hover .iksm-term__image-container{background-size:contain;background-position:center;background-repeat:no-repeat;}.iksm-306 .iksm-term__inner:focus .iksm-term__image-container{background-size:contain;background-position:center;background-repeat:no-repeat;}.iksm-306 .iksm-term--current > .iksm-term__inner .iksm-term__image-container{background-size:contain;background-position:center;background-repeat:no-repeat;}.iksm-306 .iksm-term--child .iksm-term__inner .iksm-term__image-container{background-size:contain;background-position:center;background-repeat:no-repeat;}.iksm-306 .iksm-term--child .iksm-term__inner .iksm-term__image-container:hover{background-size:contain;background-position:center;background-repeat:no-repeat;}.iksm-306 .iksm-term--child .iksm-term__inner .iksm-term__image-container:focus{background-size:contain;background-position:center;background-repeat:no-repeat;}.iksm-306 .iksm-term--child.iksm-term--current > .iksm-term__inner .iksm-term__image-container{background-size:contain;background-position:center;background-repeat:no-repeat;}.iksm-306  .iksm-term__text{flex: unset}.iksm-306 .iksm-term__posts-count{color:rgba(133,133,133,1);font-size:16px;margin-left:12px;font-weight:400;transition:all 400ms;}\";\n\t        \/\/ Removing this script\n            var this_script = document.getElementById(\"styles-copier-69e5eeba51657\");\n            if (this_script) { \/\/ Cache plugins can remove tag\n\t            this_script.outerHTML = \"\";\n\t            if (this_script.parentNode) {\n\t                this_script.parentNode.removeChild(this_script);\n\t            }\n            }\n        <\/script><\/div>\n\t\t\t\t\t\t<\/div>\n\t\t\t\t<\/div>\n\t\t\t\t<\/div>\n\t\t<div class=\"elementor-element elementor-element-0715bae e-con-full e-flex e-con e-child\" data-id=\"0715bae\" data-element_type=\"container\" data-e-type=\"container\" data-settings=\"{&quot;profecient_background_motion_effects_toggle&quot;:0,&quot;profecient_parallax_effects_toggle&quot;:0,&quot;profecient_mouse_effects_toggle&quot;:0}\">\n\t\t\t\t<div class=\"elementor-element elementor-element-529f2b1 elementor-widget elementor-widget-text-editor\" data-id=\"529f2b1\" data-element_type=\"widget\" data-e-type=\"widget\" data-settings=\"{&quot;profecient_parallax_effects_toggle&quot;:0,&quot;profecient_mouse_effects_toggle&quot;:0}\" data-widget_type=\"text-editor.default\">\n\t\t\t\t<div class=\"elementor-widget-container\">\n\t\t\t\t\t\t\t\t\t<p>Water Sprinkler extinguishing systems are the most widely used and preferred systems in terms of extinguishing the fire during a fire that may occur. As long as the site characteristics and applicability principles allow, such water extinguishing systems are among the most effective systems in preventing and extinguishing the spread of fire.<\/p>\n\t\t\t\t\t\t\t\t<\/div>\n\t\t\t\t<\/div>\n\t\t\t\t<div class=\"elementor-element elementor-element-2e95cfa elementor-widget elementor-widget-image\" data-id=\"2e95cfa\" data-element_type=\"widget\" data-e-type=\"widget\" data-settings=\"{&quot;profecient_parallax_effects_toggle&quot;:0,&quot;profecient_mouse_effects_toggle&quot;:0}\" data-widget_type=\"image.default\">\n\t\t\t\t<div class=\"elementor-widget-container\">\n\t\t\t\t\t\t\t\t\t\t\t\t\t\t\t<img fetchpriority=\"high\" decoding=\"async\" width=\"800\" height=\"375\" src=\"https:\/\/evenos.com.tr\/wp-content\/uploads\/2024\/07\/Sulu-Sondurme-Sistemleri.jpg\" class=\"attachment-large size-large wp-image-829\" alt=\"sulu s\u00f6nd\u00fcrme sistemleri\" srcset=\"https:\/\/evenos.com.tr\/wp-content\/uploads\/2024\/07\/Sulu-Sondurme-Sistemleri.jpg 800w, https:\/\/evenos.com.tr\/wp-content\/uploads\/2024\/07\/Sulu-Sondurme-Sistemleri-300x141.jpg 300w, https:\/\/evenos.com.tr\/wp-content\/uploads\/2024\/07\/Sulu-Sondurme-Sistemleri-768x360.jpg 768w\" sizes=\"(max-width: 800px) 100vw, 800px\" \/>\t\t\t\t\t\t\t\t\t\t\t\t\t\t\t<\/div>\n\t\t\t\t<\/div>\n\t\t\t\t<div class=\"elementor-element elementor-element-b79cc79 elementor-widget elementor-widget-text-editor\" data-id=\"b79cc79\" data-element_type=\"widget\" data-e-type=\"widget\" data-settings=\"{&quot;profecient_parallax_effects_toggle&quot;:0,&quot;profecient_mouse_effects_toggle&quot;:0}\" data-widget_type=\"text-editor.default\">\n\t\t\t\t<div class=\"elementor-widget-container\">\n\t\t\t\t\t\t\t\t\t<p style=\"font-weight: 400;\"><span style=\"font-weight: 400;\">Evenos Fire Safety Systems, with its hydraulic calculation programs imported from the USA and Germany, carries out all water extinguishing system designs and project designs within its engineering department and offers its customers optimal solutions in terms of applicability and cost-effectiveness.<\/span><\/p>\n<p style=\"font-weight: 400;\"><span style=\"font-weight: 400;\">All of the water sprinkler systems materials supplied and applied by Evenos A.\u015e., which are the most widely used water sprinkler systems except for Class B, Class D and Class E fires, are first class quality materials and all of them have international approvals such as FM approval, UL list, VdS approval, LPCB approval. Hydraulic calculation programs within Evenos A.\u015e. also have FM approval, UL list and VdS approvals.<\/span><\/p>\n<p style=\"font-weight: 400;\"><span style=\"font-weight: 400;\">Water extinguishing system elements<\/span><\/p>\n<ul style=\"font-weight: 400;\">\n<li style=\"font-weight: 400;\" aria-level=\"1\"><span style=\"font-weight: 400;\"> <\/span><span style=\"font-weight: 400;\">Fire Pump Group<\/span><\/li>\n<li style=\"font-weight: 400;\" aria-level=\"1\"><span style=\"font-weight: 400;\">Fire Water Tank<\/span><\/li>\n<li style=\"font-weight: 400;\" aria-level=\"1\"><span style=\"font-weight: 400;\">Fire Cabinets<\/span><\/li>\n<li style=\"font-weight: 400;\" aria-level=\"1\"><span style=\"font-weight: 400;\">Fire Brigade Water Intake Spout<\/span><\/li>\n<li style=\"font-weight: 400;\" aria-level=\"1\"><span style=\"font-weight: 400;\">Sprinkler System<\/span><\/li>\n<li style=\"font-weight: 400;\" aria-level=\"1\"><span style=\"font-weight: 400;\">Fire Brigade Water Supply Spout<\/span><\/li>\n<li style=\"font-weight: 400;\" aria-level=\"1\"><span style=\"font-weight: 400;\">Hydrant System<\/span><\/li>\n<li style=\"font-weight: 400;\" aria-level=\"1\"><span style=\"font-weight: 400;\">Pre action extinguishing system<\/span><\/li>\n<li style=\"font-weight: 400;\" aria-level=\"1\"><span style=\"font-weight: 400;\">Water Mist &#8211; Water Mist extinguishing systems<\/span><\/li>\n<\/ul>\n<p style=\"font-weight: 400;\"><span style=\"font-weight: 400;\">Such systems are designed by Evenos A.\u015e.&#8217;s experienced engineering staff and installed in the relevant sites by Evenos A.\u015e.&#8217;s field team, in accordance with international standards.<\/span><\/p>\n<p style=\"font-weight: 400;\"><span style=\"font-weight: 400;\">According to the ambient conditions and application conditions, the systems can be selected as wet pipe, dry pipe, dominant type and pre action type. Evenos A.\u015e. engineers, considering all applicability and cost conditions, choose the most suitable system for their customers and make the project designs accordingly.<\/span><\/p>\n<p style=\"font-weight: 400;\"><span style=\"font-weight: 400;\">After the system installations, maintenance operations are indispensable in order to ensure that the effectiveness of the systems remains at the maximum level and that the possibilities to intervene in future fires are constantly available. The effectiveness of the water extinguishing systems of the customers is guaranteed and the customers are informed about this issue in the periodic controls carried out by the experienced Evenos A.\u015e. staff in accordance with the standards.<\/span><\/p>\n<p style=\"font-weight: 400;\"><span style=\"font-weight: 400;\">All system designs are based on NFPA13 and TS EN 12845 standards, and NFPA25 (NFPA Test And Maintenance, Inspection) standards are observed for the maintenance phase.<\/span><\/p>\n\t\t\t\t\t\t\t\t<\/div>\n\t\t\t\t<\/div>\n\t\t\t\t<div class=\"elementor-element elementor-element-7f6310a elementor-widget elementor-widget-jkit_button\" data-id=\"7f6310a\" data-element_type=\"widget\" data-e-type=\"widget\" data-settings=\"{&quot;profecient_parallax_effects_toggle&quot;:0,&quot;profecient_mouse_effects_toggle&quot;:0}\" data-widget_type=\"jkit_button.default\">\n\t\t\t\t<div class=\"elementor-widget-container\">\n\t\t\t\t\t<div  class=\"jeg-elementor-kit jkit-button  icon-position-after jeg_module___69e5eeba5c4f5\" ><a href=\"https:\/\/evenos.com.tr\/iletisim\" class=\"jkit-button-wrapper\">Daha Fazla Bilgi Al<i aria-hidden=\"true\" class=\"jki jki-arrow-up-right-line\"><\/i><\/a><\/div>\t\t\t\t<\/div>\n\t\t\t\t<\/div>\n\t\t\t\t<\/div>\n\t\t\t\t\t<\/div>\n\t\t\t\t<\/div>\n\t\t\t\t<\/div>\n\t\t","protected":false},"excerpt":{"rendered":"<p>Water Sprinkler extinguishing systems are the most widely used and preferred systems in terms of extinguishing the fire during a fire that may occur. As long as the site characteristics and applicability principles allow, such water extinguishing systems are among the most effective systems in preventing and extinguishing the spread of fire. Evenos Fire Safety [&hellip;]<\/p>\n","protected":false},"author":1,"featured_media":0,"parent":0,"menu_order":0,"comment_status":"closed","ping_status":"closed","template":"","meta":{"footnotes":""},"class_list":["post-875","page","type-page","status-publish","hentry"],"_links":{"self":[{"href":"https:\/\/evenos.com.tr\/en\/wp-json\/wp\/v2\/pages\/875","targetHints":{"allow":["GET"]}}],"collection":[{"href":"https:\/\/evenos.com.tr\/en\/wp-json\/wp\/v2\/pages"}],"about":[{"href":"https:\/\/evenos.com.tr\/en\/wp-json\/wp\/v2\/types\/page"}],"author":[{"embeddable":true,"href":"https:\/\/evenos.com.tr\/en\/wp-json\/wp\/v2\/users\/1"}],"replies":[{"embeddable":true,"href":"https:\/\/evenos.com.tr\/en\/wp-json\/wp\/v2\/comments?post=875"}],"version-history":[{"count":12,"href":"https:\/\/evenos.com.tr\/en\/wp-json\/wp\/v2\/pages\/875\/revisions"}],"predecessor-version":[{"id":2232,"href":"https:\/\/evenos.com.tr\/en\/wp-json\/wp\/v2\/pages\/875\/revisions\/2232"}],"wp:attachment":[{"href":"https:\/\/evenos.com.tr\/en\/wp-json\/wp\/v2\/media?parent=875"}],"curies":[{"name":"wp","href":"https:\/\/api.w.org\/{rel}","templated":true}]}}