{"id":3041,"date":"2026-01-18T17:19:25","date_gmt":"2026-01-18T14:19:25","guid":{"rendered":"https:\/\/evenos.com.tr\/blog"},"modified":"2026-02-09T08:27:10","modified_gmt":"2026-02-09T05:27:10","slug":"blog","status":"publish","type":"page","link":"https:\/\/evenos.com.tr\/en\/blog","title":{"rendered":"Blog"},"content":{"rendered":"<style>.elementor-3041 .elementor-element.elementor-element-85fcdd5{--display:flex;--flex-direction:column;--container-widget-width:100%;--container-widget-height:initial;--container-widget-flex-grow:0;--container-widget-align-self:initial;--flex-wrap-mobile:wrap;}.elementor-3041 .elementor-element.elementor-element-36b2235 .jeg-elementor-kit.jkit-postblock .jkit-posts{grid-template-columns:repeat(3, minmax(0, 1fr));grid-column-gap:40px;}.elementor-3041 .elementor-element.elementor-element-36b2235 .jeg-elementor-kit.jkit-postblock .jkit-thumb .thumbnail-container{height:300px;}.elementor-3041 .elementor-element.elementor-element-36b2235 .jeg-elementor-kit.jkit-postblock .jkit-postblock-content{text-align:left;}.elementor-3041 .elementor-element.elementor-element-36b2235 .jeg-elementor-kit.jkit-postblock .jkit-post-meta-bottom{justify-content:space-between;}.elementor-3041 .elementor-element.elementor-element-36b2235 .jeg-elementor-kit.jkit-postblock .jeg_empty_module{text-align:left;}@media(max-width:1024px){.elementor-3041 .elementor-element.elementor-element-36b2235 .jeg-elementor-kit.jkit-postblock .jkit-posts{grid-template-columns:repeat(1, minmax(0, 1fr));}}<\/style>\t\t<div data-elementor-type=\"wp-page\" data-elementor-id=\"3041\" class=\"elementor elementor-3041 elementor-2989\">\n\t\t\t\t<div class=\"elementor-element elementor-element-85fcdd5 e-flex e-con-boxed e-con e-parent\" data-id=\"85fcdd5\" data-element_type=\"container\" data-e-type=\"container\" data-settings=\"{&quot;profecient_background_motion_effects_toggle&quot;:0,&quot;profecient_parallax_effects_toggle&quot;:0,&quot;profecient_mouse_effects_toggle&quot;:0}\">\n\t\t\t\t\t<div class=\"e-con-inner\">\n\t\t\t\t<div class=\"elementor-element elementor-element-36b2235 elementor-widget elementor-widget-jkit_post_block\" data-id=\"36b2235\" data-element_type=\"widget\" data-e-type=\"widget\" data-settings=\"{&quot;profecient_parallax_effects_toggle&quot;:0,&quot;profecient_mouse_effects_toggle&quot;:0}\" data-widget_type=\"jkit_post_block.default\">\n\t\t\t\t<div class=\"elementor-widget-container\">\n\t\t\t\t\t<div  class=\"jeg-elementor-kit jkit-postblock postblock-type-3 jkit-pagination-disable post-element jeg_module___69f3a86edfdeb\"  data-id=\"jeg_module___69f3a86edfdeb\" data-settings=\"{&quot;post_type&quot;:&quot;post&quot;,&quot;number_post&quot;:{&quot;unit&quot;:&quot;px&quot;,&quot;size&quot;:30,&quot;sizes&quot;:[]},&quot;post_offset&quot;:0,&quot;unique_content&quot;:&quot;disable&quot;,&quot;include_post&quot;:&quot;&quot;,&quot;exclude_post&quot;:&quot;&quot;,&quot;include_category&quot;:&quot;&quot;,&quot;exclude_category&quot;:&quot;&quot;,&quot;include_author&quot;:&quot;&quot;,&quot;include_tag&quot;:&quot;&quot;,&quot;exclude_tag&quot;:&quot;&quot;,&quot;sort_by&quot;:&quot;latest&quot;,&quot;pagination_mode&quot;:&quot;disable&quot;,&quot;pagination_loadmore_text&quot;:&quot;Load More&quot;,&quot;pagination_loading_text&quot;:&quot;Loading...&quot;,&quot;pagination_number_post&quot;:{&quot;unit&quot;:&quot;px&quot;,&quot;size&quot;:3,&quot;sizes&quot;:[]},&quot;pagination_scroll_limit&quot;:0,&quot;pagination_icon&quot;:{&quot;value&quot;:&quot;&quot;,&quot;library&quot;:&quot;&quot;},&quot;pagination_icon_position&quot;:&quot;before&quot;,&quot;st_category_position&quot;:&quot;center&quot;,&quot;sg_content_postblock_type&quot;:&quot;type-3&quot;,&quot;sg_content_element_order&quot;:&quot;title,meta,excerpt,read&quot;,&quot;sg_content_breakpoint&quot;:&quot;tablet&quot;,&quot;sg_content_title_html_tag&quot;:&quot;h2&quot;,&quot;sg_content_category_enable&quot;:&quot;&quot;,&quot;sg_content_excerpt_enable&quot;:&quot;&quot;,&quot;sg_content_excerpt_length&quot;:{&quot;unit&quot;:&quot;px&quot;,&quot;size&quot;:20,&quot;sizes&quot;:[]},&quot;sg_content_excerpt_more&quot;:&quot;...&quot;,&quot;sg_content_readmore_enable&quot;:&quot;&quot;,&quot;sg_content_readmore_icon&quot;:{&quot;value&quot;:&quot;fas fa-arrow-right&quot;,&quot;library&quot;:&quot;fa-solid&quot;},&quot;sg_content_readmore_icon_position&quot;:&quot;after&quot;,&quot;sg_content_readmore_text&quot;:&quot;Read More&quot;,&quot;sg_content_comment_enable&quot;:&quot;&quot;,&quot;sg_content_comment_icon&quot;:{&quot;value&quot;:&quot;fas fa-comment&quot;,&quot;library&quot;:&quot;fa-solid&quot;},&quot;sg_content_comment_icon_position&quot;:&quot;before&quot;,&quot;sg_content_meta_enable&quot;:&quot;&quot;,&quot;sg_content_meta_author_enable&quot;:&quot;&quot;,&quot;sg_content_meta_author_by_text&quot;:&quot;by&quot;,&quot;sg_content_meta_author_icon&quot;:{&quot;value&quot;:&quot;fas fa-user&quot;,&quot;library&quot;:&quot;fa-solid&quot;},&quot;sg_content_meta_author_icon_position&quot;:&quot;before&quot;,&quot;sg_content_meta_date_enable&quot;:&quot;yes&quot;,&quot;sg_content_meta_date_type&quot;:&quot;published&quot;,&quot;sg_content_meta_date_format&quot;:&quot;default&quot;,&quot;sg_content_meta_date_format_custom&quot;:&quot;d\\\/m\\\/Y&quot;,&quot;sg_content_meta_date_icon&quot;:{&quot;value&quot;:&quot;fas fa-clock&quot;,&quot;library&quot;:&quot;fa-solid&quot;},&quot;sg_content_meta_date_icon_position&quot;:&quot;before&quot;,&quot;sg_content_image_size_imagesize_size&quot;:&quot;thumbnail&quot;,&quot;lang&quot;:&quot;en&quot;,&quot;paged&quot;:1,&quot;class&quot;:&quot;jkit_post_block&quot;}\"><div class=\"jkit-block-container\"><div class=\"jkit-posts jkit-ajax-flag\">\n            <article class=\"jkit-post post-3043 post type-post status-publish format-standard has-post-thumbnail hentry category-fire-information\">\n                    <div class=\"jkit-thumb\"><a aria-label=\"Causes of Fires\" href=\"https:\/\/evenos.com.tr\/en\/blog\/causes-of-fires\"><div class=\"thumbnail-container \">\n            <img loading=\"lazy\" decoding=\"async\" width=\"150\" height=\"150\" src=\"https:\/\/evenos.com.tr\/wp-content\/uploads\/2025\/10\/yanginlarin-sebepleri-nelerdir-150x150.png\" class=\"attachment-thumbnail size-thumbnail wp-post-image\" alt=\"yang\u0131nlar\u0131n sebepleri nelerdir\" loading=\"lazy\" srcset=\"https:\/\/evenos.com.tr\/wp-content\/uploads\/2025\/10\/yanginlarin-sebepleri-nelerdir-150x150.png 150w, https:\/\/evenos.com.tr\/wp-content\/uploads\/2025\/10\/yanginlarin-sebepleri-nelerdir-300x300.png 300w, https:\/\/evenos.com.tr\/wp-content\/uploads\/2025\/10\/yanginlarin-sebepleri-nelerdir.png 500w\" sizes=\"auto, (max-width: 150px) 100vw, 150px\" \/>\n        <\/div><\/a><\/div>\n                    <div class=\"jkit-postblock-content\"><h2 class=\"jkit-post-title\">\n\t\t\t\t\t\t\t<a href=\"https:\/\/evenos.com.tr\/en\/blog\/causes-of-fires\">Causes of Fires<\/a>\n\t\t\t\t\t\t<\/h2><div class=\"jkit-post-meta-bottom\">\n\t\t\t\t\t\t\t\n\t\t\t\t\t\t<\/div><\/div>\n                <\/article><article class=\"jkit-post post-3079 post type-post status-publish format-standard has-post-thumbnail hentry category-fire-information\">\n                    <div class=\"jkit-thumb\"><a aria-label=\"What is a Fire Escape Staircase?\" href=\"https:\/\/evenos.com.tr\/en\/blog\/what-is-a-fire-escape-staircase\"><div class=\"thumbnail-container \">\n            <img loading=\"lazy\" decoding=\"async\" width=\"150\" height=\"150\" src=\"https:\/\/evenos.com.tr\/wp-content\/uploads\/2025\/10\/yangin-merdiveni-nedir-150x150.png\" class=\"attachment-thumbnail size-thumbnail wp-post-image\" alt=\"yang\u0131n merdiveni nedir\" loading=\"lazy\" srcset=\"https:\/\/evenos.com.tr\/wp-content\/uploads\/2025\/10\/yangin-merdiveni-nedir-150x150.png 150w, https:\/\/evenos.com.tr\/wp-content\/uploads\/2025\/10\/yangin-merdiveni-nedir-300x300.png 300w, https:\/\/evenos.com.tr\/wp-content\/uploads\/2025\/10\/yangin-merdiveni-nedir.png 500w\" sizes=\"auto, (max-width: 150px) 100vw, 150px\" \/>\n        <\/div><\/a><\/div>\n                    <div class=\"jkit-postblock-content\"><h2 class=\"jkit-post-title\">\n\t\t\t\t\t\t\t<a href=\"https:\/\/evenos.com.tr\/en\/blog\/what-is-a-fire-escape-staircase\">What is a Fire Escape Staircase?<\/a>\n\t\t\t\t\t\t<\/h2><div class=\"jkit-post-meta-bottom\">\n\t\t\t\t\t\t\t\n\t\t\t\t\t\t<\/div><\/div>\n                <\/article>\n        <\/div><\/div><\/div>\t\t\t\t<\/div>\n\t\t\t\t<\/div>\n\t\t\t\t\t<\/div>\n\t\t\t\t<\/div>\n\t\t\t\t<\/div>\n\t\t","protected":false},"excerpt":{"rendered":"<p>edit post Ofislerde Hangi Yang\u0131n S\u00f6nd\u00fcrme Sistemleri Kullan\u0131lmal\u0131? edit post Fabrikalarda Hangi Yang\u0131n S\u00f6nd\u00fcrme Sistemleri Kullan\u0131lmal\u0131? edit post Yang\u0131n Butonu Nedir? edit post Yang\u0131n Hortumu Nedir? edit post Yang\u0131n Kap\u0131s\u0131 Nedir? edit post Yang\u0131n S\u0131n\u0131flar\u0131 Nelerdir? edit post Yang\u0131nlar\u0131n Sebepleri edit post Yang\u0131n Merdiveni Nedir?<\/p>\n","protected":false},"author":2,"featured_media":0,"parent":0,"menu_order":0,"comment_status":"closed","ping_status":"closed","template":"","meta":{"footnotes":""},"class_list":["post-3041","page","type-page","status-publish","hentry"],"_links":{"self":[{"href":"https:\/\/evenos.com.tr\/en\/wp-json\/wp\/v2\/pages\/3041","targetHints":{"allow":["GET"]}}],"collection":[{"href":"https:\/\/evenos.com.tr\/en\/wp-json\/wp\/v2\/pages"}],"about":[{"href":"https:\/\/evenos.com.tr\/en\/wp-json\/wp\/v2\/types\/page"}],"author":[{"embeddable":true,"href":"https:\/\/evenos.com.tr\/en\/wp-json\/wp\/v2\/users\/2"}],"replies":[{"embeddable":true,"href":"https:\/\/evenos.com.tr\/en\/wp-json\/wp\/v2\/comments?post=3041"}],"version-history":[{"count":1,"href":"https:\/\/evenos.com.tr\/en\/wp-json\/wp\/v2\/pages\/3041\/revisions"}],"predecessor-version":[{"id":3042,"href":"https:\/\/evenos.com.tr\/en\/wp-json\/wp\/v2\/pages\/3041\/revisions\/3042"}],"wp:attachment":[{"href":"https:\/\/evenos.com.tr\/en\/wp-json\/wp\/v2\/media?parent=3041"}],"curies":[{"name":"wp","href":"https:\/\/api.w.org\/{rel}","templated":true}]}}