{"id":1371,"date":"2024-09-05T22:00:16","date_gmt":"2024-09-05T19:00:16","guid":{"rendered":"https:\/\/evenos.com.tr\/personal-data-protection-law"},"modified":"2024-09-07T14:17:09","modified_gmt":"2024-09-07T11:17:09","slug":"gdpr","status":"publish","type":"page","link":"https:\/\/evenos.com.tr\/en\/gdpr","title":{"rendered":"GDPR Policy"},"content":{"rendered":"\n<p>Evenos Fire Security Systems Inc. values the privacy of its users.\nYou can visit our site as much as you want, you can read our publications as you wish. <\/p>\n\n<p>You do not need to be a member to benefit from the &#8220;www.evenos.com.tr&#8221; site owned by Evenos Fire Security Systems Corporation.\nYou can stop using our site at any time. <\/p>\n\n<p>We would like to remind you that if the message in electronic mail communication is not encrypted, the security of the message cannot be guaranteed and you are responsible for the security of the e-mails you send.\nWe may provide links from our website to other websites that do not belong to Evenos Yang\u0131n G\u00fcvenlik Sistemleri Anonim \u015eirketi in order to provide you with information more quickly.\nIf you visit any of these websites, you should review the accuracy and reliability of that site.  <\/p>\n\n<p>Evenos Yang\u0131n G\u00fcvenlik Sistemleri Anonim \u015eirketi reserves the right to change all pages, information, visual elements on the website without prior notice.<\/p>\n\n<p>The copyrights of the information and materials on our site, visual elements belonging to us and\/or third parties and their arrangement belong to Evenos Yang\u0131n G\u00fcvenlik Sistemleri Anonim \u015eirketi, they may not be copied, distributed, rented, reproduced, sublicensed, modified or used for commercial purposes.<\/p>\n\n<p>The information provided on this website is provided &#8220;as is&#8221; and &#8220;as available&#8221;.\nEvenos Yang\u0131n G\u00fcvenlik Sistemleri Anonim \u015eirketi does not guarantee the accuracy, adequacy and completeness of this information and expressly disclaims liability for errors or omissions in this information.\nThis information does not violate the rights of third parties, including but not limited to warranties of title, merchantability, fitness for a particular purpose and\/or absence of computer viruses, and makes no warranties, express, implied or statutory.  <\/p>\n\n<p>Evenos Yang\u0131n G\u00fcvenlik Sistemleri Anonim \u015eirketi shall not be liable for any damages and losses, including but not limited to damages, losses and expenses arising directly or indirectly as a result of any performance failure, error, deficiency, interruption, defect, delay in operation and \/ or transportation, computer virus and \/ or line and \/ or system failure during the use of this website, even if Evenos Yang\u0131n G\u00fcvenlik Sistemleri Anonim \u015eirketi has been informed of the possibility of such damages and losses.<\/p>\n\n<p>The information that Evenos Yang\u0131n G\u00fcvenlik Sistemleri Anonim \u015eirketi collects from its users is information that it is only allowed to collect within the framework of the relevant legislation and that you have the right to share or not share.\nEvenos Yang\u0131n G\u00fcvenlik Sistemleri Anonim \u015eirketi protects your information with administrative, technical and physical protections.\nYour information is never shared with third parties unless you instruct otherwise.\n(Law No. 6698 on the Protection of Personal Data)   <\/p>\n\n<p>A cookie policy is applied for the websites whose content is provided by Evenos Yang\u0131n G\u00fcvenlik Sistemleri Anonim \u015eirketi.\nOur cookies are used to provide you with a personalized experience during your use of our websites, to improve our services and to perfect your experience. <\/p>\n\n<p>You can email us for information on all policies and other matters.<\/p>\n","protected":false},"excerpt":{"rendered":"<p>Evenos Fire Security Systems Inc. values the privacy of its users. You can visit our site as much as you want, you can read our publications as you wish. You do not need to be a member to benefit from the &#8220;www.evenos.com.tr&#8221; site owned by Evenos Fire Security Systems Corporation. You can stop using our [&hellip;]<\/p>\n","protected":false},"author":1,"featured_media":0,"parent":0,"menu_order":0,"comment_status":"closed","ping_status":"closed","template":"","meta":{"footnotes":""},"class_list":["post-1371","page","type-page","status-publish","hentry"],"_links":{"self":[{"href":"https:\/\/evenos.com.tr\/en\/wp-json\/wp\/v2\/pages\/1371","targetHints":{"allow":["GET"]}}],"collection":[{"href":"https:\/\/evenos.com.tr\/en\/wp-json\/wp\/v2\/pages"}],"about":[{"href":"https:\/\/evenos.com.tr\/en\/wp-json\/wp\/v2\/types\/page"}],"author":[{"embeddable":true,"href":"https:\/\/evenos.com.tr\/en\/wp-json\/wp\/v2\/users\/1"}],"replies":[{"embeddable":true,"href":"https:\/\/evenos.com.tr\/en\/wp-json\/wp\/v2\/comments?post=1371"}],"version-history":[{"count":4,"href":"https:\/\/evenos.com.tr\/en\/wp-json\/wp\/v2\/pages\/1371\/revisions"}],"predecessor-version":[{"id":1452,"href":"https:\/\/evenos.com.tr\/en\/wp-json\/wp\/v2\/pages\/1371\/revisions\/1452"}],"wp:attachment":[{"href":"https:\/\/evenos.com.tr\/en\/wp-json\/wp\/v2\/media?parent=1371"}],"curies":[{"name":"wp","href":"https:\/\/api.w.org\/{rel}","templated":true}]}}