{"id":1025,"date":"2024-07-30T10:50:01","date_gmt":"2024-07-30T07:50:01","guid":{"rendered":"https:\/\/evenos.com.tr\/foam-fire-extinguishing-systems\/high-expansion-foam-extinguishing-systems\/"},"modified":"2025-03-14T14:33:04","modified_gmt":"2025-03-14T11:33:04","slug":"high-expansion-foam-suppression","status":"publish","type":"page","link":"https:\/\/evenos.com.tr\/en\/high-expansion-foam-suppression","title":{"rendered":"High Expansion Foam Extinguishing Systems"},"content":{"rendered":"<style>.elementor-1025 .elementor-element.elementor-element-e4090e4{--display:flex;--flex-direction:row;--container-widget-width:initial;--container-widget-height:100%;--container-widget-flex-grow:1;--container-widget-align-self:stretch;--flex-wrap-mobile:wrap;--gap:0px 0px;--row-gap:0px;--column-gap:0px;}.elementor-1025 .elementor-element.elementor-element-9587296{--display:flex;--flex-direction:column;--container-widget-width:100%;--container-widget-height:initial;--container-widget-flex-grow:0;--container-widget-align-self:initial;--flex-wrap-mobile:wrap;}.elementor-1025 .elementor-element.elementor-element-9587296.e-con{--flex-grow:0;--flex-shrink:0;}.elementor-1025 .elementor-element.elementor-element-0715bae{--display:flex;--flex-direction:column;--container-widget-width:100%;--container-widget-height:initial;--container-widget-flex-grow:0;--container-widget-align-self:initial;--flex-wrap-mobile:wrap;}.elementor-1025 .elementor-element.elementor-element-0715bae.e-con{--flex-grow:0;--flex-shrink:0;}.elementor-widget-image .widget-image-caption{font-family:var( --e-global-typography-text-font-family ), Sans-serif;font-size:var( --e-global-typography-text-font-size );font-weight:var( --e-global-typography-text-font-weight );line-height:var( --e-global-typography-text-line-height );}.elementor-widget-text-editor{font-family:var( --e-global-typography-text-font-family ), Sans-serif;font-size:var( --e-global-typography-text-font-size );font-weight:var( --e-global-typography-text-font-weight );line-height:var( --e-global-typography-text-line-height );}.elementor-1025 .elementor-element.elementor-element-7f6310a .jeg-elementor-kit.jkit-button{text-align:left;}.elementor-1025 .elementor-element.elementor-element-7f6310a .jeg-elementor-kit.jkit-button .jkit-button-wrapper{color:#FFFFFF;background-color:var( --e-global-color-accent );}.elementor-1025 .elementor-element.elementor-element-7f6310a .jeg-elementor-kit.jkit-button .jkit-button-wrapper svg{fill:#FFFFFF;}.elementor-1025 .elementor-element.elementor-element-7f6310a .jeg-elementor-kit.jkit-button .jkit-button-wrapper:not(.hover-gradient):hover, .elementor-1025 .elementor-element.elementor-element-7f6310a .jeg-elementor-kit.jkit-button .jkit-button-wrapper.hover-gradient:before{background-color:var( --e-global-color-primary );}.elementor-1025 .elementor-element.elementor-element-7f6310a .jeg-elementor-kit.jkit-button.icon-position-before .jkit-button-wrapper i, .elementor-1025 .elementor-element.elementor-element-7f6310a .jeg-elementor-kit.jkit-button.icon-position-before .jkit-button-wrapper svg{margin-right:5px;}.elementor-1025 .elementor-element.elementor-element-7f6310a .jeg-elementor-kit.jkit-button.icon-position-after .jkit-button-wrapper i, .elementor-1025 .elementor-element.elementor-element-7f6310a .jeg-elementor-kit.jkit-button.icon-position-after .jkit-button-wrapper svg{margin-left:5px;}@media(min-width:768px){.elementor-1025 .elementor-element.elementor-element-9587296{--width:26.295%;}.elementor-1025 .elementor-element.elementor-element-0715bae{--width:76.388%;}}@media(max-width:1024px){.elementor-widget-image .widget-image-caption{font-size:var( --e-global-typography-text-font-size );line-height:var( --e-global-typography-text-line-height );}.elementor-widget-text-editor{font-size:var( --e-global-typography-text-font-size );line-height:var( --e-global-typography-text-line-height );}}@media(max-width:767px){.elementor-widget-image .widget-image-caption{font-size:var( --e-global-typography-text-font-size );line-height:var( --e-global-typography-text-line-height );}.elementor-widget-text-editor{font-size:var( --e-global-typography-text-font-size );line-height:var( --e-global-typography-text-line-height );}}<\/style>\t\t<div data-elementor-type=\"wp-page\" data-elementor-id=\"1025\" class=\"elementor elementor-1025 elementor-497\">\n\t\t\t\t<div class=\"elementor-element elementor-element-e4090e4 e-flex e-con-boxed e-con e-parent\" data-id=\"e4090e4\" data-element_type=\"container\" data-e-type=\"container\" data-settings=\"{&quot;profecient_background_motion_effects_toggle&quot;:0,&quot;profecient_parallax_effects_toggle&quot;:0,&quot;profecient_mouse_effects_toggle&quot;:0}\">\n\t\t\t\t\t<div class=\"e-con-inner\">\n\t\t<div class=\"elementor-element elementor-element-9587296 e-con-full e-flex e-con e-child\" data-id=\"9587296\" data-element_type=\"container\" data-e-type=\"container\" data-settings=\"{&quot;profecient_background_motion_effects_toggle&quot;:0,&quot;profecient_parallax_effects_toggle&quot;:0,&quot;profecient_mouse_effects_toggle&quot;:0}\">\n\t\t\t\t<div class=\"elementor-element elementor-element-e6ebe35 elementor-widget elementor-widget-shortcode\" data-id=\"e6ebe35\" data-element_type=\"widget\" data-e-type=\"widget\" data-settings=\"{&quot;profecient_parallax_effects_toggle&quot;:0,&quot;profecient_mouse_effects_toggle&quot;:0}\" data-widget_type=\"shortcode.default\">\n\t\t\t\t<div class=\"elementor-widget-container\">\n\t\t\t\t\t\t\t<div class=\"elementor-shortcode\"><div id='iksm-656' class='iksm iksm-656 iksm-container '  data-id='656' data-is-pro='0' data-source='menu'><div class='iksm-terms'><div class='iksm-terms-tree iksm-terms-tree--level-1 iksm-terms-tree--parents' style=''><div class=\"iksm-terms-tree__inner\">\n        <div class=\"iksm-term iksm-term--id-643 iksm-term--parent\" data-id=\"643\">\n            <div class=\"iksm-term__inner\" tabindex='0'>\n                <a class=\"iksm-term__link\" href='https:\/\/evenos.com.tr\/kopuklu-sprinkler-sistemleri' target='_self' tabindex='-1'>\n\t\t\t\t        <span class=\"iksm-term__text\">K\u00f6p\u00fckl\u00fc Sprinkler Yang\u0131n S\u00f6nd\u00fcrme Sistemleri<\/span>\n\t\t            <\/a>\n\t\t\t        <\/div>\n\t\t        <\/div>\n\n\t\t\n        <div class=\"iksm-term iksm-term--id-644 iksm-term--parent\" data-id=\"644\">\n            <div class=\"iksm-term__inner\" tabindex='0'>\n                <a class=\"iksm-term__link\" href='https:\/\/evenos.com.tr\/kopuklu-yangin-dolabi' target='_self' tabindex='-1'>\n\t\t\t\t        <span class=\"iksm-term__text\">K\u00f6p\u00fckl\u00fc Yang\u0131n Dolab\u0131<\/span>\n\t\t            <\/a>\n\t\t\t        <\/div>\n\t\t        <\/div>\n\n\t\t\n        <div class=\"iksm-term iksm-term--id-645 iksm-term--parent\" data-id=\"645\">\n            <div class=\"iksm-term__inner\" tabindex='0'>\n                <a class=\"iksm-term__link\" href='https:\/\/evenos.com.tr\/kopuk-konsantresi' target='_self' tabindex='-1'>\n\t\t\t\t        <span class=\"iksm-term__text\">Yang\u0131n S\u00f6nd\u00fcrmede K\u00f6p\u00fck Konsantresi<\/span>\n\t\t            <\/a>\n\t\t\t        <\/div>\n\t\t        <\/div>\n\n\t\t\n        <div class=\"iksm-term iksm-term--id-646 iksm-term--parent\" data-id=\"646\">\n            <div class=\"iksm-term__inner\" tabindex='0'>\n                <a class=\"iksm-term__link\" href='https:\/\/evenos.com.tr\/kopuk-monitorleri' target='_self' tabindex='-1'>\n\t\t\t\t        <span class=\"iksm-term__text\">Yang\u0131n S\u00f6nd\u00fcrmede K\u00f6p\u00fck Monit\u00f6rleri<\/span>\n\t\t            <\/a>\n\t\t\t        <\/div>\n\t\t        <\/div>\n\n\t\t\n        <div class=\"iksm-term iksm-term--id-647 iksm-term--parent\" data-id=\"647\">\n            <div class=\"iksm-term__inner\" tabindex='0'>\n                <a class=\"iksm-term__link\" href='https:\/\/evenos.com.tr\/yuksek-genlesmeli-kopuklu-sondurme-sistemleri' target='_self' tabindex='-1'>\n\t\t\t\t        <span class=\"iksm-term__text\">Y\u00fcksek Genle\u015fmeli K\u00f6p\u00fckl\u00fc S\u00f6nd\u00fcrme Sistemleri<\/span>\n\t\t            <\/a>\n\t\t\t        <\/div>\n\t\t        <\/div>\n\n\t\t<\/div><\/div><\/div><div id=\"iksm_data_args\" class=\"data-args\"  data-collapse_children_terms='1' data-collapse_other_terms='1' data-collapse_animation_duration='400' data-expand_animation_duration='400'><\/div><\/div><script id=\"styles-copier-69f395078fe85\">\n\t\t\t\/\/ Finding styles element\n\t        var element = document.getElementById(\"iksm-dynamic-style\");\n\t        if (!element) { \/\/ If no element (Cache plugins can remove tag), then creating a new one\n                element = document.createElement('style');\n                var head = document.getElementsByTagName(\"head\")\n                if (head && head[0]) {\n                \thead[0].appendChild(element);\n                } else {\n                  \tconsole.warn(\"Iks Menu | Error while printing styles. Please contact technical support.\");\n                }\n\t        }\n\t\t\t\/\/ Copying styles to <styles> tag\n\t        element.innerHTML += \".iksm-656 .iksm-terms{border-top-left-radius:8px;border-top-right-radius:8px;border-bottom-right-radius:8px;border-bottom-left-radius:8px;transition:all 400ms;animation:iks-fade-in 1000ms;}.iksm-656 .iksm-terms-tree--level-1 > * > .iksm-term:not(:last-child){margin-bottom:0;}.iksm-656 .iksm-term__inner{background-color:rgba(255,255,255,1);border-top-left-radius:8px;border-top-right-radius:8px;border-bottom-right-radius:8px;border-bottom-left-radius:8px;margin-top:5px;min-height:44px;transition:all 400ms;}.iksm-656 .iksm-term__inner:hover{background-color:rgba(236,236,236,1);}.iksm-656 .iksm-term--current > .iksm-term__inner{background-color:rgba(212,212,212,1);}.iksm-656 .iksm-term__link{color:rgba(0,0,0,1);font-size:15px;line-height:15px;font-weight:400;text-decoration:none;padding-top:5px;padding-right:15px;padding-bottom:5px;padding-left:15px;transition:all 400ms;}.iksm-656 .iksm-term__inner:hover .iksm-term__link{color:rgba(50,50,50,1);}.iksm-656 .iksm-term__toggle__inner{transition:transform 400ms}.iksm-656 .iksm-term--expanded > .iksm-term__inner > .iksm-term__toggle > .iksm-term__toggle__inner{transform:rotate(180deg);}.iksm-656 .iksm-term__toggle{color:rgba(133,133,133,1);font-size:22px;align-self:stretch;height:unset;;width:40px;transition:all 400ms;}.iksm-656 .iksm-term__toggle:hover{color:rgba(0,0,0,1);}.iksm-656 .iksm-term__image-container{width:30px;min-width:30px;height:30px;min-height:30px;margin-right:15px;transition:all 400ms;}.iksm-656 .iksm-term__image{background-size:contain;background-position:center;background-repeat:no-repeat;}.iksm-656 .iksm-term__image-container:hover{background-size:contain;background-position:center;background-repeat:no-repeat;}.iksm-656 .iksm-term__inner:hover .iksm-term__image-container{background-size:contain;background-position:center;background-repeat:no-repeat;}.iksm-656 .iksm-term__inner:focus .iksm-term__image-container{background-size:contain;background-position:center;background-repeat:no-repeat;}.iksm-656 .iksm-term--current > .iksm-term__inner .iksm-term__image-container{background-size:contain;background-position:center;background-repeat:no-repeat;}.iksm-656 .iksm-term--child .iksm-term__inner .iksm-term__image-container{background-size:contain;background-position:center;background-repeat:no-repeat;}.iksm-656 .iksm-term--child .iksm-term__inner .iksm-term__image-container:hover{background-size:contain;background-position:center;background-repeat:no-repeat;}.iksm-656 .iksm-term--child .iksm-term__inner .iksm-term__image-container:focus{background-size:contain;background-position:center;background-repeat:no-repeat;}.iksm-656 .iksm-term--child.iksm-term--current > .iksm-term__inner .iksm-term__image-container{background-size:contain;background-position:center;background-repeat:no-repeat;}.iksm-656  .iksm-term__text{flex: unset}.iksm-656 .iksm-term__posts-count{color:rgba(133,133,133,1);font-size:16px;margin-left:12px;font-weight:400;transition:all 400ms;}\";\n\t        \/\/ Removing this script\n            var this_script = document.getElementById(\"styles-copier-69f395078fe85\");\n            if (this_script) { \/\/ Cache plugins can remove tag\n\t            this_script.outerHTML = \"\";\n\t            if (this_script.parentNode) {\n\t                this_script.parentNode.removeChild(this_script);\n\t            }\n            }\n        <\/script><\/div>\n\t\t\t\t\t\t<\/div>\n\t\t\t\t<\/div>\n\t\t\t\t<\/div>\n\t\t<div class=\"elementor-element elementor-element-0715bae e-con-full e-flex e-con e-child\" data-id=\"0715bae\" data-element_type=\"container\" data-e-type=\"container\" data-settings=\"{&quot;profecient_background_motion_effects_toggle&quot;:0,&quot;profecient_parallax_effects_toggle&quot;:0,&quot;profecient_mouse_effects_toggle&quot;:0}\">\n\t\t\t\t<div class=\"elementor-element elementor-element-22f8975 elementor-widget elementor-widget-image\" data-id=\"22f8975\" data-element_type=\"widget\" data-e-type=\"widget\" data-settings=\"{&quot;profecient_parallax_effects_toggle&quot;:0,&quot;profecient_mouse_effects_toggle&quot;:0}\" data-widget_type=\"image.default\">\n\t\t\t\t<div class=\"elementor-widget-container\">\n\t\t\t\t\t\t\t\t\t\t\t\t\t\t\t<img fetchpriority=\"high\" decoding=\"async\" width=\"900\" height=\"500\" src=\"https:\/\/evenos.com.tr\/wp-content\/uploads\/2024\/07\/Kopuklu-Yangin-Sondurme-Sistemleri.jpg\" class=\"attachment-large size-large wp-image-841\" alt=\"k\u00f6p\u00fckl\u00fc yang\" srcset=\"https:\/\/evenos.com.tr\/wp-content\/uploads\/2024\/07\/Kopuklu-Yangin-Sondurme-Sistemleri.jpg 900w, https:\/\/evenos.com.tr\/wp-content\/uploads\/2024\/07\/Kopuklu-Yangin-Sondurme-Sistemleri-300x167.jpg 300w, https:\/\/evenos.com.tr\/wp-content\/uploads\/2024\/07\/Kopuklu-Yangin-Sondurme-Sistemleri-768x427.jpg 768w\" sizes=\"(max-width: 900px) 100vw, 900px\" \/>\t\t\t\t\t\t\t\t\t\t\t\t\t\t\t<\/div>\n\t\t\t\t<\/div>\n\t\t\t\t<div class=\"elementor-element elementor-element-b79cc79 elementor-widget elementor-widget-text-editor\" data-id=\"b79cc79\" data-element_type=\"widget\" data-e-type=\"widget\" data-settings=\"{&quot;profecient_parallax_effects_toggle&quot;:0,&quot;profecient_mouse_effects_toggle&quot;:0}\" data-widget_type=\"text-editor.default\">\n\t\t\t\t<div class=\"elementor-widget-container\">\n\t\t\t\t\t\t\t\t\t<p style=\"font-weight: 400;\">Foam generator systems, which mix chemicals and water into foam, provide the opportunity to intervene in fires that start in remote or blind spots thanks to their portable models.<br \/>Foam extinguishing systems, which offer effective solutions where general extinguishing systems cannot reach, are produced with a hose assembly that helps the foam to be applied to the fire.<br \/>Thus, it is possible to intervene quickly in the fire.<\/p><h2><b>What is a Foam Generator?<\/b><\/h2><p style=\"font-weight: 400;\"><span style=\"font-weight: 400;\">Protein or synthetic-based, film-forming and alcohol-resistant foam generator systems are tools that extinguish flammable liquid and fuel fires.<br \/>Automatic or manual system <\/span><a href=\"https:\/\/evenos.com.tr\/en\/foam-suppression-systems\"><b>different models<\/b><\/a><span style=\"font-weight: 400;\"> Available. <\/span><\/p><h2><b>What is the Intended Use of Foam Generator Systems?<\/b><\/h2><p style=\"font-weight: 400;\"><span style=\"font-weight: 400;\">The purpose of foam generators is to help the foam expand with high expansion foam generators, to cover the inside of the area with foam and to prevent the fire from contacting the air and to extinguish it quickly. <\/span><\/p><h2><b>What are the Uses of High Expansion Foam Generators?<\/b><\/h2><p style=\"font-weight: 400;\"><span style=\"font-weight: 400;\">High expansion foam systems work on the basis of simultaneous discharge of the foam mixture to the entire application area with the signal from the detection system.<br \/>The trigger signal can be of different types such as hydraulic, pneumatic, electrical or mixed.<br \/>In this type of systems, there is also a manual intervention station.<br \/>There is no fusible connection apparatus or glass pipe at the ends of the foam generator applicators.<br \/>In generators using outdoor air, there should be gaps to allow fresh air or a special ventilation system should be designed. <\/span><\/p><h2>\u00a0<\/h2><p style=\"font-weight: 400;\"><span style=\"font-weight: 400;\">These are not required for systems using in-place air.<br \/>High expansion foam generator products can have hydraulically driven or electric motorized fans, while some models can also be preferred in designs where the foam and water mixture is expanded with a sieve.<br \/>Fan models work with durable mounting feet. <\/span><\/p><p style=\"font-weight: 400;\"><span style=\"font-weight: 400;\">High expansion foam generators are used in indoor\/outdoor facilities where flammable, combustible liquids or gases are stored or processed.<br \/>These are as follows: <\/span><\/p><ul><li style=\"font-weight: 400;\" aria-level=\"1\"><span style=\"font-weight: 400;\">Solvent or hydrocarbon storage sites<\/span><\/li><li style=\"font-weight: 400;\" aria-level=\"1\"><span style=\"font-weight: 400;\">Ship engine rooms<\/span><\/li><li style=\"font-weight: 400;\" aria-level=\"1\"><span style=\"font-weight: 400;\">Cargo areas<\/span><\/li><li style=\"font-weight: 400;\" aria-level=\"1\"><span style=\"font-weight: 400;\">Aircraft and helicopter hangars<\/span><\/li><li style=\"font-weight: 400;\" aria-level=\"1\"><span style=\"font-weight: 400;\">LNG storage facilities<\/span><\/li><li style=\"font-weight: 400;\" aria-level=\"1\"><span style=\"font-weight: 400;\">Paint production facilities<\/span><\/li><li style=\"font-weight: 400;\" aria-level=\"1\"><span style=\"font-weight: 400;\">Production areas<\/span><\/li><li style=\"font-weight: 400;\" aria-level=\"1\"><span style=\"font-weight: 400;\">Overflow pools<\/span><\/li><li style=\"font-weight: 400;\" aria-level=\"1\"><span style=\"font-weight: 400;\">Jet engine test facilities<\/span><\/li><\/ul><h2><b>Classification of Fire Extinguishing Foams According to Expansion Rate <\/b><\/h2><p style=\"font-weight: 400;\"><span style=\"font-weight: 400;\">The foam concentrations used in the generators are selected according to the type of foam, expansion rate, back-burning time and extinguishing time of the foam and made suitable for the area where it will be used. <\/span><\/p><p style=\"font-weight: 400;\"><span style=\"font-weight: 400;\">Foam concentration ratios ranging from 3% to 6% are divided into three according to the expansion rate of the foam:<\/span><\/p><ul><li style=\"font-weight: 400;\" aria-level=\"1\"><b>Low expansion foams:<\/b><span style=\"font-weight: 400;\"> Expansion ratio 1\/1-20\/1<\/span><\/li><li style=\"font-weight: 400;\" aria-level=\"1\"><b>Medium expansion foams:<\/b><span style=\"font-weight: 400;\"> Expansion ratio 20\/1 &#8211; 200\/1<\/span><\/li><li style=\"font-weight: 400;\" aria-level=\"1\"><b>High expansion foams:<\/b><span style=\"font-weight: 400;\"> Expansion ratio 200\/1-800\/1<\/span><\/li><\/ul><p style=\"font-weight: 400;\"><span style=\"font-weight: 400;\">Foam types are used for different fire scenarios.<br \/>Low-expansion foams are applied on the surface of liquids, while medium-expansion ones are ideal for toxic vapors or fumes.<br \/>High expansion foams are preferred for three-dimensional fires or liquid spewing fires. <\/span><\/p><h2><b>What are the Technical Specifications of Foam Generators?<\/b><\/h2><p style=\"font-weight: 400;\"><span style=\"font-weight: 400;\">Foam generator systems should have the following technical specifications:<\/span><\/p><ul><li style=\"font-weight: 400;\" aria-level=\"1\"><span style=\"font-weight: 400;\">The design criteria of the extinguishing system should be made according to the principles specified in NFPA 11A standards.<\/span><\/li><li style=\"font-weight: 400;\" aria-level=\"1\"><span style=\"font-weight: 400;\">The foam tank used in the system, proportioner, generator, valves and <\/span><a href=\"https:\/\/evenos.com.tr\/en\/foam-concentrates\"><b>foam concentrate<\/b><\/a><span style=\"font-weight: 400;\"> It must be CE certified, designed in accordance with European norms and the latest technology.<\/span><\/li><li style=\"font-weight: 400;\" aria-level=\"1\"><span style=\"font-weight: 400;\">The working pressure of the generator must be in the range of minimum 8, maximum 16 bar and 80m3\/min flow rate.<\/span><\/li><li style=\"font-weight: 400;\" aria-level=\"1\"><span style=\"font-weight: 400;\">Systems should be galvanized or stainless steel and nozzles should be brass.<\/span><\/li><li>The foam proportioner of the generator should have a capacity of 1600 lt\/min,<\/li><\/ul><h2><b>What Are the Situations Where Foam Generators are Auxiliary Extinguishing Systems?<\/b><\/h2><p style=\"font-weight: 400;\">Foams in foam generators expand rapidly when they come into contact with air.<br \/>Foams, which have the ability to spread over a wider area in the fire zone, can be used for fire intervention in very large areas in terms of volume.<br \/>When foam generators are used in places where the fire may grow, they cover the entire area where the flare-up is likely to grow with foam, cutting off the contact of the area with the air.<br \/>The long-lasting foam mixture also prevents the fire from re-igniting and spreading.<br \/>In many fire incidents, it has been observed that the fire reignites when cooling efforts are started.<br \/>In areas where foam generators are used, this possibility is completely eliminated.<\/p><p style=\"font-weight: 400;\">High expansion foam systems show effective performance in areas such as fire departments, marinas, civil defense production facilities, chemical production warehouses, generator rooms, storage areas, ports and piers.<br \/>Generators are also used as auxiliary extinguishing systems in these areas.<br \/>These generators, which are produced in accordance with EU standards, are delivered in accordance with the regulation and control procedures are carried out.<\/p><p>You can determine the most suitable product for your business needs among the foam generator systems offered by Evenos with experts, and you can secure your business against the risk of fire with safe systems designed in EU standards.<br \/>You can also contact Evenos&#8217; expert team at any time for any kind of <a><b>technical support and service<\/b><\/a> you can ask for help.<\/p>\t\t\t\t\t\t\t\t<\/div>\n\t\t\t\t<\/div>\n\t\t\t\t<div class=\"elementor-element elementor-element-7f6310a elementor-widget elementor-widget-jkit_button\" data-id=\"7f6310a\" data-element_type=\"widget\" data-e-type=\"widget\" data-settings=\"{&quot;profecient_parallax_effects_toggle&quot;:0,&quot;profecient_mouse_effects_toggle&quot;:0}\" data-widget_type=\"jkit_button.default\">\n\t\t\t\t<div class=\"elementor-widget-container\">\n\t\t\t\t\t<div  class=\"jeg-elementor-kit jkit-button  icon-position-after jeg_module___69f3950790eb3\" ><a href=\"https:\/\/evenos.com.tr\/iletisim\" class=\"jkit-button-wrapper\">Daha Fazla Bilgi Al<i aria-hidden=\"true\" class=\"jki jki-arrow-up-right-line\"><\/i><\/a><\/div>\t\t\t\t<\/div>\n\t\t\t\t<\/div>\n\t\t\t\t<\/div>\n\t\t\t\t\t<\/div>\n\t\t\t\t<\/div>\n\t\t\t\t<\/div>\n\t\t","protected":false},"excerpt":{"rendered":"<p>Foam generator systems, which mix chemicals and water into foam, provide the opportunity to intervene in fires that start in remote or blind spots thanks to their portable models.Foam extinguishing systems, which offer effective solutions where general extinguishing systems cannot reach, are produced with a hose assembly that helps the foam to be applied to [&hellip;]<\/p>\n","protected":false},"author":1,"featured_media":0,"parent":0,"menu_order":0,"comment_status":"closed","ping_status":"closed","template":"","meta":{"footnotes":""},"class_list":["post-1025","page","type-page","status-publish","hentry"],"_links":{"self":[{"href":"https:\/\/evenos.com.tr\/en\/wp-json\/wp\/v2\/pages\/1025","targetHints":{"allow":["GET"]}}],"collection":[{"href":"https:\/\/evenos.com.tr\/en\/wp-json\/wp\/v2\/pages"}],"about":[{"href":"https:\/\/evenos.com.tr\/en\/wp-json\/wp\/v2\/types\/page"}],"author":[{"embeddable":true,"href":"https:\/\/evenos.com.tr\/en\/wp-json\/wp\/v2\/users\/1"}],"replies":[{"embeddable":true,"href":"https:\/\/evenos.com.tr\/en\/wp-json\/wp\/v2\/comments?post=1025"}],"version-history":[{"count":18,"href":"https:\/\/evenos.com.tr\/en\/wp-json\/wp\/v2\/pages\/1025\/revisions"}],"predecessor-version":[{"id":2561,"href":"https:\/\/evenos.com.tr\/en\/wp-json\/wp\/v2\/pages\/1025\/revisions\/2561"}],"wp:attachment":[{"href":"https:\/\/evenos.com.tr\/en\/wp-json\/wp\/v2\/media?parent=1025"}],"curies":[{"name":"wp","href":"https:\/\/api.w.org\/{rel}","templated":true}]}}