{"id":1022,"date":"2024-07-30T10:52:47","date_gmt":"2024-07-30T07:52:47","guid":{"rendered":"https:\/\/evenos.com.tr\/foam-fire-extinguishing-systems\/foam-monitors-in-fire-fighting\/"},"modified":"2025-03-13T17:56:18","modified_gmt":"2025-03-13T14:56:18","slug":"foam-monitors","status":"publish","type":"page","link":"https:\/\/evenos.com.tr\/en\/foam-monitors","title":{"rendered":"Foam Monitors in Fire Fighting"},"content":{"rendered":"<style>.elementor-1022 .elementor-element.elementor-element-e4090e4{--display:flex;--flex-direction:row;--container-widget-width:initial;--container-widget-height:100%;--container-widget-flex-grow:1;--container-widget-align-self:stretch;--flex-wrap-mobile:wrap;--gap:0px 0px;--row-gap:0px;--column-gap:0px;}.elementor-1022 .elementor-element.elementor-element-9587296{--display:flex;--flex-direction:column;--container-widget-width:100%;--container-widget-height:initial;--container-widget-flex-grow:0;--container-widget-align-self:initial;--flex-wrap-mobile:wrap;}.elementor-1022 .elementor-element.elementor-element-9587296.e-con{--flex-grow:0;--flex-shrink:0;}.elementor-1022 .elementor-element.elementor-element-0715bae{--display:flex;--flex-direction:column;--container-widget-width:100%;--container-widget-height:initial;--container-widget-flex-grow:0;--container-widget-align-self:initial;--flex-wrap-mobile:wrap;}.elementor-1022 .elementor-element.elementor-element-0715bae.e-con{--flex-grow:0;--flex-shrink:0;}.elementor-widget-image .widget-image-caption{font-family:var( --e-global-typography-text-font-family ), Sans-serif;font-size:var( --e-global-typography-text-font-size );font-weight:var( --e-global-typography-text-font-weight );line-height:var( --e-global-typography-text-line-height );}.elementor-1022 .elementor-element.elementor-element-22f8975 img{width:100%;}.elementor-widget-text-editor{font-family:var( --e-global-typography-text-font-family ), Sans-serif;font-size:var( --e-global-typography-text-font-size );font-weight:var( --e-global-typography-text-font-weight );line-height:var( --e-global-typography-text-line-height );}.elementor-1022 .elementor-element.elementor-element-7f6310a .jeg-elementor-kit.jkit-button{text-align:left;}.elementor-1022 .elementor-element.elementor-element-7f6310a .jeg-elementor-kit.jkit-button .jkit-button-wrapper{color:#FFFFFF;background-color:var( --e-global-color-accent );}.elementor-1022 .elementor-element.elementor-element-7f6310a .jeg-elementor-kit.jkit-button .jkit-button-wrapper svg{fill:#FFFFFF;}.elementor-1022 .elementor-element.elementor-element-7f6310a .jeg-elementor-kit.jkit-button .jkit-button-wrapper:not(.hover-gradient):hover, .elementor-1022 .elementor-element.elementor-element-7f6310a .jeg-elementor-kit.jkit-button .jkit-button-wrapper.hover-gradient:before{background-color:var( --e-global-color-primary );}.elementor-1022 .elementor-element.elementor-element-7f6310a .jeg-elementor-kit.jkit-button.icon-position-before .jkit-button-wrapper i, .elementor-1022 .elementor-element.elementor-element-7f6310a .jeg-elementor-kit.jkit-button.icon-position-before .jkit-button-wrapper svg{margin-right:5px;}.elementor-1022 .elementor-element.elementor-element-7f6310a .jeg-elementor-kit.jkit-button.icon-position-after .jkit-button-wrapper i, .elementor-1022 .elementor-element.elementor-element-7f6310a .jeg-elementor-kit.jkit-button.icon-position-after .jkit-button-wrapper svg{margin-left:5px;}@media(min-width:768px){.elementor-1022 .elementor-element.elementor-element-9587296{--width:26.295%;}.elementor-1022 .elementor-element.elementor-element-0715bae{--width:76.388%;}}@media(max-width:1024px){.elementor-widget-image .widget-image-caption{font-size:var( --e-global-typography-text-font-size );line-height:var( --e-global-typography-text-line-height );}.elementor-widget-text-editor{font-size:var( --e-global-typography-text-font-size );line-height:var( --e-global-typography-text-line-height );}}@media(max-width:767px){.elementor-widget-image .widget-image-caption{font-size:var( --e-global-typography-text-font-size );line-height:var( --e-global-typography-text-line-height );}.elementor-widget-text-editor{font-size:var( --e-global-typography-text-font-size );line-height:var( --e-global-typography-text-line-height );}}<\/style>\t\t<div data-elementor-type=\"wp-page\" data-elementor-id=\"1022\" class=\"elementor elementor-1022 elementor-502\">\n\t\t\t\t<div class=\"elementor-element elementor-element-e4090e4 e-flex e-con-boxed e-con e-parent\" data-id=\"e4090e4\" data-element_type=\"container\" data-e-type=\"container\" data-settings=\"{&quot;profecient_background_motion_effects_toggle&quot;:0,&quot;profecient_parallax_effects_toggle&quot;:0,&quot;profecient_mouse_effects_toggle&quot;:0}\">\n\t\t\t\t\t<div class=\"e-con-inner\">\n\t\t<div class=\"elementor-element elementor-element-9587296 e-con-full e-flex e-con e-child\" data-id=\"9587296\" data-element_type=\"container\" data-e-type=\"container\" data-settings=\"{&quot;profecient_background_motion_effects_toggle&quot;:0,&quot;profecient_parallax_effects_toggle&quot;:0,&quot;profecient_mouse_effects_toggle&quot;:0}\">\n\t\t\t\t<div class=\"elementor-element elementor-element-e6ebe35 elementor-widget elementor-widget-shortcode\" data-id=\"e6ebe35\" data-element_type=\"widget\" data-e-type=\"widget\" data-settings=\"{&quot;profecient_parallax_effects_toggle&quot;:0,&quot;profecient_mouse_effects_toggle&quot;:0}\" data-widget_type=\"shortcode.default\">\n\t\t\t\t<div class=\"elementor-widget-container\">\n\t\t\t\t\t\t\t<div class=\"elementor-shortcode\"><div id='iksm-656' class='iksm iksm-656 iksm-container '  data-id='656' data-is-pro='0' data-source='menu'><div class='iksm-terms'><div class='iksm-terms-tree iksm-terms-tree--level-1 iksm-terms-tree--parents' style=''><div class=\"iksm-terms-tree__inner\">\n        <div class=\"iksm-term iksm-term--id-643 iksm-term--parent\" data-id=\"643\">\n            <div class=\"iksm-term__inner\" tabindex='0'>\n                <a class=\"iksm-term__link\" href='https:\/\/evenos.com.tr\/kopuklu-sprinkler-sistemleri' target='_self' tabindex='-1'>\n\t\t\t\t        <span class=\"iksm-term__text\">K\u00f6p\u00fckl\u00fc Sprinkler Yang\u0131n S\u00f6nd\u00fcrme Sistemleri<\/span>\n\t\t            <\/a>\n\t\t\t        <\/div>\n\t\t        <\/div>\n\n\t\t\n        <div class=\"iksm-term iksm-term--id-644 iksm-term--parent\" data-id=\"644\">\n            <div class=\"iksm-term__inner\" tabindex='0'>\n                <a class=\"iksm-term__link\" href='https:\/\/evenos.com.tr\/kopuklu-yangin-dolabi' target='_self' tabindex='-1'>\n\t\t\t\t        <span class=\"iksm-term__text\">K\u00f6p\u00fckl\u00fc Yang\u0131n Dolab\u0131<\/span>\n\t\t            <\/a>\n\t\t\t        <\/div>\n\t\t        <\/div>\n\n\t\t\n        <div class=\"iksm-term iksm-term--id-645 iksm-term--parent\" data-id=\"645\">\n            <div class=\"iksm-term__inner\" tabindex='0'>\n                <a class=\"iksm-term__link\" href='https:\/\/evenos.com.tr\/kopuk-konsantresi' target='_self' tabindex='-1'>\n\t\t\t\t        <span class=\"iksm-term__text\">Yang\u0131n S\u00f6nd\u00fcrmede K\u00f6p\u00fck Konsantresi<\/span>\n\t\t            <\/a>\n\t\t\t        <\/div>\n\t\t        <\/div>\n\n\t\t\n        <div class=\"iksm-term iksm-term--id-646 iksm-term--parent\" data-id=\"646\">\n            <div class=\"iksm-term__inner\" tabindex='0'>\n                <a class=\"iksm-term__link\" href='https:\/\/evenos.com.tr\/kopuk-monitorleri' target='_self' tabindex='-1'>\n\t\t\t\t        <span class=\"iksm-term__text\">Yang\u0131n S\u00f6nd\u00fcrmede K\u00f6p\u00fck Monit\u00f6rleri<\/span>\n\t\t            <\/a>\n\t\t\t        <\/div>\n\t\t        <\/div>\n\n\t\t\n        <div class=\"iksm-term iksm-term--id-647 iksm-term--parent\" data-id=\"647\">\n            <div class=\"iksm-term__inner\" tabindex='0'>\n                <a class=\"iksm-term__link\" href='https:\/\/evenos.com.tr\/yuksek-genlesmeli-kopuklu-sondurme-sistemleri' target='_self' tabindex='-1'>\n\t\t\t\t        <span class=\"iksm-term__text\">Y\u00fcksek Genle\u015fmeli K\u00f6p\u00fckl\u00fc S\u00f6nd\u00fcrme Sistemleri<\/span>\n\t\t            <\/a>\n\t\t\t        <\/div>\n\t\t        <\/div>\n\n\t\t<\/div><\/div><\/div><div id=\"iksm_data_args\" class=\"data-args\"  data-collapse_children_terms='1' data-collapse_other_terms='1' data-collapse_animation_duration='400' data-expand_animation_duration='400'><\/div><\/div><script id=\"styles-copier-69e5ef68c5230\">\n\t\t\t\/\/ Finding styles element\n\t        var element = document.getElementById(\"iksm-dynamic-style\");\n\t        if (!element) { \/\/ If no element (Cache plugins can remove tag), then creating a new one\n                element = document.createElement('style');\n                var head = document.getElementsByTagName(\"head\")\n                if (head && head[0]) {\n                \thead[0].appendChild(element);\n                } else {\n                  \tconsole.warn(\"Iks Menu | Error while printing styles. Please contact technical support.\");\n                }\n\t        }\n\t\t\t\/\/ Copying styles to <styles> tag\n\t        element.innerHTML += \".iksm-656 .iksm-terms{border-top-left-radius:8px;border-top-right-radius:8px;border-bottom-right-radius:8px;border-bottom-left-radius:8px;transition:all 400ms;animation:iks-fade-in 1000ms;}.iksm-656 .iksm-terms-tree--level-1 > * > .iksm-term:not(:last-child){margin-bottom:0;}.iksm-656 .iksm-term__inner{background-color:rgba(255,255,255,1);border-top-left-radius:8px;border-top-right-radius:8px;border-bottom-right-radius:8px;border-bottom-left-radius:8px;margin-top:5px;min-height:44px;transition:all 400ms;}.iksm-656 .iksm-term__inner:hover{background-color:rgba(236,236,236,1);}.iksm-656 .iksm-term--current > .iksm-term__inner{background-color:rgba(212,212,212,1);}.iksm-656 .iksm-term__link{color:rgba(0,0,0,1);font-size:15px;line-height:15px;font-weight:400;text-decoration:none;padding-top:5px;padding-right:15px;padding-bottom:5px;padding-left:15px;transition:all 400ms;}.iksm-656 .iksm-term__inner:hover .iksm-term__link{color:rgba(50,50,50,1);}.iksm-656 .iksm-term__toggle__inner{transition:transform 400ms}.iksm-656 .iksm-term--expanded > .iksm-term__inner > .iksm-term__toggle > .iksm-term__toggle__inner{transform:rotate(180deg);}.iksm-656 .iksm-term__toggle{color:rgba(133,133,133,1);font-size:22px;align-self:stretch;height:unset;;width:40px;transition:all 400ms;}.iksm-656 .iksm-term__toggle:hover{color:rgba(0,0,0,1);}.iksm-656 .iksm-term__image-container{width:30px;min-width:30px;height:30px;min-height:30px;margin-right:15px;transition:all 400ms;}.iksm-656 .iksm-term__image{background-size:contain;background-position:center;background-repeat:no-repeat;}.iksm-656 .iksm-term__image-container:hover{background-size:contain;background-position:center;background-repeat:no-repeat;}.iksm-656 .iksm-term__inner:hover .iksm-term__image-container{background-size:contain;background-position:center;background-repeat:no-repeat;}.iksm-656 .iksm-term__inner:focus .iksm-term__image-container{background-size:contain;background-position:center;background-repeat:no-repeat;}.iksm-656 .iksm-term--current > .iksm-term__inner .iksm-term__image-container{background-size:contain;background-position:center;background-repeat:no-repeat;}.iksm-656 .iksm-term--child .iksm-term__inner .iksm-term__image-container{background-size:contain;background-position:center;background-repeat:no-repeat;}.iksm-656 .iksm-term--child .iksm-term__inner .iksm-term__image-container:hover{background-size:contain;background-position:center;background-repeat:no-repeat;}.iksm-656 .iksm-term--child .iksm-term__inner .iksm-term__image-container:focus{background-size:contain;background-position:center;background-repeat:no-repeat;}.iksm-656 .iksm-term--child.iksm-term--current > .iksm-term__inner .iksm-term__image-container{background-size:contain;background-position:center;background-repeat:no-repeat;}.iksm-656  .iksm-term__text{flex: unset}.iksm-656 .iksm-term__posts-count{color:rgba(133,133,133,1);font-size:16px;margin-left:12px;font-weight:400;transition:all 400ms;}\";\n\t        \/\/ Removing this script\n            var this_script = document.getElementById(\"styles-copier-69e5ef68c5230\");\n            if (this_script) { \/\/ Cache plugins can remove tag\n\t            this_script.outerHTML = \"\";\n\t            if (this_script.parentNode) {\n\t                this_script.parentNode.removeChild(this_script);\n\t            }\n            }\n        <\/script><\/div>\n\t\t\t\t\t\t<\/div>\n\t\t\t\t<\/div>\n\t\t\t\t<\/div>\n\t\t<div class=\"elementor-element elementor-element-0715bae e-con-full e-flex e-con e-child\" data-id=\"0715bae\" data-element_type=\"container\" data-e-type=\"container\" data-settings=\"{&quot;profecient_background_motion_effects_toggle&quot;:0,&quot;profecient_parallax_effects_toggle&quot;:0,&quot;profecient_mouse_effects_toggle&quot;:0}\">\n\t\t\t\t<div class=\"elementor-element elementor-element-22f8975 elementor-widget elementor-widget-image\" data-id=\"22f8975\" data-element_type=\"widget\" data-e-type=\"widget\" data-settings=\"{&quot;profecient_parallax_effects_toggle&quot;:0,&quot;profecient_mouse_effects_toggle&quot;:0}\" data-widget_type=\"image.default\">\n\t\t\t\t<div class=\"elementor-widget-container\">\n\t\t\t\t\t\t\t\t\t\t\t\t\t\t\t<img fetchpriority=\"high\" decoding=\"async\" width=\"454\" height=\"317\" src=\"https:\/\/evenos.com.tr\/wp-content\/uploads\/2024\/07\/kopuk-monitoru.jpg\" class=\"attachment-large size-large wp-image-846\" alt=\"k\u00f6p\u00fck monit\u00f6r\u00fc\" srcset=\"https:\/\/evenos.com.tr\/wp-content\/uploads\/2024\/07\/kopuk-monitoru.jpg 454w, https:\/\/evenos.com.tr\/wp-content\/uploads\/2024\/07\/kopuk-monitoru-300x209.jpg 300w\" sizes=\"(max-width: 454px) 100vw, 454px\" \/>\t\t\t\t\t\t\t\t\t\t\t\t\t\t\t<\/div>\n\t\t\t\t<\/div>\n\t\t\t\t<div class=\"elementor-element elementor-element-b79cc79 elementor-widget elementor-widget-text-editor\" data-id=\"b79cc79\" data-element_type=\"widget\" data-e-type=\"widget\" data-settings=\"{&quot;profecient_parallax_effects_toggle&quot;:0,&quot;profecient_mouse_effects_toggle&quot;:0}\" data-widget_type=\"text-editor.default\">\n\t\t\t\t<div class=\"elementor-widget-container\">\n\t\t\t\t\t\t\t\t\t<p style=\"font-weight: 400;\">Foam monitors are one of the equipment that allows reaching the risky area in the fastest and shortest time in fire fighting.<br \/>Foam monitors aim to deliver a sufficient amount of extinguisher to the fire area from a safe distance.<br \/>At this stage, the size of the foam monitor allows different proportions and amounts of foam to be directed.<br \/>Foam monitors, which maximize safety, are also one of the best ways to respond to emergencies.<\/p><h2><b>How to Use Foam Monitors?<\/b><\/h2><p style=\"font-weight: 400;\"><span style=\"font-weight: 400;\">Foam monitors can be controlled by an operator, vehicle or engine, as well as automatically.<br \/>Foam monitors, which can be separated from each other according to the material they are made of, play an important role in extinguishing fires with their high flow rates and pressures.<br \/>These equipment are among the most needed extinguishers, especially in areas where flammable and combustible liquids are stored. <\/span> <a href=\"https:\/\/evenos.com.tr\/en\/foam-suppression-systems\"><b>Foam extinguishing<\/b><\/a><span style=\"font-weight: 400;\"> foam monitors used in places that require foam monitors bring the possibility of manual or automatic intervention to the fire.<br \/>Foam monitor types, which help to maximize life safety, have many areas of use. <\/span><\/p><p style=\"font-weight: 400;\"><span style=\"font-weight: 400;\">Ambient conditions must be taken into consideration in the supply of foam monitor types that enable the detection of horizontal and vertical directions of large-capacity agent flows.<br \/>After the system installations, launch distances, flow rates and similar technical conditions are determined at the most ideal levels, the correct applications and integrations are made for the area to be used.<br \/>In this way, a high level of security can be ensured in all areas where the foam monitor will be used. <\/span><\/p><h2><b>What are the Uses of Foam Monitors?<\/b><\/h2><p style=\"font-weight: 400;\"><span style=\"font-weight: 400;\">The right amount at the right distance from the fire <\/span><a href=\"https:\/\/evenos.com.tr\/en\/foam-concentrates\"><b>intervention with foam<\/b><\/a><span style=\"font-weight: 400;\"> The foam monitor aims to reach the fire-affected area within the minimum time frame and extinguish the fire.<br \/>These monitors are often used in risky factories and warehouses.<br \/>The use of foam monitors is quite common for both the health of employees and property safety.<br \/>Foam monitors, which have a wide range of uses from industrial plants to chemical factories, attract attention with their high performance in fire extinguishing. <\/span><\/p><p style=\"font-weight: 400;\"><span style=\"font-weight: 400;\">The most common areas where foam monitors are generally used are as follows:<\/span><\/p><ul><li style=\"font-weight: 400;\" aria-level=\"1\"><span style=\"font-weight: 400;\">Pharmaceutical factories<\/span><\/li><li style=\"font-weight: 400;\" aria-level=\"1\"><span style=\"font-weight: 400;\">Paint factories<\/span><\/li><li style=\"font-weight: 400;\" aria-level=\"1\"><span style=\"font-weight: 400;\">Food factories<\/span><\/li><li style=\"font-weight: 400;\" aria-level=\"1\"><span style=\"font-weight: 400;\">Flammable flammable liquid tanks<\/span><\/li><li style=\"font-weight: 400;\" aria-level=\"1\"><span style=\"font-weight: 400;\">Solid waste facilities<\/span><\/li><li style=\"font-weight: 400;\" aria-level=\"1\"><span style=\"font-weight: 400;\">Generator rooms<\/span><\/li><li style=\"font-weight: 400;\" aria-level=\"1\"><span style=\"font-weight: 400;\">Boiler rooms<\/span><\/li><li style=\"font-weight: 400;\" aria-level=\"1\"><span style=\"font-weight: 400;\">Tank sites<\/span><\/li><li style=\"font-weight: 400;\" aria-level=\"1\"><span style=\"font-weight: 400;\">Engine test chambers<\/span><\/li><li style=\"font-weight: 400;\" aria-level=\"1\"><span style=\"font-weight: 400;\">Engine rooms on ships<\/span><\/li><li style=\"font-weight: 400;\" aria-level=\"1\"><span style=\"font-weight: 400;\">Fuel stations<\/span><\/li><li style=\"font-weight: 400;\" aria-level=\"1\"><span style=\"font-weight: 400;\">Tanks with chemical substances<\/span><\/li><li style=\"font-weight: 400;\" aria-level=\"1\"><span style=\"font-weight: 400;\">Cargo areas<\/span><\/li><li style=\"font-weight: 400;\" aria-level=\"1\"><span style=\"font-weight: 400;\">Industrial plants<\/span><\/li><li style=\"font-weight: 400;\" aria-level=\"1\"><span style=\"font-weight: 400;\">Chemical factories<\/span><\/li><li style=\"font-weight: 400;\" aria-level=\"1\"><span style=\"font-weight: 400;\">Storage areas with shelves<\/span><\/li><li style=\"font-weight: 400;\" aria-level=\"1\"><span style=\"font-weight: 400;\">Cable and installation areas<\/span><\/li><li style=\"font-weight: 400;\" aria-level=\"1\"><span style=\"font-weight: 400;\">Areas of energy production<\/span><\/li><li style=\"font-weight: 400;\" aria-level=\"1\"><span style=\"font-weight: 400;\">Helicopter hangars<\/span><\/li><li style=\"font-weight: 400;\" aria-level=\"1\"><span style=\"font-weight: 400;\">Aircraft hangars<\/span><\/li><li style=\"font-weight: 400;\" aria-level=\"1\"><span style=\"font-weight: 400;\">Solid material storages<\/span><\/li><li style=\"font-weight: 400;\" aria-level=\"1\"><span style=\"font-weight: 400;\">Solid material mills<\/span><\/li><li style=\"font-weight: 400;\" aria-level=\"1\"><span style=\"font-weight: 400;\">Solvent storage areas<\/span><\/li><li style=\"font-weight: 400;\" aria-level=\"1\"><span style=\"font-weight: 400;\">Hydrocarbon storage areas<\/span><\/li><li style=\"font-weight: 400;\" aria-level=\"1\"><span style=\"font-weight: 400;\">Refineries<\/span><\/li><li style=\"font-weight: 400;\" aria-level=\"1\"><span style=\"font-weight: 400;\">Storage areas for flammable gases such as LNG and LPG<\/span><\/li><li style=\"font-weight: 400;\" aria-level=\"1\"><span style=\"font-weight: 400;\">Tankers<\/span><\/li><li style=\"font-weight: 400;\" aria-level=\"1\"><span style=\"font-weight: 400;\">Barges<\/span><\/li><li style=\"font-weight: 400;\" aria-level=\"1\"><span style=\"font-weight: 400;\">Docks and harbors<\/span><\/li><li style=\"font-weight: 400;\" aria-level=\"1\"><span style=\"font-weight: 400;\">Fire Brigades<\/span><\/li><li style=\"font-weight: 400;\" aria-level=\"1\"><span style=\"font-weight: 400;\">Extinguishing ships and boats<\/span><\/li><li style=\"font-weight: 400;\" aria-level=\"1\"><span style=\"font-weight: 400;\">Waste disposal facilities<\/span><\/li><li style=\"font-weight: 400;\" aria-level=\"1\"><span style=\"font-weight: 400;\">Wood industry<\/span><\/li><li style=\"font-weight: 400;\" aria-level=\"1\"><span style=\"font-weight: 400;\">Stockpiles of wood and wood chips<\/span><\/li><\/ul><h2><b>What Are the Types of Foam Monitors?<\/b><\/h2><p style=\"font-weight: 400;\"><span style=\"font-weight: 400;\">Foam monitors have a wide range of applications in industry and production facilities, including these areas.<br \/>Therefore, this wide usage area has also led to an increase in product diversity.<br \/>There are many types of foam monitors according to their purpose and usage.<br \/>These products are primarily divided into two as portable monitors and fixed monitors.<br \/>Portable monitors have types such as manual control and self-oscillating.<br \/>Fixed monitors, on the other hand, stand out with types such as manually controlled, self-oscillating, hydraulically controlled and electrically controlled. <\/span><\/p><p style=\"font-weight: 400;\"><span style=\"font-weight: 400;\">It is necessary to measure the capacity and firing distance in the selection of the types of foam monitors that enable intervention to the risky and affected area as soon as possible from a safe distance.<br \/>According to the types of products, the firing ranges are between 30 meters and 120 meters.<br \/>Determining the area of use is extremely important in the selection of the flow rates of foam monitors, which also have flow rates of 1000 to 50 thousand per minute.<br \/>Although figures such as throw range and flow rate vary according to manufacturers, there may be some standardized values for the areas where the products will be used. <\/span><\/p><h2><b>What to Consider When Choosing a Foam Monitor?<\/b><\/h2><p style=\"font-weight: 400;\">Since foam monitors are generally used in industrial sites, foam monitors operating in the 1000 to 12 thousand flow range are more frequently preferred in these areas.<br \/>Products with these flow rates are ideal options for industrial sites and help to ensure the safety of life and property.<br \/>Foam monitors with larger capacities, values and distances are used in extreme situations.<br \/>Depending on the intended use of the foam monitors and the hazard group of the site to be used, the nozzle type should be determined.<br \/>The nozzles used in these products can have features such as direct jet and fog jet.<br \/>Of these options, fog jet is used more frequently because it increases the firing range to a better level.<br \/>Especially those that can calibrate the flow rate of fog jet nozzles bring flexibility and can provide more effective use.<\/p><p style=\"font-weight: 400;\">Monitors also have configurations such as those that use water and foam at the same time or those that use only water. At this stage, it is very important to determine the method of use and the place of use. In addition to the type and place of use, the type of control to be added to the monitors is also determined by the experts according to the conditions of the area. The products can be set up to be controlled manually or by remote control. Foam monitors that are versatile and have this type of control are used more often in high-risk areas, depending on the requirements.<\/p><p style=\"font-weight: 400;\">Evenos offers a wide range of foam monitors with rotation features such as 360 degree horizontal or 90 degree vertical, EX &#8211; PROOF or various other features depending on the project needs.<br \/>Along with the monitors, Evenos also offers platforms and other equipment that enable the monitors to be used.<br \/>After measurements are made by Evenos&#8217; engineering department consisting of expert engineers, the most suitable foam monitor is determined for the area to be used.<br \/>The systems are also fully maintained for a longer life.<\/p><p>You can also take an effective measure against the risk of fire with foam monitors designed by Evenos, <a href=\"https:\/\/evenos.com.tr\/en\/services\"><b>all the support offered by experts<\/b><\/a> you can make full use of it.<\/p>\t\t\t\t\t\t\t\t<\/div>\n\t\t\t\t<\/div>\n\t\t\t\t<div class=\"elementor-element elementor-element-7f6310a elementor-widget elementor-widget-jkit_button\" data-id=\"7f6310a\" data-element_type=\"widget\" data-e-type=\"widget\" data-settings=\"{&quot;profecient_parallax_effects_toggle&quot;:0,&quot;profecient_mouse_effects_toggle&quot;:0}\" data-widget_type=\"jkit_button.default\">\n\t\t\t\t<div class=\"elementor-widget-container\">\n\t\t\t\t\t<div  class=\"jeg-elementor-kit jkit-button  icon-position-after jeg_module___69e5ef68c7360\" ><a href=\"https:\/\/evenos.com.tr\/iletisim\" class=\"jkit-button-wrapper\">Daha Fazla Bilgi Al<i aria-hidden=\"true\" class=\"jki jki-arrow-up-right-line\"><\/i><\/a><\/div>\t\t\t\t<\/div>\n\t\t\t\t<\/div>\n\t\t\t\t<\/div>\n\t\t\t\t\t<\/div>\n\t\t\t\t<\/div>\n\t\t\t\t<\/div>\n\t\t","protected":false},"excerpt":{"rendered":"<p>Foam monitors are one of the equipment that allows reaching the risky area in the fastest and shortest time in fire fighting.Foam monitors aim to deliver a sufficient amount of extinguisher to the fire area from a safe distance.At this stage, the size of the foam monitor allows different proportions and amounts of foam to [&hellip;]<\/p>\n","protected":false},"author":1,"featured_media":0,"parent":0,"menu_order":0,"comment_status":"closed","ping_status":"closed","template":"","meta":{"footnotes":""},"class_list":["post-1022","page","type-page","status-publish","hentry"],"_links":{"self":[{"href":"https:\/\/evenos.com.tr\/en\/wp-json\/wp\/v2\/pages\/1022","targetHints":{"allow":["GET"]}}],"collection":[{"href":"https:\/\/evenos.com.tr\/en\/wp-json\/wp\/v2\/pages"}],"about":[{"href":"https:\/\/evenos.com.tr\/en\/wp-json\/wp\/v2\/types\/page"}],"author":[{"embeddable":true,"href":"https:\/\/evenos.com.tr\/en\/wp-json\/wp\/v2\/users\/1"}],"replies":[{"embeddable":true,"href":"https:\/\/evenos.com.tr\/en\/wp-json\/wp\/v2\/comments?post=1022"}],"version-history":[{"count":19,"href":"https:\/\/evenos.com.tr\/en\/wp-json\/wp\/v2\/pages\/1022\/revisions"}],"predecessor-version":[{"id":2558,"href":"https:\/\/evenos.com.tr\/en\/wp-json\/wp\/v2\/pages\/1022\/revisions\/2558"}],"wp:attachment":[{"href":"https:\/\/evenos.com.tr\/en\/wp-json\/wp\/v2\/media?parent=1022"}],"curies":[{"name":"wp","href":"https:\/\/api.w.org\/{rel}","templated":true}]}}