{"id":1020,"date":"2024-07-30T10:56:00","date_gmt":"2024-07-30T07:56:00","guid":{"rendered":"https:\/\/evenos.com.tr\/foam-fire-extinguishing-systems\/foam-concentrate-for-fire-fighting\/"},"modified":"2025-03-13T17:38:35","modified_gmt":"2025-03-13T14:38:35","slug":"foam-concentrates","status":"publish","type":"page","link":"https:\/\/evenos.com.tr\/en\/foam-concentrates","title":{"rendered":"Foam Concentrate for Fire Fighting"},"content":{"rendered":"<style>.elementor-1020 .elementor-element.elementor-element-e4090e4{--display:flex;--flex-direction:row;--container-widget-width:initial;--container-widget-height:100%;--container-widget-flex-grow:1;--container-widget-align-self:stretch;--flex-wrap-mobile:wrap;--gap:0px 0px;--row-gap:0px;--column-gap:0px;}.elementor-1020 .elementor-element.elementor-element-9587296{--display:flex;--flex-direction:column;--container-widget-width:100%;--container-widget-height:initial;--container-widget-flex-grow:0;--container-widget-align-self:initial;--flex-wrap-mobile:wrap;}.elementor-1020 .elementor-element.elementor-element-9587296.e-con{--flex-grow:0;--flex-shrink:0;}.elementor-1020 .elementor-element.elementor-element-0715bae{--display:flex;--flex-direction:column;--container-widget-width:100%;--container-widget-height:initial;--container-widget-flex-grow:0;--container-widget-align-self:initial;--flex-wrap-mobile:wrap;}.elementor-1020 .elementor-element.elementor-element-0715bae.e-con{--flex-grow:0;--flex-shrink:0;}.elementor-widget-image .widget-image-caption{font-family:var( --e-global-typography-text-font-family ), Sans-serif;font-size:var( --e-global-typography-text-font-size );font-weight:var( --e-global-typography-text-font-weight );line-height:var( --e-global-typography-text-line-height );}.elementor-1020 .elementor-element.elementor-element-22f8975 img{width:100%;}.elementor-widget-text-editor{font-family:var( --e-global-typography-text-font-family ), Sans-serif;font-size:var( --e-global-typography-text-font-size );font-weight:var( --e-global-typography-text-font-weight );line-height:var( --e-global-typography-text-line-height );}.elementor-1020 .elementor-element.elementor-element-7f6310a .jeg-elementor-kit.jkit-button{text-align:left;}.elementor-1020 .elementor-element.elementor-element-7f6310a .jeg-elementor-kit.jkit-button .jkit-button-wrapper{color:#FFFFFF;background-color:var( --e-global-color-accent );}.elementor-1020 .elementor-element.elementor-element-7f6310a .jeg-elementor-kit.jkit-button .jkit-button-wrapper svg{fill:#FFFFFF;}.elementor-1020 .elementor-element.elementor-element-7f6310a .jeg-elementor-kit.jkit-button .jkit-button-wrapper:not(.hover-gradient):hover, .elementor-1020 .elementor-element.elementor-element-7f6310a .jeg-elementor-kit.jkit-button .jkit-button-wrapper.hover-gradient:before{background-color:var( --e-global-color-primary );}.elementor-1020 .elementor-element.elementor-element-7f6310a .jeg-elementor-kit.jkit-button.icon-position-before .jkit-button-wrapper i, .elementor-1020 .elementor-element.elementor-element-7f6310a .jeg-elementor-kit.jkit-button.icon-position-before .jkit-button-wrapper svg{margin-right:5px;}.elementor-1020 .elementor-element.elementor-element-7f6310a .jeg-elementor-kit.jkit-button.icon-position-after .jkit-button-wrapper i, .elementor-1020 .elementor-element.elementor-element-7f6310a .jeg-elementor-kit.jkit-button.icon-position-after .jkit-button-wrapper svg{margin-left:5px;}@media(min-width:768px){.elementor-1020 .elementor-element.elementor-element-9587296{--width:26.295%;}.elementor-1020 .elementor-element.elementor-element-0715bae{--width:76.388%;}}@media(max-width:1024px){.elementor-widget-image .widget-image-caption{font-size:var( --e-global-typography-text-font-size );line-height:var( --e-global-typography-text-line-height );}.elementor-widget-text-editor{font-size:var( --e-global-typography-text-font-size );line-height:var( --e-global-typography-text-line-height );}}@media(max-width:767px){.elementor-widget-image .widget-image-caption{font-size:var( --e-global-typography-text-font-size );line-height:var( --e-global-typography-text-line-height );}.elementor-widget-text-editor{font-size:var( --e-global-typography-text-font-size );line-height:var( --e-global-typography-text-line-height );}}<\/style>\t\t<div data-elementor-type=\"wp-page\" data-elementor-id=\"1020\" class=\"elementor elementor-1020 elementor-508\">\n\t\t\t\t<div class=\"elementor-element elementor-element-e4090e4 e-flex e-con-boxed e-con e-parent\" data-id=\"e4090e4\" data-element_type=\"container\" data-e-type=\"container\" data-settings=\"{&quot;profecient_background_motion_effects_toggle&quot;:0,&quot;profecient_parallax_effects_toggle&quot;:0,&quot;profecient_mouse_effects_toggle&quot;:0}\">\n\t\t\t\t\t<div class=\"e-con-inner\">\n\t\t<div class=\"elementor-element elementor-element-9587296 e-con-full e-flex e-con e-child\" data-id=\"9587296\" data-element_type=\"container\" data-e-type=\"container\" data-settings=\"{&quot;profecient_background_motion_effects_toggle&quot;:0,&quot;profecient_parallax_effects_toggle&quot;:0,&quot;profecient_mouse_effects_toggle&quot;:0}\">\n\t\t\t\t<div class=\"elementor-element elementor-element-e6ebe35 elementor-widget elementor-widget-shortcode\" data-id=\"e6ebe35\" data-element_type=\"widget\" data-e-type=\"widget\" data-settings=\"{&quot;profecient_parallax_effects_toggle&quot;:0,&quot;profecient_mouse_effects_toggle&quot;:0}\" data-widget_type=\"shortcode.default\">\n\t\t\t\t<div class=\"elementor-widget-container\">\n\t\t\t\t\t\t\t<div class=\"elementor-shortcode\"><div id='iksm-656' class='iksm iksm-656 iksm-container '  data-id='656' data-is-pro='0' data-source='menu'><div class='iksm-terms'><div class='iksm-terms-tree iksm-terms-tree--level-1 iksm-terms-tree--parents' style=''><div class=\"iksm-terms-tree__inner\">\n        <div class=\"iksm-term iksm-term--id-643 iksm-term--parent\" data-id=\"643\">\n            <div class=\"iksm-term__inner\" tabindex='0'>\n                <a class=\"iksm-term__link\" href='https:\/\/evenos.com.tr\/kopuklu-sprinkler-sistemleri' target='_self' tabindex='-1'>\n\t\t\t\t        <span class=\"iksm-term__text\">K\u00f6p\u00fckl\u00fc Sprinkler Yang\u0131n S\u00f6nd\u00fcrme Sistemleri<\/span>\n\t\t            <\/a>\n\t\t\t        <\/div>\n\t\t        <\/div>\n\n\t\t\n        <div class=\"iksm-term iksm-term--id-644 iksm-term--parent\" data-id=\"644\">\n            <div class=\"iksm-term__inner\" tabindex='0'>\n                <a class=\"iksm-term__link\" href='https:\/\/evenos.com.tr\/kopuklu-yangin-dolabi' target='_self' tabindex='-1'>\n\t\t\t\t        <span class=\"iksm-term__text\">K\u00f6p\u00fckl\u00fc Yang\u0131n Dolab\u0131<\/span>\n\t\t            <\/a>\n\t\t\t        <\/div>\n\t\t        <\/div>\n\n\t\t\n        <div class=\"iksm-term iksm-term--id-645 iksm-term--parent\" data-id=\"645\">\n            <div class=\"iksm-term__inner\" tabindex='0'>\n                <a class=\"iksm-term__link\" href='https:\/\/evenos.com.tr\/kopuk-konsantresi' target='_self' tabindex='-1'>\n\t\t\t\t        <span class=\"iksm-term__text\">Yang\u0131n S\u00f6nd\u00fcrmede K\u00f6p\u00fck Konsantresi<\/span>\n\t\t            <\/a>\n\t\t\t        <\/div>\n\t\t        <\/div>\n\n\t\t\n        <div class=\"iksm-term iksm-term--id-646 iksm-term--parent\" data-id=\"646\">\n            <div class=\"iksm-term__inner\" tabindex='0'>\n                <a class=\"iksm-term__link\" href='https:\/\/evenos.com.tr\/kopuk-monitorleri' target='_self' tabindex='-1'>\n\t\t\t\t        <span class=\"iksm-term__text\">Yang\u0131n S\u00f6nd\u00fcrmede K\u00f6p\u00fck Monit\u00f6rleri<\/span>\n\t\t            <\/a>\n\t\t\t        <\/div>\n\t\t        <\/div>\n\n\t\t\n        <div class=\"iksm-term iksm-term--id-647 iksm-term--parent\" data-id=\"647\">\n            <div class=\"iksm-term__inner\" tabindex='0'>\n                <a class=\"iksm-term__link\" href='https:\/\/evenos.com.tr\/yuksek-genlesmeli-kopuklu-sondurme-sistemleri' target='_self' tabindex='-1'>\n\t\t\t\t        <span class=\"iksm-term__text\">Y\u00fcksek Genle\u015fmeli K\u00f6p\u00fckl\u00fc S\u00f6nd\u00fcrme Sistemleri<\/span>\n\t\t            <\/a>\n\t\t\t        <\/div>\n\t\t        <\/div>\n\n\t\t<\/div><\/div><\/div><div id=\"iksm_data_args\" class=\"data-args\"  data-collapse_children_terms='1' data-collapse_other_terms='1' data-collapse_animation_duration='400' data-expand_animation_duration='400'><\/div><\/div><script id=\"styles-copier-69e730339e8c8\">\n\t\t\t\/\/ Finding styles element\n\t        var element = document.getElementById(\"iksm-dynamic-style\");\n\t        if (!element) { \/\/ If no element (Cache plugins can remove tag), then creating a new one\n                element = document.createElement('style');\n                var head = document.getElementsByTagName(\"head\")\n                if (head && head[0]) {\n                \thead[0].appendChild(element);\n                } else {\n                  \tconsole.warn(\"Iks Menu | Error while printing styles. Please contact technical support.\");\n                }\n\t        }\n\t\t\t\/\/ Copying styles to <styles> tag\n\t        element.innerHTML += \".iksm-656 .iksm-terms{border-top-left-radius:8px;border-top-right-radius:8px;border-bottom-right-radius:8px;border-bottom-left-radius:8px;transition:all 400ms;animation:iks-fade-in 1000ms;}.iksm-656 .iksm-terms-tree--level-1 > * > .iksm-term:not(:last-child){margin-bottom:0;}.iksm-656 .iksm-term__inner{background-color:rgba(255,255,255,1);border-top-left-radius:8px;border-top-right-radius:8px;border-bottom-right-radius:8px;border-bottom-left-radius:8px;margin-top:5px;min-height:44px;transition:all 400ms;}.iksm-656 .iksm-term__inner:hover{background-color:rgba(236,236,236,1);}.iksm-656 .iksm-term--current > .iksm-term__inner{background-color:rgba(212,212,212,1);}.iksm-656 .iksm-term__link{color:rgba(0,0,0,1);font-size:15px;line-height:15px;font-weight:400;text-decoration:none;padding-top:5px;padding-right:15px;padding-bottom:5px;padding-left:15px;transition:all 400ms;}.iksm-656 .iksm-term__inner:hover .iksm-term__link{color:rgba(50,50,50,1);}.iksm-656 .iksm-term__toggle__inner{transition:transform 400ms}.iksm-656 .iksm-term--expanded > .iksm-term__inner > .iksm-term__toggle > .iksm-term__toggle__inner{transform:rotate(180deg);}.iksm-656 .iksm-term__toggle{color:rgba(133,133,133,1);font-size:22px;align-self:stretch;height:unset;;width:40px;transition:all 400ms;}.iksm-656 .iksm-term__toggle:hover{color:rgba(0,0,0,1);}.iksm-656 .iksm-term__image-container{width:30px;min-width:30px;height:30px;min-height:30px;margin-right:15px;transition:all 400ms;}.iksm-656 .iksm-term__image{background-size:contain;background-position:center;background-repeat:no-repeat;}.iksm-656 .iksm-term__image-container:hover{background-size:contain;background-position:center;background-repeat:no-repeat;}.iksm-656 .iksm-term__inner:hover .iksm-term__image-container{background-size:contain;background-position:center;background-repeat:no-repeat;}.iksm-656 .iksm-term__inner:focus .iksm-term__image-container{background-size:contain;background-position:center;background-repeat:no-repeat;}.iksm-656 .iksm-term--current > .iksm-term__inner .iksm-term__image-container{background-size:contain;background-position:center;background-repeat:no-repeat;}.iksm-656 .iksm-term--child .iksm-term__inner .iksm-term__image-container{background-size:contain;background-position:center;background-repeat:no-repeat;}.iksm-656 .iksm-term--child .iksm-term__inner .iksm-term__image-container:hover{background-size:contain;background-position:center;background-repeat:no-repeat;}.iksm-656 .iksm-term--child .iksm-term__inner .iksm-term__image-container:focus{background-size:contain;background-position:center;background-repeat:no-repeat;}.iksm-656 .iksm-term--child.iksm-term--current > .iksm-term__inner .iksm-term__image-container{background-size:contain;background-position:center;background-repeat:no-repeat;}.iksm-656  .iksm-term__text{flex: unset}.iksm-656 .iksm-term__posts-count{color:rgba(133,133,133,1);font-size:16px;margin-left:12px;font-weight:400;transition:all 400ms;}\";\n\t        \/\/ Removing this script\n            var this_script = document.getElementById(\"styles-copier-69e730339e8c8\");\n            if (this_script) { \/\/ Cache plugins can remove tag\n\t            this_script.outerHTML = \"\";\n\t            if (this_script.parentNode) {\n\t                this_script.parentNode.removeChild(this_script);\n\t            }\n            }\n        <\/script><\/div>\n\t\t\t\t\t\t<\/div>\n\t\t\t\t<\/div>\n\t\t\t\t<\/div>\n\t\t<div class=\"elementor-element elementor-element-0715bae e-con-full e-flex e-con e-child\" data-id=\"0715bae\" data-element_type=\"container\" data-e-type=\"container\" data-settings=\"{&quot;profecient_background_motion_effects_toggle&quot;:0,&quot;profecient_parallax_effects_toggle&quot;:0,&quot;profecient_mouse_effects_toggle&quot;:0}\">\n\t\t\t\t<div class=\"elementor-element elementor-element-22f8975 elementor-widget elementor-widget-image\" data-id=\"22f8975\" data-element_type=\"widget\" data-e-type=\"widget\" data-settings=\"{&quot;profecient_parallax_effects_toggle&quot;:0,&quot;profecient_mouse_effects_toggle&quot;:0}\" data-widget_type=\"image.default\">\n\t\t\t\t<div class=\"elementor-widget-container\">\n\t\t\t\t\t\t\t\t\t\t\t\t\t\t\t<img fetchpriority=\"high\" decoding=\"async\" width=\"454\" height=\"342\" src=\"https:\/\/evenos.com.tr\/wp-content\/uploads\/2024\/07\/kopuk-hangar.jpg\" class=\"attachment-large size-large wp-image-847\" alt=\"k\u00f6p\u00fck konsantresi\" srcset=\"https:\/\/evenos.com.tr\/wp-content\/uploads\/2024\/07\/kopuk-hangar.jpg 454w, https:\/\/evenos.com.tr\/wp-content\/uploads\/2024\/07\/kopuk-hangar-300x226.jpg 300w\" sizes=\"(max-width: 454px) 100vw, 454px\" \/>\t\t\t\t\t\t\t\t\t\t\t\t\t\t\t<\/div>\n\t\t\t\t<\/div>\n\t\t\t\t<div class=\"elementor-element elementor-element-b79cc79 elementor-widget elementor-widget-text-editor\" data-id=\"b79cc79\" data-element_type=\"widget\" data-e-type=\"widget\" data-settings=\"{&quot;profecient_parallax_effects_toggle&quot;:0,&quot;profecient_mouse_effects_toggle&quot;:0}\" data-widget_type=\"text-editor.default\">\n\t\t\t\t<div class=\"elementor-widget-container\">\n\t\t\t\t\t\t\t\t\t<p style=\"font-weight: 400;\">One of the most frequently used and effective agents in fire extinguishing activities is foam concentrate.<br \/>Foam concentrate types, which offer suitable solutions for different types of fires, are prepared with chemical materials in the laboratory environment and used <a>in foam fire extinguishing systems<\/a>.<br \/>Although there are many types of foam concentrates, synthetic foam and AFFF foam are among the most preferred ones.<br \/>Foam concentrates have been used for many years to extinguish fires caused by certain types of substances and causes.<br \/>Since each foam concentrate has a different range of action, it is important to determine the purpose for which the product will be used.<\/p><h2><b>What are the Features of Foam Fire Extinguisher?<\/b><\/h2><p style=\"font-weight: 400;\"><span style=\"font-weight: 400;\">The first use of firefighting foams dates back to the 1900s.<br \/>The use of mechanical foams was realized approximately 30 years later.<br \/>Fire-fighting foam consists of three components: foam, water and air.<br \/>Foam solution is obtained by mixing proportioned water and foam concentrate.<br \/>The solution passes through foam-forming devices and turns into foam that cuts the fire&#8217;s contact with the air.<br \/>Quality foam fire extinguishers must have certain properties.<br \/>These features help to get the highest efficiency in fire extinguishing.<br \/>Fire extinguishing foam properties can be listed as follows in general: <\/span><\/p><ul><li style=\"font-weight: 400;\" aria-level=\"1\"><span style=\"font-weight: 400;\">Fire extinguishing foam should be able to retain water.<\/span><\/li><li style=\"font-weight: 400;\" aria-level=\"1\"><span style=\"font-weight: 400;\">It should be able to show a high level of resistance to high temperatures.<\/span><\/li><li style=\"font-weight: 400;\" aria-level=\"1\"><span style=\"font-weight: 400;\">It must be resistant to fuel.<\/span><\/li><li style=\"font-weight: 400;\" aria-level=\"1\"><span style=\"font-weight: 400;\">It should be able to form a stable cover that does not disintegrate during application. <\/span><\/li><li style=\"font-weight: 400;\" aria-level=\"1\"><span style=\"font-weight: 400;\">It should not pass toxic and flammable vapors and should be able to form a foam blanket with these properties.<\/span><\/li><li style=\"font-weight: 400;\" aria-level=\"1\"><span style=\"font-weight: 400;\">The density of the foam should be fluid enough to cover the surface of the fuel.<\/span><\/li><\/ul><h2><b>How Does Foam Extinguish Fire?<\/b><\/h2><p style=\"font-weight: 400;\"><strong><span style=\"font-weight: 400;\">Fire foam has a certain working principle.<br \/>Although it may vary according to the types of foam used, the basic working principles are almost the same.<br \/>The basic working principle of fire extinguishing foam and the stages of extinguishing the fire are as follows: <\/span><\/strong><\/p><ul><li style=\"font-weight: 400;\" aria-level=\"1\"><span style=\"font-weight: 400;\">Fire foam forms a liquid foam layer without holes.<br \/>At this stage, the foam has a different structure to water.<br \/>The density of the foam is lower than the density of the burning liquid.<br \/>Thus, it floats and forms a blanket-like layer that cuts off contact with the air. <\/span><\/li><li style=\"font-weight: 400;\" aria-level=\"1\"><span style=\"font-weight: 400;\">The resulting blanket of foam prevents air, i.e. oxygen, which increases the intensity of the fire, from reaching the burning liquid.<br \/>In other words, the foam suffocates the fire. <\/span><\/li><li style=\"font-weight: 400;\" aria-level=\"1\"><span style=\"font-weight: 400;\">Suppressing the fire with a layer also helps to prevent gas leakage.<br \/>On the contrary, when the gases come into contact with the atmosphere, re-oxygenation can occur and the fire can re-ignite. <\/span><\/li><li style=\"font-weight: 400;\" aria-level=\"1\"><span style=\"font-weight: 400;\">With the high water content in the fire extinguishing foam, the temperature level of the fuel surface and the surrounding metals decreases rapidly.<br \/>In this way, the fire comes to a level that can be taken under control more easily. <\/span><\/li><li style=\"font-weight: 400;\" aria-level=\"1\"><span style=\"font-weight: 400;\">Some types of foam contain a film-forming material.<br \/>This material prevents ignition hazards by breaking the ignition chain.<br \/>With this working principle, fire extinguishing foams ensure that fires are taken under control. <\/span><\/li><\/ul><h2><b>What are the Types of Foam Used in Fire Extinguishing?<\/b><\/h2><p style=\"font-weight: 400;\"><strong><span style=\"font-weight: 400;\">Fire fighting foam types are divided into three according to their expansion rates.<br \/>Low expansion foams 20, medium expansion foams 200, <\/span> <a href=\"https:\/\/evenos.com.tr\/en\/high-expansion-foam-suppression\"><b>high expansion foams<\/b><\/a><span style=\"font-weight: 400;\"> can expand up to 800 times.<br \/>In addition to the expansion capacity, foam types have different options according to their performance and components.<br \/>In general, firefighting foam concentrates can be divided into seven basic classes.<br \/>Foam types used in fire extinguishing can be listed as follows: <\/span><\/strong><\/p><ul><li style=\"font-weight: 400;\" aria-level=\"1\"><b>Protein Foam Concentrate:<\/b><span style=\"font-weight: 400;\"> Protein foam concentrate is preferred against hydrocarbon fires.<br \/>It stands out with its heat resistance, delayed re-ignition and high stability. <\/span><\/li><li style=\"font-weight: 400;\" aria-level=\"1\"><b>Fluoroprotein Foam Concentrate:<\/b><span style=\"font-weight: 400;\"> When surface active agents are added to protein foam concentrate, fluoroprotein foam concentrate is produced.<br \/>The difference from protein foam concentrate is its faster flow and downforce. <\/span><\/li><li style=\"font-weight: 400;\" aria-level=\"1\"><b>FFFP Foam Concentrate:<\/b><span style=\"font-weight: 400;\"> FFFP makes an effective film on the surfaces of highly flammable and combustible hydrocarbons. <\/span><\/li><li style=\"font-weight: 400;\" aria-level=\"1\"><b>AFFF Foam Concentrate:<\/b><span style=\"font-weight: 400;\"> AFFF foam concentrate is one of the most widely used foam types.<br \/>It can be used against class A fires. <\/span><\/li><li style=\"font-weight: 400;\" aria-level=\"1\"><b>Synthetic Foam Concentrates:<\/b><span style=\"font-weight: 400;\"> Synthetic foam concentrates with good fluidity and high suppressive ability are one of the most frequently used foam types.<br \/>They provide high protection for large areas.<br \/>In addition to these varieties, foam concentrates are also available in standard type and AR type. <\/span><\/li><\/ul><p style=\"font-weight: 400;\"><span style=\"font-weight: 400;\">Evenos foam concentrate varieties prepared according to international standards and designed according to the needs of the space<\/span> <a href=\"https:\/\/evenos.com.tr\/en\/foam-monitors\"><b>fire extinguishing systems<\/b><\/a><span style=\"font-weight: 400;\"> and keep safety and performance at the highest level with professional periodic maintenance. <\/span><\/p><h3><b>What is AFFF Foam?<\/b><\/h3><p style=\"font-weight: 400;\"><strong><span style=\"font-weight: 400;\">One of the most commonly used types of firefighting foam concentrate is AFFF type foam concentrate.<br \/>This foam concentrate is produced by combining fluorochemical surfactant, aqueous film forming foams and synthetic foam builders.<br \/>Suitable for use with fresh water and sea water, AFFF type foam spreads very quickly on the surfaces of hydrocarbon fuels and accelerates fire extinguishing.<br \/>Forming a cover that does not pass flammable vapors and cooling are among its advantageous features. <\/span><\/strong><\/p><p><b>What is Synthetic Foam?<\/b><\/p><p style=\"font-weight: 400;\"><strong><span style=\"font-weight: 400;\">Synthetic foam concentrate is produced by combining stabilizers and synthetic based foaming agents.<br \/>Synthetic foam, which can be used with medium and high expansion, is known for its good fluidity and suppression capability.<br \/>It is not preferred very often in fuel fires due to reasons such as short drainage time and long time to cover the fuel surface.<br \/>Synthetic foam provides maximum protection in large areas. <\/span><\/strong><\/p><h4><b>How is Synthetic Fire Extinguishing Foam Made?<\/b><\/h4><p style=\"font-weight: 400;\"><strong><span style=\"font-weight: 400;\">Synthetic firefighting foam is produced by a combination of stabilizers and synthetic-based foam builders.<\/span><\/strong><\/p><h2><b>What Are the Types of Fire Extinguishing Foam?<\/b><\/h2><p style=\"font-weight: 400;\">Fire-fighting foam types include protein foam, fluoroprotein foam, FFFP, AFFF, synthetic foam concentrate, AR-type foam and each of them addresses different areas of use thanks to their different properties.<\/p>\t\t\t\t\t\t\t\t<\/div>\n\t\t\t\t<\/div>\n\t\t\t\t<div class=\"elementor-element elementor-element-7f6310a elementor-widget elementor-widget-jkit_button\" data-id=\"7f6310a\" data-element_type=\"widget\" data-e-type=\"widget\" data-settings=\"{&quot;profecient_parallax_effects_toggle&quot;:0,&quot;profecient_mouse_effects_toggle&quot;:0}\" data-widget_type=\"jkit_button.default\">\n\t\t\t\t<div class=\"elementor-widget-container\">\n\t\t\t\t\t<div  class=\"jeg-elementor-kit jkit-button  icon-position-after jeg_module___69e730339fa70\" ><a href=\"https:\/\/evenos.com.tr\/iletisim\" class=\"jkit-button-wrapper\">Daha Fazla Bilgi Al<i aria-hidden=\"true\" class=\"jki jki-arrow-up-right-line\"><\/i><\/a><\/div>\t\t\t\t<\/div>\n\t\t\t\t<\/div>\n\t\t\t\t<\/div>\n\t\t\t\t\t<\/div>\n\t\t\t\t<\/div>\n\t\t\t\t<\/div>\n\t\t","protected":false},"excerpt":{"rendered":"<p>One of the most frequently used and effective agents in fire extinguishing activities is foam concentrate.Foam concentrate types, which offer suitable solutions for different types of fires, are prepared with chemical materials in the laboratory environment and used in foam fire extinguishing systems.Although there are many types of foam concentrates, synthetic foam and AFFF foam [&hellip;]<\/p>\n","protected":false},"author":1,"featured_media":0,"parent":0,"menu_order":0,"comment_status":"closed","ping_status":"closed","template":"","meta":{"footnotes":""},"class_list":["post-1020","page","type-page","status-publish","hentry"],"_links":{"self":[{"href":"https:\/\/evenos.com.tr\/en\/wp-json\/wp\/v2\/pages\/1020","targetHints":{"allow":["GET"]}}],"collection":[{"href":"https:\/\/evenos.com.tr\/en\/wp-json\/wp\/v2\/pages"}],"about":[{"href":"https:\/\/evenos.com.tr\/en\/wp-json\/wp\/v2\/types\/page"}],"author":[{"embeddable":true,"href":"https:\/\/evenos.com.tr\/en\/wp-json\/wp\/v2\/users\/1"}],"replies":[{"embeddable":true,"href":"https:\/\/evenos.com.tr\/en\/wp-json\/wp\/v2\/comments?post=1020"}],"version-history":[{"count":21,"href":"https:\/\/evenos.com.tr\/en\/wp-json\/wp\/v2\/pages\/1020\/revisions"}],"predecessor-version":[{"id":2557,"href":"https:\/\/evenos.com.tr\/en\/wp-json\/wp\/v2\/pages\/1020\/revisions\/2557"}],"wp:attachment":[{"href":"https:\/\/evenos.com.tr\/en\/wp-json\/wp\/v2\/media?parent=1020"}],"curies":[{"name":"wp","href":"https:\/\/api.w.org\/{rel}","templated":true}]}}