{"id":1003,"date":"2024-07-30T11:27:54","date_gmt":"2024-07-30T08:27:54","guid":{"rendered":"https:\/\/evenos.com.tr\/inert-argon-gas-fire-extinguishing-systems\/"},"modified":"2025-03-14T14:36:16","modified_gmt":"2025-03-14T11:36:16","slug":"inert-suppression-systems","status":"publish","type":"page","link":"https:\/\/evenos.com.tr\/en\/inert-suppression-systems","title":{"rendered":"Inert (Argon) Gas Fire Extinguishing Systems"},"content":{"rendered":"<style>.elementor-1003 .elementor-element.elementor-element-e4090e4{--display:flex;--flex-direction:row;--container-widget-width:initial;--container-widget-height:100%;--container-widget-flex-grow:1;--container-widget-align-self:stretch;--flex-wrap-mobile:wrap;--gap:0px 0px;--row-gap:0px;--column-gap:0px;}.elementor-1003 .elementor-element.elementor-element-9587296{--display:flex;--flex-direction:column;--container-widget-width:100%;--container-widget-height:initial;--container-widget-flex-grow:0;--container-widget-align-self:initial;--flex-wrap-mobile:wrap;}.elementor-1003 .elementor-element.elementor-element-9587296.e-con{--flex-grow:0;--flex-shrink:0;}.elementor-1003 .elementor-element.elementor-element-0715bae{--display:flex;--flex-direction:column;--container-widget-width:100%;--container-widget-height:initial;--container-widget-flex-grow:0;--container-widget-align-self:initial;--flex-wrap-mobile:wrap;}.elementor-1003 .elementor-element.elementor-element-0715bae.e-con{--flex-grow:0;--flex-shrink:0;}.elementor-widget-image .widget-image-caption{font-family:var( --e-global-typography-text-font-family ), Sans-serif;font-size:var( --e-global-typography-text-font-size );font-weight:var( --e-global-typography-text-font-weight );line-height:var( --e-global-typography-text-line-height );}.elementor-1003 .elementor-element.elementor-element-22f8975 img{width:100%;}.elementor-widget-text-editor{font-family:var( --e-global-typography-text-font-family ), Sans-serif;font-size:var( --e-global-typography-text-font-size );font-weight:var( --e-global-typography-text-font-weight );line-height:var( --e-global-typography-text-line-height );}.elementor-1003 .elementor-element.elementor-element-7f6310a .jeg-elementor-kit.jkit-button{text-align:left;}.elementor-1003 .elementor-element.elementor-element-7f6310a .jeg-elementor-kit.jkit-button .jkit-button-wrapper{color:#FFFFFF;background-color:var( --e-global-color-accent );}.elementor-1003 .elementor-element.elementor-element-7f6310a .jeg-elementor-kit.jkit-button .jkit-button-wrapper svg{fill:#FFFFFF;}.elementor-1003 .elementor-element.elementor-element-7f6310a .jeg-elementor-kit.jkit-button .jkit-button-wrapper:not(.hover-gradient):hover, .elementor-1003 .elementor-element.elementor-element-7f6310a .jeg-elementor-kit.jkit-button .jkit-button-wrapper.hover-gradient:before{background-color:var( --e-global-color-primary );}.elementor-1003 .elementor-element.elementor-element-7f6310a .jeg-elementor-kit.jkit-button.icon-position-before .jkit-button-wrapper i, .elementor-1003 .elementor-element.elementor-element-7f6310a .jeg-elementor-kit.jkit-button.icon-position-before .jkit-button-wrapper svg{margin-right:5px;}.elementor-1003 .elementor-element.elementor-element-7f6310a .jeg-elementor-kit.jkit-button.icon-position-after .jkit-button-wrapper i, .elementor-1003 .elementor-element.elementor-element-7f6310a .jeg-elementor-kit.jkit-button.icon-position-after .jkit-button-wrapper svg{margin-left:5px;}@media(min-width:768px){.elementor-1003 .elementor-element.elementor-element-9587296{--width:26.295%;}.elementor-1003 .elementor-element.elementor-element-0715bae{--width:76.388%;}}@media(max-width:1024px){.elementor-widget-image .widget-image-caption{font-size:var( --e-global-typography-text-font-size );line-height:var( --e-global-typography-text-line-height );}.elementor-widget-text-editor{font-size:var( --e-global-typography-text-font-size );line-height:var( --e-global-typography-text-line-height );}}@media(max-width:767px){.elementor-widget-image .widget-image-caption{font-size:var( --e-global-typography-text-font-size );line-height:var( --e-global-typography-text-line-height );}.elementor-widget-text-editor{font-size:var( --e-global-typography-text-font-size );line-height:var( --e-global-typography-text-line-height );}}<\/style>\t\t<div data-elementor-type=\"wp-page\" data-elementor-id=\"1003\" class=\"elementor elementor-1003 elementor-535\">\n\t\t\t\t<div class=\"elementor-element elementor-element-e4090e4 e-flex e-con-boxed e-con e-parent\" data-id=\"e4090e4\" data-element_type=\"container\" data-e-type=\"container\" data-settings=\"{&quot;profecient_background_motion_effects_toggle&quot;:0,&quot;profecient_parallax_effects_toggle&quot;:0,&quot;profecient_mouse_effects_toggle&quot;:0}\">\n\t\t\t\t\t<div class=\"e-con-inner\">\n\t\t<div class=\"elementor-element elementor-element-9587296 e-con-full e-flex e-con e-child\" data-id=\"9587296\" data-element_type=\"container\" data-e-type=\"container\" data-settings=\"{&quot;profecient_background_motion_effects_toggle&quot;:0,&quot;profecient_parallax_effects_toggle&quot;:0,&quot;profecient_mouse_effects_toggle&quot;:0}\">\n\t\t\t\t<div class=\"elementor-element elementor-element-e6ebe35 elementor-widget elementor-widget-shortcode\" data-id=\"e6ebe35\" data-element_type=\"widget\" data-e-type=\"widget\" data-settings=\"{&quot;profecient_parallax_effects_toggle&quot;:0,&quot;profecient_mouse_effects_toggle&quot;:0}\" data-widget_type=\"shortcode.default\">\n\t\t\t\t<div class=\"elementor-widget-container\">\n\t\t\t\t\t\t\t<div class=\"elementor-shortcode\"><div id='iksm-657' class='iksm iksm-657 iksm-container '  data-id='657' data-is-pro='0' data-source='menu'><div class='iksm-terms'><div class='iksm-terms-tree iksm-terms-tree--level-1 iksm-terms-tree--parents' style=''><div class=\"iksm-terms-tree__inner\">\n        <div class=\"iksm-term iksm-term--id-651 iksm-term--parent\" data-id=\"651\">\n            <div class=\"iksm-term__inner\" tabindex='0'>\n                <a class=\"iksm-term__link\" href='https:\/\/evenos.com.tr\/fm200-hfc-227ea-sondurme-sistemi' target='_self' tabindex='-1'>\n\t\t\t\t        <span class=\"iksm-term__text\">FM200 Gazl\u0131 Yang\u0131n S\u00f6nd\u00fcrme Sistemi<\/span>\n\t\t            <\/a>\n\t\t\t        <\/div>\n\t\t        <\/div>\n\n\t\t\n        <div class=\"iksm-term iksm-term--id-650 iksm-term--parent\" data-id=\"650\">\n            <div class=\"iksm-term__inner\" tabindex='0'>\n                <a class=\"iksm-term__link\" href='https:\/\/evenos.com.tr\/novec-1230-fk-5-1-12-sondurme-sistemi' target='_self' tabindex='-1'>\n\t\t\t\t        <span class=\"iksm-term__text\">Novec 1230 Gazl\u0131 S\u00f6nd\u00fcrme Sistemi<\/span>\n\t\t            <\/a>\n\t\t\t        <\/div>\n\t\t        <\/div>\n\n\t\t\n        <div class=\"iksm-term iksm-term--id-648 iksm-term--parent\" data-id=\"648\">\n            <div class=\"iksm-term__inner\" tabindex='0'>\n                <a class=\"iksm-term__link\" href='https:\/\/evenos.com.tr\/pano-ici-sondurme-sistemi' target='_self' tabindex='-1'>\n\t\t\t\t        <span class=\"iksm-term__text\">Pano \u0130\u00e7i Yang\u0131n S\u00f6nd\u00fcrme Sistemi<\/span>\n\t\t            <\/a>\n\t\t\t        <\/div>\n\t\t        <\/div>\n\n\t\t\n        <div class=\"iksm-term iksm-term--id-649 iksm-term--parent\" data-id=\"649\">\n            <div class=\"iksm-term__inner\" tabindex='0'>\n                <a class=\"iksm-term__link\" href='https:\/\/evenos.com.tr\/inert-gazli-sondurme-sistemi' target='_self' tabindex='-1'>\n\t\t\t\t        <span class=\"iksm-term__text\">Inert (Argon) Gazl\u0131 Yang\u0131n S\u00f6nd\u00fcrme Sistemleri<\/span>\n\t\t            <\/a>\n\t\t\t        <\/div>\n\t\t        <\/div>\n\n\t\t<\/div><\/div><\/div><div id=\"iksm_data_args\" class=\"data-args\"  data-collapse_children_terms='1' data-collapse_other_terms='1' data-collapse_animation_duration='400' data-expand_animation_duration='400'><\/div><\/div><script id=\"styles-copier-69e72fe500761\">\n\t\t\t\/\/ Finding styles element\n\t        var element = document.getElementById(\"iksm-dynamic-style\");\n\t        if (!element) { \/\/ If no element (Cache plugins can remove tag), then creating a new one\n                element = document.createElement('style');\n                var head = document.getElementsByTagName(\"head\")\n                if (head && head[0]) {\n                \thead[0].appendChild(element);\n                } else {\n                  \tconsole.warn(\"Iks Menu | Error while printing styles. Please contact technical support.\");\n                }\n\t        }\n\t\t\t\/\/ Copying styles to <styles> tag\n\t        element.innerHTML += \".iksm-657 .iksm-terms{border-top-left-radius:8px;border-top-right-radius:8px;border-bottom-right-radius:8px;border-bottom-left-radius:8px;transition:all 400ms;animation:iks-fade-in 1000ms;}.iksm-657 .iksm-terms-tree--level-1 > * > .iksm-term:not(:last-child){margin-bottom:0;}.iksm-657 .iksm-term__inner{background-color:rgba(255,255,255,1);border-top-left-radius:8px;border-top-right-radius:8px;border-bottom-right-radius:8px;border-bottom-left-radius:8px;margin-top:5px;min-height:44px;transition:all 400ms;}.iksm-657 .iksm-term__inner:hover{background-color:rgba(236,236,236,1);}.iksm-657 .iksm-term--current > .iksm-term__inner{background-color:rgba(212,212,212,1);}.iksm-657 .iksm-term__link{color:rgba(0,0,0,1);font-size:15px;line-height:15px;font-weight:400;text-decoration:none;padding-top:5px;padding-right:15px;padding-bottom:5px;padding-left:15px;transition:all 400ms;}.iksm-657 .iksm-term__inner:hover .iksm-term__link{color:rgba(50,50,50,1);}.iksm-657 .iksm-term__toggle__inner{transition:transform 400ms}.iksm-657 .iksm-term--expanded > .iksm-term__inner > .iksm-term__toggle > .iksm-term__toggle__inner{transform:rotate(180deg);}.iksm-657 .iksm-term__toggle{color:rgba(133,133,133,1);font-size:22px;align-self:stretch;height:unset;;width:40px;transition:all 400ms;}.iksm-657 .iksm-term__toggle:hover{color:rgba(0,0,0,1);}.iksm-657 .iksm-term__image-container{width:30px;min-width:30px;height:30px;min-height:30px;margin-right:15px;transition:all 400ms;}.iksm-657 .iksm-term__image{background-size:contain;background-position:center;background-repeat:no-repeat;}.iksm-657 .iksm-term__image-container:hover{background-size:contain;background-position:center;background-repeat:no-repeat;}.iksm-657 .iksm-term__inner:hover .iksm-term__image-container{background-size:contain;background-position:center;background-repeat:no-repeat;}.iksm-657 .iksm-term__inner:focus .iksm-term__image-container{background-size:contain;background-position:center;background-repeat:no-repeat;}.iksm-657 .iksm-term--current > .iksm-term__inner .iksm-term__image-container{background-size:contain;background-position:center;background-repeat:no-repeat;}.iksm-657 .iksm-term--child .iksm-term__inner .iksm-term__image-container{background-size:contain;background-position:center;background-repeat:no-repeat;}.iksm-657 .iksm-term--child .iksm-term__inner .iksm-term__image-container:hover{background-size:contain;background-position:center;background-repeat:no-repeat;}.iksm-657 .iksm-term--child .iksm-term__inner .iksm-term__image-container:focus{background-size:contain;background-position:center;background-repeat:no-repeat;}.iksm-657 .iksm-term--child.iksm-term--current > .iksm-term__inner .iksm-term__image-container{background-size:contain;background-position:center;background-repeat:no-repeat;}.iksm-657  .iksm-term__text{flex: unset}.iksm-657 .iksm-term__posts-count{color:rgba(133,133,133,1);font-size:16px;margin-left:12px;font-weight:400;transition:all 400ms;}\";\n\t        \/\/ Removing this script\n            var this_script = document.getElementById(\"styles-copier-69e72fe500761\");\n            if (this_script) { \/\/ Cache plugins can remove tag\n\t            this_script.outerHTML = \"\";\n\t            if (this_script.parentNode) {\n\t                this_script.parentNode.removeChild(this_script);\n\t            }\n            }\n        <\/script><\/div>\n\t\t\t\t\t\t<\/div>\n\t\t\t\t<\/div>\n\t\t\t\t<\/div>\n\t\t<div class=\"elementor-element elementor-element-0715bae e-con-full e-flex e-con e-child\" data-id=\"0715bae\" data-element_type=\"container\" data-e-type=\"container\" data-settings=\"{&quot;profecient_background_motion_effects_toggle&quot;:0,&quot;profecient_parallax_effects_toggle&quot;:0,&quot;profecient_mouse_effects_toggle&quot;:0}\">\n\t\t\t\t<div class=\"elementor-element elementor-element-22f8975 elementor-widget elementor-widget-image\" data-id=\"22f8975\" data-element_type=\"widget\" data-e-type=\"widget\" data-settings=\"{&quot;profecient_parallax_effects_toggle&quot;:0,&quot;profecient_mouse_effects_toggle&quot;:0}\" data-widget_type=\"image.default\">\n\t\t\t\t<div class=\"elementor-widget-container\">\n\t\t\t\t\t\t\t\t\t\t\t\t\t\t\t<img fetchpriority=\"high\" decoding=\"async\" width=\"454\" height=\"303\" src=\"https:\/\/evenos.com.tr\/wp-content\/uploads\/2024\/07\/inert-gazli.jpg\" class=\"attachment-large size-large wp-image-851\" alt=\"inert gazl\u0131 s\u00f6nd\u00fcrme sistemleri\" srcset=\"https:\/\/evenos.com.tr\/wp-content\/uploads\/2024\/07\/inert-gazli.jpg 454w, https:\/\/evenos.com.tr\/wp-content\/uploads\/2024\/07\/inert-gazli-300x200.jpg 300w\" sizes=\"(max-width: 454px) 100vw, 454px\" \/>\t\t\t\t\t\t\t\t\t\t\t\t\t\t\t<\/div>\n\t\t\t\t<\/div>\n\t\t\t\t<div class=\"elementor-element elementor-element-b79cc79 elementor-widget elementor-widget-text-editor\" data-id=\"b79cc79\" data-element_type=\"widget\" data-e-type=\"widget\" data-settings=\"{&quot;profecient_parallax_effects_toggle&quot;:0,&quot;profecient_mouse_effects_toggle&quot;:0}\" data-widget_type=\"text-editor.default\">\n\t\t\t\t<div class=\"elementor-widget-container\">\n\t\t\t\t\t\t\t\t\t<h2><b>What are the Types of Inert Gas Extinguishing Systems?<\/b><\/h2><p style=\"font-weight: 400;\"><span style=\"font-weight: 400;\">Argon gas fire suppression systems are available in many different options.<br \/>Each type is known for its different extinguishing concentrations and physical properties.<br \/>At this stage, engineers determine the most ideal one among inert gas extinguishing systems according to the location to be applied and apply the most accurate design accordingly.<br \/>All calculations and designs must be carried out with approved hydraulic calculation programs.<br \/>Since alternatives can be provided according to the application area, choices should be made according to where the system will be used and the systems should be installed correctly. <\/span><\/p><p style=\"font-weight: 400;\"><span style=\"font-weight: 400;\">Inert gas extinguishing system types are as follows:<\/span><\/p><ul><li style=\"font-weight: 400;\" aria-level=\"1\"><span style=\"font-weight: 400;\">IG &#8211; 01: 100% Argon<\/span><\/li><li style=\"font-weight: 400;\" aria-level=\"1\"><span style=\"font-weight: 400;\">IG &#8211; 100: 100% Nitrogen<\/span><\/li><li style=\"font-weight: 400;\" aria-level=\"1\"><span style=\"font-weight: 400;\">IG &#8211; 55: 50% Nitrogen + 50% Argon (Argonite)<\/span><\/li><li style=\"font-weight: 400;\" aria-level=\"1\"><span style=\"font-weight: 400;\">IG &#8211; 541: 52% Nitrogen + 40% Argon + 8% Carbon dioxide (Inergen)<\/span><\/li><\/ul><p style=\"font-weight: 400;\"><span style=\"font-weight: 400;\">Expert and competent engineers decide which of these system types to use in line with their calculations.<\/span><\/p><h2><b>How is Inert Gas Extinguishing System Design?<\/b><\/h2><p style=\"font-weight: 400;\"><span style=\"font-weight: 400;\">There are many processes that need to be done in inert gas extinguishing system design.<br \/>The first of these processes is to determine the hazard class.<br \/>Determination of the correct design concentration by the designer and the amount of agent depends on knowing the hazard class.<br \/>There are three different classes in TS EN 15004-7, 8, 9, 10 standards.<br \/>These are; B class, surface A class and high hazard A class. <\/span><\/p><p style=\"font-weight: 400;\"><span style=\"font-weight: 400;\">The minimum design concentration of the hazard classes is used.<br \/>Then the amount of extinguishing gas required for a certain volume is calculated.<br \/>Then the minimum design percentages are determined according to the system types and hazard classes with four different types of argon-containing gases. <\/span><\/p><h2><b>What Should Be Considered When Using Argon Gas Extinguishing Systems?<\/b><\/h2><p style=\"font-weight: 400;\"><span style=\"font-weight: 400;\">These systems, which use argon and nitrogen gases as extinguishers, reduce the oxygen concentration.<br \/>In this way, it has the principle of stopping the fire.<br \/>The gas mixture or inert gas in the system reduces the oxygen concentration to a level where ignition cannot occur.<br \/>In this way, the fire is stopped.<br \/>The things to be considered in the use of argon gas extinguishing systems are as follows: <\/span><\/p><ul><li style=\"font-weight: 400;\" aria-level=\"1\"><span style=\"font-weight: 400;\">Sealing the pipeline is of utmost importance.<\/span><\/li><li style=\"font-weight: 400;\" aria-level=\"1\"><span style=\"font-weight: 400;\">The pipeline must be tested with nitrogen gas at a certain pressure value for a certain period of time.<\/span><\/li><li style=\"font-weight: 400;\" aria-level=\"1\"><span style=\"font-weight: 400;\">Piping should be done according to the projects verified in the hydraulic calculation program.<\/span><\/li><li style=\"font-weight: 400;\" aria-level=\"1\"><span style=\"font-weight: 400;\">Installation must be carried out by competent engineers and specialists.<br \/>Improper installation of any fastener may cause a negative impact on gas distribution. <\/span><\/li><li style=\"font-weight: 400;\" aria-level=\"1\"><span style=\"font-weight: 400;\">Pipes and fittings must be used in accordance with the pressure class.<\/span><\/li><li style=\"font-weight: 400;\" aria-level=\"1\"><span style=\"font-weight: 400;\">The room must be absolutely sealed.<\/span><\/li><li style=\"font-weight: 400;\" aria-level=\"1\"><span style=\"font-weight: 400;\">The amount of gas must be calculated in accordance with the standards.<\/span><\/li><li style=\"font-weight: 400;\" aria-level=\"1\"><span style=\"font-weight: 400;\">Openings at cable and pipe passage points must be closed.<\/span><\/li><li style=\"font-weight: 400;\" aria-level=\"1\"><span style=\"font-weight: 400;\">Grilles and openings to ventilation ducts should be checked and closed with the help of automatic dampers.<\/span><\/li><li style=\"font-weight: 400;\" aria-level=\"1\"><span style=\"font-weight: 400;\">Failure to ensure tightness may cause re-ignition of an extinguished fire.<\/span><\/li><li style=\"font-weight: 400;\" aria-level=\"1\"><span style=\"font-weight: 400;\">Since it is important that the gas remains in the room for 10 minutes, Door-fan Room Tightness Test should be performed.<\/span><\/li><\/ul><p style=\"font-weight: 400;\"><span style=\"font-weight: 400;\">It is very important that experts play an active role in all these transactions and that experts approve the transactions made.<\/span><\/p><p style=\"font-weight: 400;\"><a href=\"https:\/\/evenos.com.tr\/hizmetler\"><b>Evenos&#8217; competent staff<\/b><\/a><span style=\"font-weight: 400;\"> You can also benefit from the highest level of security with inert gas extinguishing systems, which are installed and maintained by the company and provide problem-free use with regular customer information.<\/span><\/p><h2><b>How Do Inert Gas Extinguishing Systems Work?<\/b><\/h2><p style=\"font-weight: 400;\"><span style=\"font-weight: 400;\">Inert gas extinguishing systems, also known as argon gas extinguishing, are known for addressing all basic fire classes and for being safe and clean.<br \/>Argon gas is found naturally in nature.<br \/>Therefore, it does not have any ozone depleting effect. <\/span><\/p><p style=\"font-weight: 400;\"><span style=\"font-weight: 400;\">Inert gas extinguishing systems that do not harm the environment; Since they are natural, that is, non-chemical gases, they do not have a recycling period in the atmosphere.<br \/>The basic principle of these systems in extinguishing the fire is to reduce the amount of oxygen in the environment.<br \/>Inert gas extinguishing systems that reduce the extinguishing concentration below 15% end the combustion with oxygen deficiency.<br \/>As long as hydraulic calculations allow, inert gas extinguishing systems can protect a large number of rooms in the location. <\/span><\/p><h2><b>Which Gases Do Inert Gas Extinguishing Systems Consist of?<\/b><\/h2><p style=\"font-weight: 400;\"><span style=\"font-weight: 400;\">Inert gas extinguishing systems consist of argon, argonite, nitrogen and inergene gases.<\/span><\/p><h2><b>Is There Any Drawback to Using Inert Gas Extinguishing Systems?<\/b><\/h2><p style=\"font-weight: 400;\">Inert gas extinguishing systems are especially preferred in places with large volumes and are known for their cleanliness, applicability and economy.<br \/>Therefore, there are no drawbacks as long as the things to be considered in their use are complied with.<\/p>\t\t\t\t\t\t\t\t<\/div>\n\t\t\t\t<\/div>\n\t\t\t\t<div class=\"elementor-element elementor-element-7f6310a elementor-widget elementor-widget-jkit_button\" data-id=\"7f6310a\" data-element_type=\"widget\" data-e-type=\"widget\" data-settings=\"{&quot;profecient_parallax_effects_toggle&quot;:0,&quot;profecient_mouse_effects_toggle&quot;:0}\" data-widget_type=\"jkit_button.default\">\n\t\t\t\t<div class=\"elementor-widget-container\">\n\t\t\t\t\t<div  class=\"jeg-elementor-kit jkit-button  icon-position-after jeg_module___69e72fe5022ea\" ><a href=\"https:\/\/evenos.com.tr\/en\/contact\" class=\"jkit-button-wrapper\">Discover Now<i aria-hidden=\"true\" class=\"jki jki-arrow-up-right-line\"><\/i><\/a><\/div>\t\t\t\t<\/div>\n\t\t\t\t<\/div>\n\t\t\t\t<\/div>\n\t\t\t\t\t<\/div>\n\t\t\t\t<\/div>\n\t\t\t\t<\/div>\n\t\t","protected":false},"excerpt":{"rendered":"<p>What are the Types of Inert Gas Extinguishing Systems? Argon gas fire suppression systems are available in many different options.Each type is known for its different extinguishing concentrations and physical properties.At this stage, engineers determine the most ideal one among inert gas extinguishing systems according to the location to be applied and apply the most [&hellip;]<\/p>\n","protected":false},"author":1,"featured_media":0,"parent":0,"menu_order":0,"comment_status":"closed","ping_status":"closed","template":"","meta":{"footnotes":""},"class_list":["post-1003","page","type-page","status-publish","hentry"],"_links":{"self":[{"href":"https:\/\/evenos.com.tr\/en\/wp-json\/wp\/v2\/pages\/1003","targetHints":{"allow":["GET"]}}],"collection":[{"href":"https:\/\/evenos.com.tr\/en\/wp-json\/wp\/v2\/pages"}],"about":[{"href":"https:\/\/evenos.com.tr\/en\/wp-json\/wp\/v2\/types\/page"}],"author":[{"embeddable":true,"href":"https:\/\/evenos.com.tr\/en\/wp-json\/wp\/v2\/users\/1"}],"replies":[{"embeddable":true,"href":"https:\/\/evenos.com.tr\/en\/wp-json\/wp\/v2\/comments?post=1003"}],"version-history":[{"count":16,"href":"https:\/\/evenos.com.tr\/en\/wp-json\/wp\/v2\/pages\/1003\/revisions"}],"predecessor-version":[{"id":2562,"href":"https:\/\/evenos.com.tr\/en\/wp-json\/wp\/v2\/pages\/1003\/revisions\/2562"}],"wp:attachment":[{"href":"https:\/\/evenos.com.tr\/en\/wp-json\/wp\/v2\/media?parent=1003"}],"curies":[{"name":"wp","href":"https:\/\/api.w.org\/{rel}","templated":true}]}}