{"id":1002,"date":"2024-07-30T11:40:28","date_gmt":"2024-07-30T08:40:28","guid":{"rendered":"https:\/\/evenos.com.tr\/dust-explosions-fire-safety-systems\/"},"modified":"2024-10-18T11:24:03","modified_gmt":"2024-10-18T08:24:03","slug":"explosion-protection-spark-detection","status":"publish","type":"page","link":"https:\/\/evenos.com.tr\/en\/explosion-protection-spark-detection","title":{"rendered":"Explosion Protection Systems"},"content":{"rendered":"<style>.elementor-1002 .elementor-element.elementor-element-e4090e4{--display:flex;--flex-direction:row;--container-widget-width:initial;--container-widget-height:100%;--container-widget-flex-grow:1;--container-widget-align-self:stretch;--flex-wrap-mobile:wrap;--gap:0px 0px;--row-gap:0px;--column-gap:0px;}.elementor-1002 .elementor-element.elementor-element-0715bae{--display:flex;--flex-direction:column;--container-widget-width:100%;--container-widget-height:initial;--container-widget-flex-grow:0;--container-widget-align-self:initial;--flex-wrap-mobile:wrap;}.elementor-1002 .elementor-element.elementor-element-0715bae.e-con{--flex-grow:0;--flex-shrink:0;}.elementor-widget-image .widget-image-caption{font-family:var( --e-global-typography-text-font-family ), Sans-serif;font-size:var( --e-global-typography-text-font-size );font-weight:var( --e-global-typography-text-font-weight );line-height:var( --e-global-typography-text-line-height );}.elementor-1002 .elementor-element.elementor-element-22f8975 img{width:100%;}.elementor-widget-text-editor{font-family:var( --e-global-typography-text-font-family ), Sans-serif;font-size:var( --e-global-typography-text-font-size );font-weight:var( --e-global-typography-text-font-weight );line-height:var( --e-global-typography-text-line-height );}.elementor-1002 .elementor-element.elementor-element-7f6310a .jeg-elementor-kit.jkit-button{text-align:left;}.elementor-1002 .elementor-element.elementor-element-7f6310a .jeg-elementor-kit.jkit-button .jkit-button-wrapper{color:#FFFFFF;background-color:var( --e-global-color-accent );}.elementor-1002 .elementor-element.elementor-element-7f6310a .jeg-elementor-kit.jkit-button .jkit-button-wrapper svg{fill:#FFFFFF;}.elementor-1002 .elementor-element.elementor-element-7f6310a .jeg-elementor-kit.jkit-button .jkit-button-wrapper:not(.hover-gradient):hover, .elementor-1002 .elementor-element.elementor-element-7f6310a .jeg-elementor-kit.jkit-button .jkit-button-wrapper.hover-gradient:before{background-color:var( --e-global-color-primary );}.elementor-1002 .elementor-element.elementor-element-7f6310a .jeg-elementor-kit.jkit-button.icon-position-before .jkit-button-wrapper i, .elementor-1002 .elementor-element.elementor-element-7f6310a .jeg-elementor-kit.jkit-button.icon-position-before .jkit-button-wrapper svg{margin-right:5px;}.elementor-1002 .elementor-element.elementor-element-7f6310a .jeg-elementor-kit.jkit-button.icon-position-after .jkit-button-wrapper i, .elementor-1002 .elementor-element.elementor-element-7f6310a .jeg-elementor-kit.jkit-button.icon-position-after .jkit-button-wrapper svg{margin-left:5px;}@media(min-width:768px){.elementor-1002 .elementor-element.elementor-element-0715bae{--width:100%;}}@media(max-width:1024px){.elementor-widget-image .widget-image-caption{font-size:var( --e-global-typography-text-font-size );line-height:var( --e-global-typography-text-line-height );}.elementor-widget-text-editor{font-size:var( --e-global-typography-text-font-size );line-height:var( --e-global-typography-text-line-height );}}@media(max-width:767px){.elementor-widget-image .widget-image-caption{font-size:var( --e-global-typography-text-font-size );line-height:var( --e-global-typography-text-line-height );}.elementor-widget-text-editor{font-size:var( --e-global-typography-text-font-size );line-height:var( --e-global-typography-text-line-height );}}<\/style>\t\t<div data-elementor-type=\"wp-page\" data-elementor-id=\"1002\" class=\"elementor elementor-1002 elementor-568\">\n\t\t\t\t<div class=\"elementor-element elementor-element-e4090e4 e-flex e-con-boxed e-con e-parent\" data-id=\"e4090e4\" data-element_type=\"container\" data-e-type=\"container\" data-settings=\"{&quot;profecient_background_motion_effects_toggle&quot;:0,&quot;profecient_parallax_effects_toggle&quot;:0,&quot;profecient_mouse_effects_toggle&quot;:0}\">\n\t\t\t\t\t<div class=\"e-con-inner\">\n\t\t<div class=\"elementor-element elementor-element-0715bae e-con-full e-flex e-con e-child\" data-id=\"0715bae\" data-element_type=\"container\" data-e-type=\"container\" data-settings=\"{&quot;profecient_background_motion_effects_toggle&quot;:0,&quot;profecient_parallax_effects_toggle&quot;:0,&quot;profecient_mouse_effects_toggle&quot;:0}\">\n\t\t\t\t<div class=\"elementor-element elementor-element-22f8975 elementor-widget elementor-widget-image\" data-id=\"22f8975\" data-element_type=\"widget\" data-e-type=\"widget\" data-settings=\"{&quot;profecient_parallax_effects_toggle&quot;:0,&quot;profecient_mouse_effects_toggle&quot;:0}\" data-widget_type=\"image.default\">\n\t\t\t\t<div class=\"elementor-widget-container\">\n\t\t\t\t\t\t\t\t\t\t\t\t\t\t\t<img fetchpriority=\"high\" decoding=\"async\" width=\"960\" height=\"533\" src=\"https:\/\/evenos.com.tr\/wp-content\/uploads\/2024\/07\/patlama-guvenlik-1024x568.jpg\" class=\"attachment-large size-large wp-image-856\" alt=\"patlama g\u00fcvenlik sistemleri\" srcset=\"https:\/\/evenos.com.tr\/wp-content\/uploads\/2024\/07\/patlama-guvenlik-1024x568.jpg 1024w, https:\/\/evenos.com.tr\/wp-content\/uploads\/2024\/07\/patlama-guvenlik-300x166.jpg 300w, https:\/\/evenos.com.tr\/wp-content\/uploads\/2024\/07\/patlama-guvenlik-768x426.jpg 768w, https:\/\/evenos.com.tr\/wp-content\/uploads\/2024\/07\/patlama-guvenlik.jpg 1325w\" sizes=\"(max-width: 960px) 100vw, 960px\" \/>\t\t\t\t\t\t\t\t\t\t\t\t\t\t\t<\/div>\n\t\t\t\t<\/div>\n\t\t\t\t<div class=\"elementor-element elementor-element-b79cc79 elementor-widget elementor-widget-text-editor\" data-id=\"b79cc79\" data-element_type=\"widget\" data-e-type=\"widget\" data-settings=\"{&quot;profecient_parallax_effects_toggle&quot;:0,&quot;profecient_mouse_effects_toggle&quot;:0}\" data-widget_type=\"text-editor.default\">\n\t\t\t\t<div class=\"elementor-widget-container\">\n\t\t\t\t\t\t\t\t\t<h3><b>Explosion Safety &#8211; Spark Detection<\/b><\/h3>\n<p style=\"font-weight: 400;\"><span style=\"font-weight: 400;\">Especially in industrial facilities, dust explosions are the factors that carry the greatest risk along with fire.<br \/>\nThe food, chipboard, and paper industries, as well as the automotive, chemical and pharmaceutical sectors, are sectors where the risk of explosion is at a maximum and where possible explosions can lead to major losses in the facilities if precautions are not taken. <\/span><\/p>\n<p style=\"font-weight: 400;\"><span style=\"font-weight: 400;\">It is inevitable to minimize the explosion risks in the industry and to take precautions in this context. In this context, Evenos Yang\u0131n G\u00fcvenlik Sistemleri A.\u015e. attaches great importance to the integration of explosion safety systems into the industry and in this context, we provide our customers with first-class high quality products in line with international standards.<\/span><\/p>\n<p style=\"font-weight: 400;\"><span style=\"font-weight: 400;\">With the long years of experience of the companies we distribute; systems and equipment we serve in the field of explosion safety;<\/span><\/p>\n<ul style=\"font-weight: 400;\">\n<li style=\"font-weight: 400;\" aria-level=\"1\"><span style=\"font-weight: 400;\">Explosion Damping Systems<\/span><\/li>\n<li style=\"font-weight: 400;\" aria-level=\"1\"><span style=\"font-weight: 400;\">Explosion Covers<\/span><\/li>\n<li style=\"font-weight: 400;\" aria-level=\"1\"><span style=\"font-weight: 400;\">Flameless Blast Caps<\/span><\/li>\n<li style=\"font-weight: 400;\" aria-level=\"1\"><span style=\"font-weight: 400;\">Explosion Isolation Systems &#8211; Explosion isolation<\/span><\/li>\n<li style=\"font-weight: 400;\" aria-level=\"1\"><span style=\"font-weight: 400;\">Spark Detection Systems &#8211; Spark Extinguishing Systems<\/span><\/li>\n<\/ul>\n<p style=\"font-weight: 400;\"><span style=\"font-weight: 400;\">Explosion damping systems are systems that chemically dampen the explosion with the help of the sensor and extinguishing elements in the system at the moment of explosion.<\/span><\/p>\n<p style=\"font-weight: 400;\"><span style=\"font-weight: 400;\">Explosion caps are equipment used to provide the evacuation of expanding gases in a volume in planned ways.<br \/>\nIf these covers are located in a dangerous and human place, it is essential to use flame-retardant explosion covers.<br \/>\nTherefore, they are explosion evacuation systems equipment.<br \/>\nWith the advantage of having a wide range of products in various types and sizes, various solutions can be offered for many volumes and silos.   <\/span><\/p>\n<p style=\"font-weight: 400;\"><span style=\"font-weight: 400;\">Explosion isolation systems are systems that prevent an explosion from moving to another part of the process with pneumatic and mechanical equipment.<\/span><\/p>\n<p style=\"font-weight: 400;\"><span style=\"font-weight: 400;\">Each of the systems that can be examined under 3 headings as explosion damping systems, explosion evacuation systems and explosion isolation systems are of great importance for explosion safety and are among the indispensable systems for the safety of industrial facilities.<\/span><\/p>\n<p style=\"font-weight: 400;\"><span style=\"font-weight: 400;\">In addition, spark detectors, spark extinguishing systems and spark detection systems are used to detect and suppress sparks and high energy, charged particles that may occur in the relevant channels.<\/span><\/p>\n<p style=\"font-weight: 400;\"><span style=\"font-weight: 400;\">Main sectors where systems are needed;<\/span><\/p>\n<ul style=\"font-weight: 400;\">\n<li style=\"font-weight: 400;\" aria-level=\"1\"><span style=\"font-weight: 400;\">Food<\/span><\/li>\n<li style=\"font-weight: 400;\" aria-level=\"1\"><span style=\"font-weight: 400;\">Wood and paper<\/span><\/li>\n<li style=\"font-weight: 400;\" aria-level=\"1\"><span style=\"font-weight: 400;\">Iron Steel<\/span><\/li>\n<li style=\"font-weight: 400;\" aria-level=\"1\"><span style=\"font-weight: 400;\">Oil and gas<\/span><\/li>\n<li style=\"font-weight: 400;\" aria-level=\"1\"><span style=\"font-weight: 400;\">Chemistry Petreochemistry<\/span><\/li>\n<li style=\"font-weight: 400;\" aria-level=\"1\"><span style=\"font-weight: 400;\">Energy<\/span><\/li>\n<\/ul>\n<p>As Evenos A.\u015e., all operations related to the explosion safety systems that we engineer, install and commission are carried out together with EVENOS and manufacturer company personnel. After the installation, the necessary trainings are given to the end user for the operation phase through the manufacturer and EVENOS personnel. All maintenance of the systems are carried out periodically by EVENOS Yang\u0131n G\u00fcvenlik Sistemleri A.\u015e.<\/p>\n\t\t\t\t\t\t\t\t<\/div>\n\t\t\t\t<\/div>\n\t\t\t\t<div class=\"elementor-element elementor-element-7f6310a elementor-widget elementor-widget-jkit_button\" data-id=\"7f6310a\" data-element_type=\"widget\" data-e-type=\"widget\" data-settings=\"{&quot;profecient_parallax_effects_toggle&quot;:0,&quot;profecient_mouse_effects_toggle&quot;:0}\" data-widget_type=\"jkit_button.default\">\n\t\t\t\t<div class=\"elementor-widget-container\">\n\t\t\t\t\t<div  class=\"jeg-elementor-kit jkit-button  icon-position-after jeg_module___69f4830b1f6a5\" ><a href=\"https:\/\/evenos.com.tr\/en\/contact\" class=\"jkit-button-wrapper\">Discover Now<i aria-hidden=\"true\" class=\"jki jki-arrow-up-right-line\"><\/i><\/a><\/div>\t\t\t\t<\/div>\n\t\t\t\t<\/div>\n\t\t\t\t<\/div>\n\t\t\t\t\t<\/div>\n\t\t\t\t<\/div>\n\t\t\t\t<\/div>\n\t\t","protected":false},"excerpt":{"rendered":"<p>Explosion Safety &#8211; Spark Detection Especially in industrial facilities, dust explosions are the factors that carry the greatest risk along with fire. The food, chipboard, and paper industries, as well as the automotive, chemical and pharmaceutical sectors, are sectors where the risk of explosion is at a maximum and where possible explosions can lead to [&hellip;]<\/p>\n","protected":false},"author":1,"featured_media":0,"parent":0,"menu_order":0,"comment_status":"closed","ping_status":"closed","template":"","meta":{"footnotes":""},"class_list":["post-1002","page","type-page","status-publish","hentry"],"_links":{"self":[{"href":"https:\/\/evenos.com.tr\/en\/wp-json\/wp\/v2\/pages\/1002","targetHints":{"allow":["GET"]}}],"collection":[{"href":"https:\/\/evenos.com.tr\/en\/wp-json\/wp\/v2\/pages"}],"about":[{"href":"https:\/\/evenos.com.tr\/en\/wp-json\/wp\/v2\/types\/page"}],"author":[{"embeddable":true,"href":"https:\/\/evenos.com.tr\/en\/wp-json\/wp\/v2\/users\/1"}],"replies":[{"embeddable":true,"href":"https:\/\/evenos.com.tr\/en\/wp-json\/wp\/v2\/comments?post=1002"}],"version-history":[{"count":9,"href":"https:\/\/evenos.com.tr\/en\/wp-json\/wp\/v2\/pages\/1002\/revisions"}],"predecessor-version":[{"id":2140,"href":"https:\/\/evenos.com.tr\/en\/wp-json\/wp\/v2\/pages\/1002\/revisions\/2140"}],"wp:attachment":[{"href":"https:\/\/evenos.com.tr\/en\/wp-json\/wp\/v2\/media?parent=1002"}],"curies":[{"name":"wp","href":"https:\/\/api.w.org\/{rel}","templated":true}]}}